{"id":246853,"date":"2022-10-21T02:41:13","date_gmt":"2022-10-21T00:41:13","guid":{"rendered":"http:\/\/dev.claret.cat\/producte\/novembre\/"},"modified":"2025-01-31T21:00:55","modified_gmt":"2025-01-31T20:00:55","slug":"novembre-9788424655822","status":"publish","type":"product","link":"https:\/\/www.claret.cat\/es\/libro\/novembre-9788424655822\/","title":{"rendered":"NOVEMBRE"},"content":{"rendered":"<p>Nou format de la col\u00b7lecci\u00f3 &#8221;El meu mes&#8221;, un dels best-sellers de la Galera amb m\u00e9s de 200.000 exemplars venuts.&lt;BR&gt;&lt;BR&gt;Aquest t\u00edtol forma part d&#8221;una col\u00b7lecci\u00f3 de 12 llibres destinada als m\u00e9s petits de casa, amb informaci\u00f3 molt senzilla i entenedora sobre el mes en qu\u00e8 fan anys: amb refranys, endevinalles, poemes i can\u00e7ons. Pensats perqu\u00e8 nens i nenes coneguin els mesos de l&#8221;any, els seus paisatges i les seves festes i tradicions.<\/p>\n","protected":false},"excerpt":{"rendered":"<p>ESPOT, LAURA \/ MONSERRAT, DAVID \/ TORT, ELISABETH<\/p>\n","protected":false},"featured_media":246854,"template":"","meta":{"_acf_changed":false,"om_disable_all_campaigns":false,"rs_blank_template":"","rs_page_bg_color":"","slide_template_v7":"","inline_featured_image":false,"_monsterinsights_skip_tracking":false,"_monsterinsights_sitenote_active":false,"_monsterinsights_sitenote_note":"","_monsterinsights_sitenote_category":0},"product_brand":[],"product_cat":[136,366],"product_tag":[],"class_list":{"0":"post-246853","1":"product","2":"type-product","3":"status-publish","4":"has-post-thumbnail","6":"product_cat-jocs-destimulacio","7":"product_cat-juegos-de-estimulacion","9":"first","10":"instock","11":"taxable","12":"shipping-taxable","13":"purchasable","14":"product-type-simple"},"acf":{"autor":"ESPOT, LAURA \/ MONSERRAT, DAVID \/ TORT, ELISABETH","codart":"842465582","libros-coleccion":"","ediciones":"1","encuadernacion":"R\u00fastica","fecha_de_publicacion":"01\/10\/2015","novedad":"0","paginas":"30","subtitulo":"","orden":"999","portada":"0","idioma":"cat","editorial":[{"ID":148361,"post_author":"3","post_date":"2022-10-14 11:57:38","post_date_gmt":"2022-10-14 09:57:38","post_content":"","post_title":"LA GALERA, S.A. EDITORIAL","post_excerpt":"","post_status":"publish","comment_status":"closed","ping_status":"closed","post_password":"","post_name":"la-galera-s-a-editorial","to_ping":"","pinged":"","post_modified":"2022-10-14 11:57:38","post_modified_gmt":"2022-10-14 09:57:38","post_content_filtered":"","post_parent":0,"guid":"http:\/\/dev.claret.cat\/editorial\/la-galera-s-a-editorial\/","menu_order":0,"post_type":"editorial","post_mime_type":"","comment_count":"0","filter":"raw"}],"autores-libros":[{"ID":161936,"post_author":"3","post_date":"2022-10-14 17:27:03","post_date_gmt":"2022-10-14 15:27:03","post_content":"","post_title":"LAURA ESPOT","post_excerpt":"","post_status":"publish","comment_status":"closed","ping_status":"closed","post_password":"","post_name":"laura-espot","to_ping":"","pinged":"","post_modified":"2022-10-14 17:27:03","post_modified_gmt":"2022-10-14 15:27:03","post_content_filtered":"","post_parent":0,"guid":"http:\/\/dev.claret.cat\/autor\/laura-espot\/","menu_order":0,"post_type":"autor","post_mime_type":"","comment_count":"0","filter":"raw"},{"ID":153900,"post_author":"3","post_date":"2022-10-14 15:00:27","post_date_gmt":"2022-10-14 13:00:27","post_content":"","post_title":"DAVID MONSERRAT","post_excerpt":"","post_status":"publish","comment_status":"closed","ping_status":"closed","post_password":"","post_name":"david-monserrat","to_ping":"","pinged":"","post_modified":"2022-10-14 15:00:27","post_modified_gmt":"2022-10-14 13:00:27","post_content_filtered":"","post_parent":0,"guid":"http:\/\/dev.claret.cat\/autor\/david-monserrat\/","menu_order":0,"post_type":"autor","post_mime_type":"","comment_count":"0","filter":"raw"},{"ID":154826,"post_author":"3","post_date":"2022-10-14 15:07:57","post_date_gmt":"2022-10-14 13:07:57","post_content":"","post_title":"ELISABETH TORT","post_excerpt":"","post_status":"publish","comment_status":"closed","ping_status":"closed","post_password":"","post_name":"elisabeth-tort","to_ping":"","pinged":"","post_modified":"2022-10-14 15:07:57","post_modified_gmt":"2022-10-14 13:07:57","post_content_filtered":"","post_parent":0,"guid":"http:\/\/dev.claret.cat\/autor\/elisabeth-tort\/","menu_order":0,"post_type":"autor","post_mime_type":"","comment_count":"0","filter":"raw"}]},"aioseo_notices":[],"_links":{"self":[{"href":"https:\/\/www.claret.cat\/es\/wp-json\/wp\/v2\/product\/246853","targetHints":{"allow":["GET"]}}],"collection":[{"href":"https:\/\/www.claret.cat\/es\/wp-json\/wp\/v2\/product"}],"about":[{"href":"https:\/\/www.claret.cat\/es\/wp-json\/wp\/v2\/types\/product"}],"wp:featuredmedia":[{"embeddable":true,"href":"https:\/\/www.claret.cat\/es\/wp-json\/wp\/v2\/media\/246854"}],"wp:attachment":[{"href":"https:\/\/www.claret.cat\/es\/wp-json\/wp\/v2\/media?parent=246853"}],"wp:term":[{"taxonomy":"product_brand","embeddable":true,"href":"https:\/\/www.claret.cat\/es\/wp-json\/wp\/v2\/product_brand?post=246853"},{"taxonomy":"product_cat","embeddable":true,"href":"https:\/\/www.claret.cat\/es\/wp-json\/wp\/v2\/product_cat?post=246853"},{"taxonomy":"product_tag","embeddable":true,"href":"https:\/\/www.claret.cat\/es\/wp-json\/wp\/v2\/product_tag?post=246853"}],"curies":[{"name":"wp","href":"https:\/\/api.w.org\/{rel}","templated":true}]}}