{"id":246868,"date":"2022-10-21T02:41:35","date_gmt":"2022-10-21T00:41:35","guid":{"rendered":"http:\/\/dev.claret.cat\/producte\/divertidas-figuras-de-papel-para-decorar-la-casa-en-navidad\/"},"modified":"2023-01-28T12:44:07","modified_gmt":"2023-01-28T11:44:07","slug":"divertidas-figuras-de-papel-para-decorar-la-casa-en-navidad-9788498744910","status":"publish","type":"product","link":"https:\/\/www.claret.cat\/es\/libro\/divertidas-figuras-de-papel-para-decorar-la-casa-en-navidad-9788498744910\/","title":{"rendered":"DIVERTIDAS FIGURAS DE PAPEL PARA DECORAR LA CASA EN NAVIDAD"},"content":{"rendered":"<p>Decorar la casa en Navidad con figuras de papel.<\/p>\n<p> De una forma sencilla y divertida, con las instrucciones paso a paso y<br \/> los patrones, hasta los m\u00e1s peque\u00f1os podr\u00e1n decorar la casa en Navidad.<br \/> Con figuras de papel con formas muy alegres y simp\u00e1ticas como son:<br \/> Pap\u00e1 Noel, duendes, mu\u00f1ecos de nieve, alces, matrioskas y muchas m\u00e1s.<\/p>\n<p> &#8211; Nuevas ideas para realizar guirnaldas, mu\u00f1ecos y figuras<\/p>\n<p> &#8211; Originales adornos navide\u00f1os e invernales para alegrar la casa<\/p>\n<p> &#8211; 15 creativos proyectos explicados paso a paso y con sus patrones<\/p>\n<p> Christiane Steffan naci\u00f3 en 1971 y actualmente vive con su esposo,<br \/> sus liebres y gallinas en Odenw ald. Le encantan las cosas coloridas y<br \/> divertidas y siempr e le ha gustado pintar y hacer manualidades<br \/> creativas. Se contagi\u00f3 definitivamente del virus de las<br \/> manualidades mientras realizaba un periodo de formaci\u00f3n en el<br \/> departamento de manualidades de unos grandes almacenes.<br \/> Desde 2001 publica libros de manualidades creativas sobre<br \/> diferentes temas, especialmente las realizadas con papel.<\/p>\n","protected":false},"excerpt":{"rendered":"<p>STEFFAN, CHRISTIANE<\/p>\n","protected":false},"featured_media":246869,"template":"","meta":{"_acf_changed":false,"om_disable_all_campaigns":false,"rs_blank_template":"","rs_page_bg_color":"","slide_template_v7":"","inline_featured_image":false,"_monsterinsights_skip_tracking":false,"_monsterinsights_sitenote_active":false,"_monsterinsights_sitenote_note":"","_monsterinsights_sitenote_category":0},"product_brand":[],"product_cat":[16],"product_tag":[],"class_list":{"0":"post-246868","1":"product","2":"type-product","3":"status-publish","4":"has-post-thumbnail","6":"product_cat-sense-categoria","8":"first","9":"instock","10":"taxable","11":"shipping-taxable","12":"purchasable","13":"product-type-simple"},"acf":{"autor":"STEFFAN, CHRISTIANE","codart":"849874491","libros-coleccion":"","ediciones":"1","encuadernacion":"Carpeta","fecha_de_publicacion":"01\/10\/2015","novedad":"0","paginas":"32","subtitulo":"CON PATRONES PARA REALIZAR 15 PROYECTOS","orden":"999","portada":"0","idioma":"spa"},"aioseo_notices":[],"_links":{"self":[{"href":"https:\/\/www.claret.cat\/es\/wp-json\/wp\/v2\/product\/246868","targetHints":{"allow":["GET"]}}],"collection":[{"href":"https:\/\/www.claret.cat\/es\/wp-json\/wp\/v2\/product"}],"about":[{"href":"https:\/\/www.claret.cat\/es\/wp-json\/wp\/v2\/types\/product"}],"wp:featuredmedia":[{"embeddable":true,"href":"https:\/\/www.claret.cat\/es\/wp-json\/wp\/v2\/media\/246869"}],"wp:attachment":[{"href":"https:\/\/www.claret.cat\/es\/wp-json\/wp\/v2\/media?parent=246868"}],"wp:term":[{"taxonomy":"product_brand","embeddable":true,"href":"https:\/\/www.claret.cat\/es\/wp-json\/wp\/v2\/product_brand?post=246868"},{"taxonomy":"product_cat","embeddable":true,"href":"https:\/\/www.claret.cat\/es\/wp-json\/wp\/v2\/product_cat?post=246868"},{"taxonomy":"product_tag","embeddable":true,"href":"https:\/\/www.claret.cat\/es\/wp-json\/wp\/v2\/product_tag?post=246868"}],"curies":[{"name":"wp","href":"https:\/\/api.w.org\/{rel}","templated":true}]}}