{"id":247049,"date":"2022-10-21T02:46:00","date_gmt":"2022-10-21T00:46:00","guid":{"rendered":"http:\/\/dev.claret.cat\/producte\/sota-lasfalt\/"},"modified":"2025-05-02T11:20:34","modified_gmt":"2025-05-02T09:20:34","slug":"sota-lasfalt-9788482647906","status":"publish","type":"product","link":"https:\/\/www.claret.cat\/es\/libro\/sota-lasfalt-9788482647906\/","title":{"rendered":"SOTA L&#8217;ASFALT"},"content":{"rendered":"<p>Un malson en espiral descendent, salpebrat d&#8221;erotisme, humor i violencia A Barcelona, cada dia, m\u00e9s d&#8221;un<br \/> mili\u00f3 d&#8221;usuaris recorren els cent vint-i-tres quil\u00f2metres de vies de la xarxa de metro. Un d&#8221;aquests \u00e9s el Mar\u00e7al, un<br \/> noi de vint-i-set anys que un dijous al vespre surt de casa decidit a trobar el seu pare. La nit ser\u00e0 llarga. La<br \/> recerca, intensa. Les amistats, perilloses. Qu\u00e8 pot arribar a ocultar la gruixuda capa d&#8221;asfalt que ens a\u00eflla de la<br \/> foscor del subs\u00f2l? Qu\u00e8 hi ha de cert i qu\u00e8 \u00e9s llegenda urbana en el laberint de vies, t\u00fanels i estacions? PREPARA&#8221;T PER<br \/> AL VIATGE M\u00c9S NEGRE PEL METRO DE BARCELONA<\/p>\n","protected":false},"excerpt":{"rendered":"<p>LLORT , LLUIS<\/p>\n","protected":false},"featured_media":1019650,"template":"","meta":{"_acf_changed":false,"om_disable_all_campaigns":false,"rs_blank_template":"","rs_page_bg_color":"","slide_template_v7":"","inline_featured_image":false,"_monsterinsights_skip_tracking":false,"_monsterinsights_sitenote_active":false,"_monsterinsights_sitenote_note":"","_monsterinsights_sitenote_category":0},"product_brand":[],"product_cat":[127,357],"product_tag":[],"class_list":{"0":"post-247049","1":"product","2":"type-product","3":"status-publish","4":"has-post-thumbnail","6":"product_cat-novella-contemporania","7":"product_cat-novela-contemporanea","9":"first","10":"outofstock","11":"taxable","12":"shipping-taxable","13":"purchasable","14":"product-type-simple"},"acf":{"autor":"LLORT , LLUIS","codart":"848264790","libros-coleccion":"","ediciones":"1","encuadernacion":"R\u00fastica","fecha_de_publicacion":"01\/10\/2015","novedad":"0","paginas":"190","subtitulo":"","orden":"999","portada":"0","idioma":"cat","editorial":[{"ID":8268,"post_author":"3","post_date":"2022-09-30 09:21:37","post_date_gmt":"2022-09-30 07:21:37","post_content":"","post_title":"RBA LIBROS SA.","post_excerpt":"","post_status":"publish","comment_status":"closed","ping_status":"closed","post_password":"","post_name":"rba-libros-sa","to_ping":"","pinged":"","post_modified":"2022-09-30 09:21:37","post_modified_gmt":"2022-09-30 07:21:37","post_content_filtered":"","post_parent":0,"guid":"http:\/\/dev.claret.cat\/editorial\/rba-libros-sa\/","menu_order":0,"post_type":"editorial","post_mime_type":"","comment_count":"0","filter":"raw"}],"autores-libros":[{"ID":162359,"post_author":"3","post_date":"2022-10-14 17:30:23","post_date_gmt":"2022-10-14 15:30:23","post_content":"","post_title":"LLUIS LLORT","post_excerpt":"","post_status":"publish","comment_status":"closed","ping_status":"closed","post_password":"","post_name":"lluis-llort","to_ping":"","pinged":"","post_modified":"2022-10-14 17:30:23","post_modified_gmt":"2022-10-14 15:30:23","post_content_filtered":"","post_parent":0,"guid":"http:\/\/dev.claret.cat\/autor\/lluis-llort\/","menu_order":0,"post_type":"autor","post_mime_type":"","comment_count":"0","filter":"raw"}],"booktrailer":"","resenas":""},"aioseo_notices":[],"_links":{"self":[{"href":"https:\/\/www.claret.cat\/es\/wp-json\/wp\/v2\/product\/247049","targetHints":{"allow":["GET"]}}],"collection":[{"href":"https:\/\/www.claret.cat\/es\/wp-json\/wp\/v2\/product"}],"about":[{"href":"https:\/\/www.claret.cat\/es\/wp-json\/wp\/v2\/types\/product"}],"wp:featuredmedia":[{"embeddable":true,"href":"https:\/\/www.claret.cat\/es\/wp-json\/wp\/v2\/media\/1019650"}],"wp:attachment":[{"href":"https:\/\/www.claret.cat\/es\/wp-json\/wp\/v2\/media?parent=247049"}],"wp:term":[{"taxonomy":"product_brand","embeddable":true,"href":"https:\/\/www.claret.cat\/es\/wp-json\/wp\/v2\/product_brand?post=247049"},{"taxonomy":"product_cat","embeddable":true,"href":"https:\/\/www.claret.cat\/es\/wp-json\/wp\/v2\/product_cat?post=247049"},{"taxonomy":"product_tag","embeddable":true,"href":"https:\/\/www.claret.cat\/es\/wp-json\/wp\/v2\/product_tag?post=247049"}],"curies":[{"name":"wp","href":"https:\/\/api.w.org\/{rel}","templated":true}]}}