{"id":247100,"date":"2022-10-21T02:47:13","date_gmt":"2022-10-21T00:47:13","guid":{"rendered":"http:\/\/dev.claret.cat\/producte\/cocinero\/"},"modified":"2023-01-28T17:29:28","modified_gmt":"2023-01-28T16:29:28","slug":"cocinero-9788414001295","status":"publish","type":"product","link":"https:\/\/www.claret.cat\/es\/libro\/cocinero-9788414001295\/","title":{"rendered":"COCINERO"},"content":{"rendered":"<p>Una colecci\u00f3n para que los m\u00e1s peque\u00f1os conozcan algunos de los oficios y profesiones m\u00e1s populares. Se describe el oficio y, a partir de las ilustraciones y los textos breves se habla de la indumentaria que se emplea en el oficio espec\u00edfico, de sus rutinas, de los retos que supone y de los objetos y materiales necesarios para desempe\u00f1ar dicha disciplina.<\/p>\n","protected":false},"excerpt":{"rendered":"<p>LIESBET SLEGERS<\/p>\n","protected":false},"featured_media":276351,"template":"","meta":{"_acf_changed":false,"om_disable_all_campaigns":false,"rs_blank_template":"","rs_page_bg_color":"","slide_template_v7":"","inline_featured_image":false,"_monsterinsights_skip_tracking":false,"_monsterinsights_sitenote_active":false,"_monsterinsights_sitenote_note":"","_monsterinsights_sitenote_category":0},"product_brand":[],"product_cat":[90,540],"product_tag":[],"class_list":{"0":"post-247100","1":"product","2":"type-product","3":"status-publish","4":"has-post-thumbnail","6":"product_cat-altres","7":"product_cat-otros","9":"first","10":"instock","11":"taxable","12":"shipping-taxable","13":"purchasable","14":"product-type-simple"},"acf":{"autor":"LIESBET SLEGERS","codart":"841400129","libros-coleccion":"","ediciones":"1","encuadernacion":"R\u00fastica","fecha_de_publicacion":"01\/10\/2015","novedad":"0","paginas":"30","subtitulo":"COL. QUIERO SER...","orden":"999","portada":"0","idioma":"spa","editorial":[{"ID":261986,"post_author":"3","post_date":"2022-10-24 11:18:26","post_date_gmt":"2022-10-24 09:18:26","post_content":"","post_title":"EDELVIVES","post_excerpt":"","post_status":"publish","comment_status":"closed","ping_status":"closed","post_password":"","post_name":"edelvives","to_ping":"","pinged":"","post_modified":"2022-10-24 11:18:26","post_modified_gmt":"2022-10-24 09:18:26","post_content_filtered":"","post_parent":0,"guid":"http:\/\/dev.claret.cat\/editorial\/edelvives\/","menu_order":0,"post_type":"editorial","post_mime_type":"","comment_count":"0","filter":"raw"}],"autores-libros":[{"ID":276350,"post_author":"3","post_date":"2022-12-09 07:31:51","post_date_gmt":"2022-12-09 06:31:51","post_content":"","post_title":"LIESBET SLEGERS","post_excerpt":"","post_status":"publish","comment_status":"closed","ping_status":"closed","post_password":"","post_name":"liesbet-slegers-2","to_ping":"","pinged":"","post_modified":"2022-12-09 07:31:51","post_modified_gmt":"2022-12-09 06:31:51","post_content_filtered":"","post_parent":0,"guid":"http:\/\/dev.claret.cat\/autor\/liesbet-slegers-2\/","menu_order":0,"post_type":"autor","post_mime_type":"","comment_count":"0","filter":"raw"}]},"aioseo_notices":[],"_links":{"self":[{"href":"https:\/\/www.claret.cat\/es\/wp-json\/wp\/v2\/product\/247100","targetHints":{"allow":["GET"]}}],"collection":[{"href":"https:\/\/www.claret.cat\/es\/wp-json\/wp\/v2\/product"}],"about":[{"href":"https:\/\/www.claret.cat\/es\/wp-json\/wp\/v2\/types\/product"}],"wp:featuredmedia":[{"embeddable":true,"href":"https:\/\/www.claret.cat\/es\/wp-json\/wp\/v2\/media\/276351"}],"wp:attachment":[{"href":"https:\/\/www.claret.cat\/es\/wp-json\/wp\/v2\/media?parent=247100"}],"wp:term":[{"taxonomy":"product_brand","embeddable":true,"href":"https:\/\/www.claret.cat\/es\/wp-json\/wp\/v2\/product_brand?post=247100"},{"taxonomy":"product_cat","embeddable":true,"href":"https:\/\/www.claret.cat\/es\/wp-json\/wp\/v2\/product_cat?post=247100"},{"taxonomy":"product_tag","embeddable":true,"href":"https:\/\/www.claret.cat\/es\/wp-json\/wp\/v2\/product_tag?post=247100"}],"curies":[{"name":"wp","href":"https:\/\/api.w.org\/{rel}","templated":true}]}}