{"id":247118,"date":"2022-10-21T02:47:39","date_gmt":"2022-10-21T00:47:39","guid":{"rendered":"http:\/\/dev.claret.cat\/producte\/marieta\/"},"modified":"2023-01-28T11:55:23","modified_gmt":"2023-01-28T10:55:23","slug":"marieta-9788414001356","status":"publish","type":"product","link":"https:\/\/www.claret.cat\/es\/libro\/marieta-9788414001356\/","title":{"rendered":"MARIETA"},"content":{"rendered":"<p>Tema: la vida de la cient\u00edfica polaca-francesa Marie Curie (1867-1934).<br \/> Aunque Marie Curie ten\u00eda un origen humilde, sus habilidades y su tes\u00f3n la llevaron a convertirse en una gran cient\u00edfica. Fue la primera persona en ganar dos Premios Nobel (el primero junto con su marido por descubrir el radio) y la primera mujer en ser profesora de la Universidad de Par\u00eds. Las dificultades a las que se enfrent\u00f3 durante su vida hacen de esta figura objeto de inter\u00e9s hist\u00f3rico y humano.<\/p>\n","protected":false},"excerpt":{"rendered":"<p>MIRANDA VICENTE, ITZIAR \/ MIRANDA VICENTE, JORGE<\/p>\n","protected":false},"featured_media":276365,"template":"","meta":{"_acf_changed":false,"om_disable_all_campaigns":false,"rs_blank_template":"","rs_page_bg_color":"","slide_template_v7":"","inline_featured_image":false,"_monsterinsights_skip_tracking":false,"_monsterinsights_sitenote_active":false,"_monsterinsights_sitenote_note":"","_monsterinsights_sitenote_category":0},"product_brand":[],"product_cat":[90,540],"product_tag":[],"class_list":{"0":"post-247118","1":"product","2":"type-product","3":"status-publish","4":"has-post-thumbnail","6":"product_cat-altres","7":"product_cat-otros","9":"first","10":"instock","11":"taxable","12":"shipping-taxable","13":"purchasable","14":"product-type-simple"},"acf":{"autor":"MIRANDA VICENTE, ITZIAR \/ MIRANDA VICENTE, JORGE","codart":"841400135","libros-coleccion":"","ediciones":"1","encuadernacion":"Carton\u00e9","fecha_de_publicacion":"01\/10\/2015","novedad":"0","paginas":"40","subtitulo":"","orden":"999","portada":"0","idioma":"spa","editorial":[{"ID":261986,"post_author":"3","post_date":"2022-10-24 11:18:26","post_date_gmt":"2022-10-24 09:18:26","post_content":"","post_title":"EDELVIVES","post_excerpt":"","post_status":"publish","comment_status":"closed","ping_status":"closed","post_password":"","post_name":"edelvives","to_ping":"","pinged":"","post_modified":"2022-10-24 11:18:26","post_modified_gmt":"2022-10-24 09:18:26","post_content_filtered":"","post_parent":0,"guid":"http:\/\/dev.claret.cat\/editorial\/edelvives\/","menu_order":0,"post_type":"editorial","post_mime_type":"","comment_count":"0","filter":"raw"}],"autores-libros":[{"ID":276359,"post_author":"3","post_date":"2022-12-09 07:32:17","post_date_gmt":"2022-12-09 06:32:17","post_content":"","post_title":"ITZIAR MIRANDA VICENTE","post_excerpt":"","post_status":"publish","comment_status":"closed","ping_status":"closed","post_password":"","post_name":"itziar-miranda-vicente","to_ping":"","pinged":"","post_modified":"2022-12-09 07:32:17","post_modified_gmt":"2022-12-09 06:32:17","post_content_filtered":"","post_parent":0,"guid":"http:\/\/dev.claret.cat\/autor\/itziar-miranda-vicente\/","menu_order":0,"post_type":"autor","post_mime_type":"","comment_count":"0","filter":"raw"},{"ID":276360,"post_author":"3","post_date":"2022-12-09 07:32:18","post_date_gmt":"2022-12-09 06:32:18","post_content":"","post_title":"JORGE MIRANDA VICENTE","post_excerpt":"","post_status":"publish","comment_status":"closed","ping_status":"closed","post_password":"","post_name":"jorge-miranda-vicente","to_ping":"","pinged":"","post_modified":"2022-12-09 07:32:18","post_modified_gmt":"2022-12-09 06:32:18","post_content_filtered":"","post_parent":0,"guid":"http:\/\/dev.claret.cat\/autor\/jorge-miranda-vicente\/","menu_order":0,"post_type":"autor","post_mime_type":"","comment_count":"0","filter":"raw"}]},"aioseo_notices":[],"_links":{"self":[{"href":"https:\/\/www.claret.cat\/es\/wp-json\/wp\/v2\/product\/247118","targetHints":{"allow":["GET"]}}],"collection":[{"href":"https:\/\/www.claret.cat\/es\/wp-json\/wp\/v2\/product"}],"about":[{"href":"https:\/\/www.claret.cat\/es\/wp-json\/wp\/v2\/types\/product"}],"wp:featuredmedia":[{"embeddable":true,"href":"https:\/\/www.claret.cat\/es\/wp-json\/wp\/v2\/media\/276365"}],"wp:attachment":[{"href":"https:\/\/www.claret.cat\/es\/wp-json\/wp\/v2\/media?parent=247118"}],"wp:term":[{"taxonomy":"product_brand","embeddable":true,"href":"https:\/\/www.claret.cat\/es\/wp-json\/wp\/v2\/product_brand?post=247118"},{"taxonomy":"product_cat","embeddable":true,"href":"https:\/\/www.claret.cat\/es\/wp-json\/wp\/v2\/product_cat?post=247118"},{"taxonomy":"product_tag","embeddable":true,"href":"https:\/\/www.claret.cat\/es\/wp-json\/wp\/v2\/product_tag?post=247118"}],"curies":[{"name":"wp","href":"https:\/\/api.w.org\/{rel}","templated":true}]}}