{"id":247149,"date":"2022-10-21T02:48:26","date_gmt":"2022-10-21T00:48:26","guid":{"rendered":"http:\/\/dev.claret.cat\/producte\/sing-me-a-song\/"},"modified":"2023-01-28T10:47:20","modified_gmt":"2023-01-28T09:47:20","slug":"sing-me-a-song-9788414001462","status":"publish","type":"product","link":"https:\/\/www.claret.cat\/es\/libro\/sing-me-a-song-9788414001462\/","title":{"rendered":"SING ME A SONG"},"content":{"rendered":"<p>Un libro ilustrado que recopila 59 canciones tradicionales en ingl\u00e9s, agrupadas en 11 bloques tem\u00e1ticos (Animales, Comida, Navidad, Amor, Lugares&#8230;). Llevan anotaciones a pie de p\u00e1gina con las definiciones de las palabras m\u00e1s complejas y un CD con una selecci\u00f3n de 20 canciones interpretadas por cantantes nativos profesionales.<br \/> Cd en la 3\u00aa cubierta<\/p>\n","protected":false},"excerpt":{"rendered":"<p>REBECCA PLACE<\/p>\n","protected":false},"featured_media":276392,"template":"","meta":{"_acf_changed":false,"om_disable_all_campaigns":false,"rs_blank_template":"","rs_page_bg_color":"","slide_template_v7":"","inline_featured_image":false,"_monsterinsights_skip_tracking":false,"_monsterinsights_sitenote_active":false,"_monsterinsights_sitenote_note":"","_monsterinsights_sitenote_category":0},"product_brand":[],"product_cat":[90,540],"product_tag":[],"class_list":{"0":"post-247149","1":"product","2":"type-product","3":"status-publish","4":"has-post-thumbnail","6":"product_cat-altres","7":"product_cat-otros","9":"first","10":"instock","11":"taxable","12":"shipping-taxable","13":"purchasable","14":"product-type-simple"},"acf":{"autor":"REBECCA PLACE","codart":"841400146","libros-coleccion":"","ediciones":"1","encuadernacion":"Carton\u00e9","fecha_de_publicacion":"01\/10\/2015","novedad":"0","paginas":"128","subtitulo":"","orden":"999","portada":"0","idioma":"eng","editorial":[{"ID":261986,"post_author":"3","post_date":"2022-10-24 11:18:26","post_date_gmt":"2022-10-24 09:18:26","post_content":"","post_title":"EDELVIVES","post_excerpt":"","post_status":"publish","comment_status":"closed","ping_status":"closed","post_password":"","post_name":"edelvives","to_ping":"","pinged":"","post_modified":"2022-10-24 11:18:26","post_modified_gmt":"2022-10-24 09:18:26","post_content_filtered":"","post_parent":0,"guid":"http:\/\/dev.claret.cat\/editorial\/edelvives\/","menu_order":0,"post_type":"editorial","post_mime_type":"","comment_count":"0","filter":"raw"}],"autores-libros":[{"ID":276391,"post_author":"3","post_date":"2022-12-09 07:33:41","post_date_gmt":"2022-12-09 06:33:41","post_content":"","post_title":"REBECCA PLACE","post_excerpt":"","post_status":"publish","comment_status":"closed","ping_status":"closed","post_password":"","post_name":"rebecca-place-2","to_ping":"","pinged":"","post_modified":"2022-12-09 07:33:41","post_modified_gmt":"2022-12-09 06:33:41","post_content_filtered":"","post_parent":0,"guid":"http:\/\/dev.claret.cat\/autor\/rebecca-place-2\/","menu_order":0,"post_type":"autor","post_mime_type":"","comment_count":"0","filter":"raw"}]},"aioseo_notices":[],"_links":{"self":[{"href":"https:\/\/www.claret.cat\/es\/wp-json\/wp\/v2\/product\/247149","targetHints":{"allow":["GET"]}}],"collection":[{"href":"https:\/\/www.claret.cat\/es\/wp-json\/wp\/v2\/product"}],"about":[{"href":"https:\/\/www.claret.cat\/es\/wp-json\/wp\/v2\/types\/product"}],"wp:featuredmedia":[{"embeddable":true,"href":"https:\/\/www.claret.cat\/es\/wp-json\/wp\/v2\/media\/276392"}],"wp:attachment":[{"href":"https:\/\/www.claret.cat\/es\/wp-json\/wp\/v2\/media?parent=247149"}],"wp:term":[{"taxonomy":"product_brand","embeddable":true,"href":"https:\/\/www.claret.cat\/es\/wp-json\/wp\/v2\/product_brand?post=247149"},{"taxonomy":"product_cat","embeddable":true,"href":"https:\/\/www.claret.cat\/es\/wp-json\/wp\/v2\/product_cat?post=247149"},{"taxonomy":"product_tag","embeddable":true,"href":"https:\/\/www.claret.cat\/es\/wp-json\/wp\/v2\/product_tag?post=247149"}],"curies":[{"name":"wp","href":"https:\/\/api.w.org\/{rel}","templated":true}]}}