{"id":247203,"date":"2022-10-21T02:49:49","date_gmt":"2022-10-21T00:49:49","guid":{"rendered":"http:\/\/dev.claret.cat\/producte\/donde-esta-wally-el-libro-de-pegatinas\/"},"modified":"2023-01-28T12:06:15","modified_gmt":"2023-01-28T11:06:15","slug":"donde-esta-wally-el-libro-de-pegatinas-9788416075478","status":"publish","type":"product","link":"https:\/\/www.claret.cat\/es\/libro\/donde-esta-wally-el-libro-de-pegatinas-9788416075478\/","title":{"rendered":"D\u00d3NDE EST\u00c1 WALLY? EL LIBRO DE PEGATINAS!"},"content":{"rendered":"<p>El original personaje, viajero incansable y observador sin igual, regresa con un nuevo libro. Sin duda gustar\u00e1 a todos los seguidores de Wally que quieren hacer sus propias propuestas de aventura.<br \/> Aqu\u00ed hay m\u00e1s de 1.000 pegatinas para utilizar en lo que queramos: decorar, adornar y hacer de cualquier objeto un objeto Wally. Pero, adem\u00e1s, podemos jugar a esconder a Wally y a sus amigos en alg\u00fan lugar, \u00a1e invitar a los dem\u00e1s a que lo encuentren!<br \/> En este caso un espectacular libro repleto de pegatinas e ideas sobre sitios donde engancharlas. \u00bfA qu\u00e9 esperas para echarle un vistazo y empezar a crear tus propias aventuras de Wally?<br \/> El espectacular Wally est\u00e1 de vuelta con una nueva y curiosa propuesta. Martin Handford probablemente jam\u00e1s imagin\u00f3 que este personaje, con sus gafas y su gorro, se convertir\u00eda en el fen\u00f3meno mundial que es en la actualidad. Miles de ejemplares vendidos en todo el planeta constatan que todo el mundo est\u00e1 buscando a Wally. Y formatos de todos los tipos completan la oferta editorial.<\/p>\n","protected":false},"excerpt":{"rendered":"<p>HANDFORD, MARTIN<\/p>\n","protected":false},"featured_media":277588,"template":"","meta":{"_acf_changed":false,"om_disable_all_campaigns":false,"rs_blank_template":"","rs_page_bg_color":"","slide_template_v7":"","inline_featured_image":false,"_monsterinsights_skip_tracking":false,"_monsterinsights_sitenote_active":false,"_monsterinsights_sitenote_note":"","_monsterinsights_sitenote_category":0},"product_brand":[],"product_cat":[90,540],"product_tag":[],"class_list":{"0":"post-247203","1":"product","2":"type-product","3":"status-publish","4":"has-post-thumbnail","6":"product_cat-altres","7":"product_cat-otros","9":"first","10":"instock","11":"taxable","12":"shipping-taxable","13":"purchasable","14":"product-type-simple"},"acf":{"autor":"HANDFORD, MARTIN","codart":"841607547","libros-coleccion":"","ediciones":"1","encuadernacion":"Carton\u00e9","fecha_de_publicacion":"01\/10\/2015","novedad":"0","paginas":"100","subtitulo":"M\u00c1S DE 1.000 PEGATINAS","orden":"999","portada":"0","idioma":"spa","editorial":[{"ID":147506,"post_author":"3","post_date":"2022-10-14 11:51:06","post_date_gmt":"2022-10-14 09:51:06","post_content":"","post_title":"B EDICIONES","post_excerpt":"","post_status":"publish","comment_status":"closed","ping_status":"closed","post_password":"","post_name":"b-ediciones","to_ping":"","pinged":"","post_modified":"2022-10-14 11:51:06","post_modified_gmt":"2022-10-14 09:51:06","post_content_filtered":"","post_parent":0,"guid":"http:\/\/dev.claret.cat\/editorial\/b-ediciones\/","menu_order":0,"post_type":"editorial","post_mime_type":"","comment_count":"0","filter":"raw"}],"autores-libros":[{"ID":164289,"post_author":"3","post_date":"2022-10-14 17:45:53","post_date_gmt":"2022-10-14 15:45:53","post_content":"","post_title":"MARTIN HANDFORD","post_excerpt":"","post_status":"publish","comment_status":"closed","ping_status":"closed","post_password":"","post_name":"martin-handford","to_ping":"","pinged":"","post_modified":"2022-10-14 17:45:53","post_modified_gmt":"2022-10-14 15:45:53","post_content_filtered":"","post_parent":0,"guid":"http:\/\/dev.claret.cat\/autor\/martin-handford\/","menu_order":0,"post_type":"autor","post_mime_type":"","comment_count":"0","filter":"raw"}]},"aioseo_notices":[],"_links":{"self":[{"href":"https:\/\/www.claret.cat\/es\/wp-json\/wp\/v2\/product\/247203","targetHints":{"allow":["GET"]}}],"collection":[{"href":"https:\/\/www.claret.cat\/es\/wp-json\/wp\/v2\/product"}],"about":[{"href":"https:\/\/www.claret.cat\/es\/wp-json\/wp\/v2\/types\/product"}],"wp:featuredmedia":[{"embeddable":true,"href":"https:\/\/www.claret.cat\/es\/wp-json\/wp\/v2\/media\/277588"}],"wp:attachment":[{"href":"https:\/\/www.claret.cat\/es\/wp-json\/wp\/v2\/media?parent=247203"}],"wp:term":[{"taxonomy":"product_brand","embeddable":true,"href":"https:\/\/www.claret.cat\/es\/wp-json\/wp\/v2\/product_brand?post=247203"},{"taxonomy":"product_cat","embeddable":true,"href":"https:\/\/www.claret.cat\/es\/wp-json\/wp\/v2\/product_cat?post=247203"},{"taxonomy":"product_tag","embeddable":true,"href":"https:\/\/www.claret.cat\/es\/wp-json\/wp\/v2\/product_tag?post=247203"}],"curies":[{"name":"wp","href":"https:\/\/api.w.org\/{rel}","templated":true}]}}