{"id":247261,"date":"2022-10-21T02:51:30","date_gmt":"2022-10-21T00:51:30","guid":{"rendered":"http:\/\/dev.claret.cat\/producte\/el-oscuro-final-los-libros-de-los-origenes-3\/"},"modified":"2026-02-26T14:45:31","modified_gmt":"2026-02-26T13:45:31","slug":"el-oscuro-final-los-libros-de-los-origenes-3-9788490431207","status":"publish","type":"product","link":"https:\/\/www.claret.cat\/es\/libro\/el-oscuro-final-los-libros-de-los-origenes-3-9788490431207\/","title":{"rendered":"EL OSCURO FINAL (LOS LIBROS DE LOS OR\u00cdGENES 3)"},"content":{"rendered":"<p>El esperado desenlace de la trilog\u00eda \u00abLos Libros de los Or\u00edgenes\u00bb.  Descubre c\u00f3mo termina la alucinante aventura de Kate, Michael y Emma.Ahora que saben que quien consiga reunir los tres libros tendr\u00e1 un poder  extraordinario, Kate, Michael y Emma deben darse prisa para encontrar el  tercer y \u00faltimo Libro de los Or\u00edgenes antes de que lo haga Magnus el Siniestro.Con ese objetivo, Emma emprender\u00e1 un viaje hacia mundos extra\u00f1os donde  tendr\u00e1 que enfrentarse a seres m\u00e1gicos, monstruos y fantasmas, pero  tambi\u00e9n a sus miedos y su parte m\u00e1s oscura. Pronto descubrir\u00e1 que es una  pieza importante de un impresionante rompecabezas, y que si consigue  dominar los poderes del libro m\u00e1s peligroso de todos, Kate, Michael y  ella ser\u00e1n capaces de salvar el mundo y desbaratar los planes del aterrador Magnus el Siniestro.<\/p>\n","protected":false},"excerpt":{"rendered":"<p>STEPHENS,JOHN<\/p>\n","protected":false},"featured_media":247262,"template":"","meta":{"_acf_changed":false,"om_disable_all_campaigns":false,"rs_blank_template":"","rs_page_bg_color":"","slide_template_v7":"","inline_featured_image":false,"_monsterinsights_skip_tracking":false,"_monsterinsights_sitenote_active":false,"_monsterinsights_sitenote_note":"","_monsterinsights_sitenote_category":0},"product_brand":[],"product_cat":[90,540],"product_tag":[],"class_list":{"0":"post-247261","1":"product","2":"type-product","3":"status-publish","4":"has-post-thumbnail","6":"product_cat-altres","7":"product_cat-otros","9":"first","10":"instock","11":"taxable","12":"shipping-taxable","13":"purchasable","14":"product-type-simple"},"acf":{"autor":"STEPHENS,JOHN","codart":"849043120","libros-coleccion":"","ediciones":"1","encuadernacion":"Carton\u00e9","fecha_de_publicacion":"01\/10\/2015","novedad":"0","paginas":"250","subtitulo":"","orden":"999","portada":"0","idioma":"spa","editorial":[{"ID":148544,"post_author":"3","post_date":"2022-10-14 11:59:04","post_date_gmt":"2022-10-14 09:59:04","post_content":"","post_title":"MONTENA, S.A.,EDICIONES","post_excerpt":"","post_status":"publish","comment_status":"closed","ping_status":"closed","post_password":"","post_name":"montena-s-a-ediciones","to_ping":"","pinged":"","post_modified":"2022-10-14 11:59:04","post_modified_gmt":"2022-10-14 09:59:04","post_content_filtered":"","post_parent":0,"guid":"http:\/\/dev.claret.cat\/editorial\/montena-s-a-ediciones\/","menu_order":0,"post_type":"editorial","post_mime_type":"","comment_count":"0","filter":"raw"}],"booktrailer":"","resenas":"","autores-libros":[{"ID":424285,"post_author":"3","post_date":"2023-05-16 07:57:21","post_date_gmt":"2023-05-16 05:57:21","post_content":"","post_title":"JOHN STEPHENS","post_excerpt":"","post_status":"publish","comment_status":"closed","ping_status":"closed","post_password":"","post_name":"john-stephens","to_ping":"","pinged":"","post_modified":"2023-05-16 07:57:21","post_modified_gmt":"2023-05-16 05:57:21","post_content_filtered":"","post_parent":0,"guid":"https:\/\/www.claret.cat\/autor\/john-stephens\/","menu_order":0,"post_type":"autor","post_mime_type":"","comment_count":"0","filter":"raw"}]},"aioseo_notices":[],"_links":{"self":[{"href":"https:\/\/www.claret.cat\/es\/wp-json\/wp\/v2\/product\/247261","targetHints":{"allow":["GET"]}}],"collection":[{"href":"https:\/\/www.claret.cat\/es\/wp-json\/wp\/v2\/product"}],"about":[{"href":"https:\/\/www.claret.cat\/es\/wp-json\/wp\/v2\/types\/product"}],"wp:featuredmedia":[{"embeddable":true,"href":"https:\/\/www.claret.cat\/es\/wp-json\/wp\/v2\/media\/247262"}],"wp:attachment":[{"href":"https:\/\/www.claret.cat\/es\/wp-json\/wp\/v2\/media?parent=247261"}],"wp:term":[{"taxonomy":"product_brand","embeddable":true,"href":"https:\/\/www.claret.cat\/es\/wp-json\/wp\/v2\/product_brand?post=247261"},{"taxonomy":"product_cat","embeddable":true,"href":"https:\/\/www.claret.cat\/es\/wp-json\/wp\/v2\/product_cat?post=247261"},{"taxonomy":"product_tag","embeddable":true,"href":"https:\/\/www.claret.cat\/es\/wp-json\/wp\/v2\/product_tag?post=247261"}],"curies":[{"name":"wp","href":"https:\/\/api.w.org\/{rel}","templated":true}]}}