{"id":247264,"date":"2022-10-21T02:51:34","date_gmt":"2022-10-21T00:51:34","guid":{"rendered":"http:\/\/dev.claret.cat\/producte\/que-divertida-es-la-historia-contada-por-los-ninos\/"},"modified":"2024-05-02T09:31:39","modified_gmt":"2024-05-02T07:31:39","slug":"que-divertida-es-la-historia-contada-por-los-ninos-9788428548687","status":"publish","type":"product","link":"https:\/\/www.claret.cat\/es\/libro\/que-divertida-es-la-historia-contada-por-los-ninos-9788428548687\/","title":{"rendered":"\u00a1QU\u00c9 DIVERTIDA ES LA HISTORIA! CONTADA POR LOS NI\u00d1OS"},"content":{"rendered":"<p>Gracias a este libro, los ni\u00f1os podr\u00e1n conocer la historia de la humanidad y las civilizaciones antiguas a trav\u00e9s de los ojos de otros ni\u00f1os como ellos, que vivieron en cada una de las \u00e9pocas que recoge este volumen: la prehistoria, el antiguo Egipto, la civilizaci\u00f3n griega, el imperio chino, la Roma de los c\u00e9sares y las culturas c\u00e9lticas y galas. Con la ayuda de los protagonistas de cada cap\u00edtulo (Jora, Tarik, Ulises, Dazhu, Lavinia y Jago), los ni\u00f1os podr\u00e1n conocer y comprender los modos de vida, las religiones, el arte y la vida cotidiana de estas atractivas civilizaciones hist\u00f3ricas.<\/p>\n","protected":false},"excerpt":{"rendered":"<p>BARSOTTI, ELEONORA<\/p>\n","protected":false},"featured_media":335059,"template":"","meta":{"_acf_changed":false,"om_disable_all_campaigns":false,"rs_blank_template":"","rs_page_bg_color":"","slide_template_v7":"","inline_featured_image":false,"_monsterinsights_skip_tracking":false,"_monsterinsights_sitenote_active":false,"_monsterinsights_sitenote_note":"","_monsterinsights_sitenote_category":0},"product_brand":[],"product_cat":[90,540],"product_tag":[],"class_list":{"0":"post-247264","1":"product","2":"type-product","3":"status-publish","4":"has-post-thumbnail","6":"product_cat-altres","7":"product_cat-otros","9":"first","10":"instock","11":"taxable","12":"shipping-taxable","13":"purchasable","14":"product-type-simple"},"acf":{"autor":"BARSOTTI, ELEONORA","codart":"842854868","libros-coleccion":"","ediciones":"1","encuadernacion":"Carton\u00e9","fecha_de_publicacion":"01\/10\/2015","novedad":"0","paginas":"144","subtitulo":"DE LA PREHISTORIA A LOS GALOS","orden":"999","portada":"0","idioma":"spa","editorial":[{"ID":6356,"post_author":"3","post_date":"2022-07-28 17:50:26","post_date_gmt":"2022-07-28 15:50:26","post_content":"","post_title":"SAN PABLO COMUNICACI\u00d3N","post_excerpt":"","post_status":"publish","comment_status":"closed","ping_status":"closed","post_password":"","post_name":"san-pablo-comunicacion","to_ping":"","pinged":"","post_modified":"2022-07-28 17:50:26","post_modified_gmt":"2022-07-28 15:50:26","post_content_filtered":"","post_parent":0,"guid":"http:\/\/dev.claret.cat\/editorial\/san-pablo-comunicacion\/","menu_order":0,"post_type":"editorial","post_mime_type":"","comment_count":"0","filter":"raw"}],"autores-libros":[{"ID":154758,"post_author":"3","post_date":"2022-10-14 15:07:24","post_date_gmt":"2022-10-14 13:07:24","post_content":"","post_title":"ELEONORA BARSOTTI","post_excerpt":"","post_status":"publish","comment_status":"closed","ping_status":"closed","post_password":"","post_name":"eleonora-barsotti","to_ping":"","pinged":"","post_modified":"2022-10-14 15:07:24","post_modified_gmt":"2022-10-14 13:07:24","post_content_filtered":"","post_parent":0,"guid":"http:\/\/dev.claret.cat\/autor\/eleonora-barsotti\/","menu_order":0,"post_type":"autor","post_mime_type":"","comment_count":"0","filter":"raw"}]},"aioseo_notices":[],"_links":{"self":[{"href":"https:\/\/www.claret.cat\/es\/wp-json\/wp\/v2\/product\/247264","targetHints":{"allow":["GET"]}}],"collection":[{"href":"https:\/\/www.claret.cat\/es\/wp-json\/wp\/v2\/product"}],"about":[{"href":"https:\/\/www.claret.cat\/es\/wp-json\/wp\/v2\/types\/product"}],"wp:featuredmedia":[{"embeddable":true,"href":"https:\/\/www.claret.cat\/es\/wp-json\/wp\/v2\/media\/335059"}],"wp:attachment":[{"href":"https:\/\/www.claret.cat\/es\/wp-json\/wp\/v2\/media?parent=247264"}],"wp:term":[{"taxonomy":"product_brand","embeddable":true,"href":"https:\/\/www.claret.cat\/es\/wp-json\/wp\/v2\/product_brand?post=247264"},{"taxonomy":"product_cat","embeddable":true,"href":"https:\/\/www.claret.cat\/es\/wp-json\/wp\/v2\/product_cat?post=247264"},{"taxonomy":"product_tag","embeddable":true,"href":"https:\/\/www.claret.cat\/es\/wp-json\/wp\/v2\/product_tag?post=247264"}],"curies":[{"name":"wp","href":"https:\/\/api.w.org\/{rel}","templated":true}]}}