{"id":247285,"date":"2022-10-21T02:52:04","date_gmt":"2022-10-21T00:52:04","guid":{"rendered":"http:\/\/dev.claret.cat\/producte\/modernisme\/"},"modified":"2025-02-01T00:47:04","modified_gmt":"2025-01-31T23:47:04","slug":"modernisme-9788483308578","status":"publish","type":"product","link":"https:\/\/www.claret.cat\/es\/libro\/modernisme-9788483308578\/","title":{"rendered":"MODERNISME"},"content":{"rendered":"<p>En l&#8221;\u00faltima d\u00e8cada del segle XIX, el Modernisme va n\u00e9ixer com una reacci\u00f3 a la ciutat industrial i la monotonia de la producci\u00f3 en s\u00e8rie, i preconitz\u00e0 la integraci\u00f3 de totes les arts a la recerca del concepte d&#8221;obra d&#8221;art total.<br \/> L&#8221;exposici\u00f3 \u00abModernisme. Art, tallers, ind\u00fastries\u00bb (la Pedrera, Barcelona, octubre 2015 &#8211; febrer 2016) se centra en els oficis que van contribuir a l&#8221;esplendor d&#8221;aquest moviment art\u00edstic (cer\u00e0mica, mosaic, vidre, forja, fusta&#8230;), amb l&#8221;objectiu de reivindicar el treball dels creadors, els artesans i les ind\u00fastries que van situar el Modernisme en la primera l\u00ednia de l&#8221;avantguarda europea, i revelar els canvis estrat\u00e8gics que es van desencadenar en la comercialitzaci\u00f3, la publicitat i la difusi\u00f3 d&#8221;alguns dels productes m\u00e9s cobejats del moment.<\/p>\n","protected":false},"excerpt":{"rendered":"<p>AMEN\u00d3S MART\u00cdNEZ, LLU\u00cfSA \/ Y OTROS<\/p>\n","protected":false},"featured_media":247286,"template":"","meta":{"_acf_changed":false,"om_disable_all_campaigns":false,"rs_blank_template":"","rs_page_bg_color":"","slide_template_v7":"","inline_featured_image":false,"_monsterinsights_skip_tracking":false,"_monsterinsights_sitenote_active":false,"_monsterinsights_sitenote_note":"","_monsterinsights_sitenote_category":0},"product_brand":[],"product_cat":[90,540],"product_tag":[],"class_list":{"0":"post-247285","1":"product","2":"type-product","3":"status-publish","4":"has-post-thumbnail","6":"product_cat-altres","7":"product_cat-otros","9":"first","10":"instock","11":"taxable","12":"shipping-taxable","13":"purchasable","14":"product-type-simple"},"acf":{"autor":"AMEN\u00d3S MART\u00cdNEZ, LLU\u00cfSA \/ 'Y OTROS'","codart":"848330857","libros-coleccion":"","ediciones":"1","encuadernacion":"Carton\u00e9","fecha_de_publicacion":"01\/10\/2015","novedad":"0","paginas":"208","subtitulo":"ART, TALLERS, IND\u00daSTRIES","orden":"999","portada":"0","idioma":"cat","editorial":[{"ID":262572,"post_author":"3","post_date":"2022-10-24 11:26:07","post_date_gmt":"2022-10-24 09:26:07","post_content":"","post_title":"VIENA EDICIONES","post_excerpt":"","post_status":"publish","comment_status":"closed","ping_status":"closed","post_password":"","post_name":"viena-ediciones","to_ping":"","pinged":"","post_modified":"2022-10-24 11:26:07","post_modified_gmt":"2022-10-24 09:26:07","post_content_filtered":"","post_parent":0,"guid":"http:\/\/dev.claret.cat\/editorial\/viena-ediciones\/","menu_order":0,"post_type":"editorial","post_mime_type":"","comment_count":"0","filter":"raw"}],"autores-libros":[{"ID":425536,"post_author":"3","post_date":"2023-05-16 08:23:45","post_date_gmt":"2023-05-16 06:23:45","post_content":"","post_title":"LLU\u00cfSA AMEN\u00d3S MART\u00cdNEZ","post_excerpt":"","post_status":"publish","comment_status":"closed","ping_status":"closed","post_password":"","post_name":"lluisa-amenos-martinez","to_ping":"","pinged":"","post_modified":"2023-05-16 08:23:45","post_modified_gmt":"2023-05-16 06:23:45","post_content_filtered":"","post_parent":0,"guid":"https:\/\/www.claret.cat\/autor\/lluisa-amenos-martinez\/","menu_order":0,"post_type":"autor","post_mime_type":"","comment_count":"0","filter":"raw"},{"ID":405133,"post_author":"3","post_date":"2023-02-28 02:03:54","post_date_gmt":"2023-02-28 01:03:54","post_content":"","post_title":"'Y OTROS'","post_excerpt":"","post_status":"publish","comment_status":"closed","ping_status":"closed","post_password":"","post_name":"y-otros-2","to_ping":"","pinged":"","post_modified":"2023-02-28 02:03:54","post_modified_gmt":"2023-02-28 01:03:54","post_content_filtered":"","post_parent":0,"guid":"https:\/\/www.claret.cat\/autor\/y-otros-2\/","menu_order":0,"post_type":"autor","post_mime_type":"","comment_count":"0","filter":"raw"}]},"aioseo_notices":[],"_links":{"self":[{"href":"https:\/\/www.claret.cat\/es\/wp-json\/wp\/v2\/product\/247285","targetHints":{"allow":["GET"]}}],"collection":[{"href":"https:\/\/www.claret.cat\/es\/wp-json\/wp\/v2\/product"}],"about":[{"href":"https:\/\/www.claret.cat\/es\/wp-json\/wp\/v2\/types\/product"}],"wp:featuredmedia":[{"embeddable":true,"href":"https:\/\/www.claret.cat\/es\/wp-json\/wp\/v2\/media\/247286"}],"wp:attachment":[{"href":"https:\/\/www.claret.cat\/es\/wp-json\/wp\/v2\/media?parent=247285"}],"wp:term":[{"taxonomy":"product_brand","embeddable":true,"href":"https:\/\/www.claret.cat\/es\/wp-json\/wp\/v2\/product_brand?post=247285"},{"taxonomy":"product_cat","embeddable":true,"href":"https:\/\/www.claret.cat\/es\/wp-json\/wp\/v2\/product_cat?post=247285"},{"taxonomy":"product_tag","embeddable":true,"href":"https:\/\/www.claret.cat\/es\/wp-json\/wp\/v2\/product_tag?post=247285"}],"curies":[{"name":"wp","href":"https:\/\/api.w.org\/{rel}","templated":true}]}}