{"id":247331,"date":"2022-10-21T02:53:12","date_gmt":"2022-10-21T00:53:12","guid":{"rendered":"http:\/\/dev.claret.cat\/producte\/los-mejores-amigos\/"},"modified":"2023-01-28T18:24:43","modified_gmt":"2023-01-28T17:24:43","slug":"los-mejores-amigos-9788416465231","status":"publish","type":"product","link":"https:\/\/www.claret.cat\/es\/libro\/los-mejores-amigos-9788416465231\/","title":{"rendered":"LOS MEJORES AMIGOS"},"content":{"rendered":"<p>Un \u00e1lbum bellamente ilustrado en el que Jostein Gaarder har\u00e1 reflexionar a los m\u00e1s peque\u00f1os, a trav\u00e9s de la tierna historia de un ni\u00f1o y su osito de peluche, sobre qui\u00e9nes somos y c\u00f3mo es el mundo que nos rodea.<\/p>\n<p> \u00abDesde la perspectiva de un oso de peluche, Gaarder mira entre bastidores a los seres humanos para transmitir su asombro ante el misterio de la vida\u00bb.<\/p>\n<p> Aftenposten<\/p>\n<p> Cuando Jostein Gaarder escribi\u00f3 El mundo de Sof\u00eda en 1991 estaba convencido de que una novela sobre la historia de la filosof\u00eda solo tendr\u00eda inter\u00e9s para los lectores especializados. Cuatro a\u00f1os despu\u00e9s, el libro alcanzaba cifras r\u00e9cord de ventas en todo el mundo. Desde entonces, Gaarder ha seguido escribiendo textos que hacen reflexionar y suscitan preguntas sobre qui\u00e9nes somos, cu\u00e1l es nuestro lugar en la sociedad y c\u00f3mo es el mundo que nos rodea.<\/p>\n<p> Los mejores amigos narra la historia de un ni\u00f1o y su oso de peluche que comparten todo. Son amigos del alma y van juntos por la ciudad, tambi\u00e9n a la luna, incluso al fondo del mar.<\/p>\n","protected":false},"excerpt":{"rendered":"<p>GAARDER, JOSTEIN<\/p>\n","protected":false},"featured_media":247332,"template":"","meta":{"_acf_changed":false,"om_disable_all_campaigns":false,"rs_blank_template":"","rs_page_bg_color":"","slide_template_v7":"","inline_featured_image":false,"_monsterinsights_skip_tracking":false,"_monsterinsights_sitenote_active":false,"_monsterinsights_sitenote_note":"","_monsterinsights_sitenote_category":0},"product_brand":[],"product_cat":[131],"product_tag":[],"class_list":{"0":"post-247331","1":"product","2":"type-product","3":"status-publish","4":"has-post-thumbnail","6":"product_cat-contes-per-infants-0-6-anys","8":"first","9":"instock","10":"taxable","11":"shipping-taxable","12":"purchasable","13":"product-type-simple"},"acf":{"autor":"GAARDER, JOSTEIN","codart":"841646523","libros-coleccion":"","ediciones":"1","encuadernacion":"Carton\u00e9","fecha_de_publicacion":"01\/10\/2015","novedad":"0","paginas":"45","subtitulo":"","orden":"999","portada":"0","idioma":"spa","editorial":[{"ID":148829,"post_author":"3","post_date":"2022-10-14 12:01:19","post_date_gmt":"2022-10-14 10:01:19","post_content":"","post_title":"SIRUELA, EDICIONES","post_excerpt":"","post_status":"publish","comment_status":"closed","ping_status":"closed","post_password":"","post_name":"siruela-ediciones","to_ping":"","pinged":"","post_modified":"2022-10-14 12:01:19","post_modified_gmt":"2022-10-14 10:01:19","post_content_filtered":"","post_parent":0,"guid":"http:\/\/dev.claret.cat\/editorial\/siruela-ediciones\/","menu_order":0,"post_type":"editorial","post_mime_type":"","comment_count":"0","filter":"raw"}],"autores-libros":[{"ID":160903,"post_author":"3","post_date":"2022-10-14 15:56:49","post_date_gmt":"2022-10-14 13:56:49","post_content":"","post_title":"JOSTEIN GAARDER","post_excerpt":"","post_status":"publish","comment_status":"closed","ping_status":"closed","post_password":"","post_name":"jostein-gaarder","to_ping":"","pinged":"","post_modified":"2022-10-14 15:56:49","post_modified_gmt":"2022-10-14 13:56:49","post_content_filtered":"","post_parent":0,"guid":"http:\/\/dev.claret.cat\/autor\/jostein-gaarder\/","menu_order":0,"post_type":"autor","post_mime_type":"","comment_count":"0","filter":"raw"}]},"aioseo_notices":[],"_links":{"self":[{"href":"https:\/\/www.claret.cat\/es\/wp-json\/wp\/v2\/product\/247331","targetHints":{"allow":["GET"]}}],"collection":[{"href":"https:\/\/www.claret.cat\/es\/wp-json\/wp\/v2\/product"}],"about":[{"href":"https:\/\/www.claret.cat\/es\/wp-json\/wp\/v2\/types\/product"}],"wp:featuredmedia":[{"embeddable":true,"href":"https:\/\/www.claret.cat\/es\/wp-json\/wp\/v2\/media\/247332"}],"wp:attachment":[{"href":"https:\/\/www.claret.cat\/es\/wp-json\/wp\/v2\/media?parent=247331"}],"wp:term":[{"taxonomy":"product_brand","embeddable":true,"href":"https:\/\/www.claret.cat\/es\/wp-json\/wp\/v2\/product_brand?post=247331"},{"taxonomy":"product_cat","embeddable":true,"href":"https:\/\/www.claret.cat\/es\/wp-json\/wp\/v2\/product_cat?post=247331"},{"taxonomy":"product_tag","embeddable":true,"href":"https:\/\/www.claret.cat\/es\/wp-json\/wp\/v2\/product_tag?post=247331"}],"curies":[{"name":"wp","href":"https:\/\/api.w.org\/{rel}","templated":true}]}}