{"id":247349,"date":"2022-10-21T02:53:38","date_gmt":"2022-10-21T00:53:38","guid":{"rendered":"http:\/\/dev.claret.cat\/producte\/cuestiones-simbolicas\/"},"modified":"2026-01-28T12:03:37","modified_gmt":"2026-01-28T11:03:37","slug":"cuestiones-simbolicas-9788425437717","status":"publish","type":"product","link":"https:\/\/www.claret.cat\/es\/libro\/cuestiones-simbolicas-9788425437717\/","title":{"rendered":"CUESTIONES SIMB\u00d3LICAS"},"content":{"rendered":"<p>Este libro es un compendio de las clases que el profesor Arola ha dictado durante m\u00e1s de veinte a\u00f1os. En el se plantean interesantes propuestas para desarrollar un pensamiento simb\u00f3lico vivo y actual. En una \u00e9poca en la que el simbolismo est\u00e1 de moda por su exotismo, el autor ubica su estudio dentro del mundo acad\u00e9mico, par a conseguir un rigor a veces inexistente fuera de \u00e9l, pero sin perder por ello la esencia creativa propia del simbolismo.<\/p>\n","protected":false},"excerpt":{"rendered":"<p>AROLA, RAIMON<\/p>\n","protected":false},"featured_media":331399,"template":"","meta":{"_acf_changed":false,"om_disable_all_campaigns":false,"rs_blank_template":"","rs_page_bg_color":"","slide_template_v7":"","inline_featured_image":false,"_monsterinsights_skip_tracking":false,"_monsterinsights_sitenote_active":false,"_monsterinsights_sitenote_note":"","_monsterinsights_sitenote_category":0},"product_brand":[],"product_cat":[90,540],"product_tag":[],"class_list":{"0":"post-247349","1":"product","2":"type-product","3":"status-publish","4":"has-post-thumbnail","6":"product_cat-altres","7":"product_cat-otros","9":"first","10":"instock","11":"taxable","12":"shipping-taxable","13":"purchasable","14":"product-type-simple"},"acf":{"autor":"AROLA, RAIMON","codart":"842543771","libros-coleccion":"","ediciones":"1","encuadernacion":"R\u00fastica","fecha_de_publicacion":"01\/10\/2015","novedad":"0","paginas":"349","subtitulo":"LAS FORMAS B\u00c1SICAS","orden":"999","portada":"0","idioma":"spa","editorial":[{"ID":6266,"post_author":"3","post_date":"2022-07-28 17:48:31","post_date_gmt":"2022-07-28 15:48:31","post_content":"","post_title":"HERDER","post_excerpt":"","post_status":"publish","comment_status":"closed","ping_status":"closed","post_password":"","post_name":"herder","to_ping":"","pinged":"","post_modified":"2022-07-28 17:48:31","post_modified_gmt":"2022-07-28 15:48:31","post_content_filtered":"","post_parent":0,"guid":"http:\/\/dev.claret.cat\/editorial\/herder\/","menu_order":0,"post_type":"editorial","post_mime_type":"","comment_count":"0","filter":"raw"}],"autores-libros":[{"ID":167641,"post_author":"3","post_date":"2022-10-14 18:12:50","post_date_gmt":"2022-10-14 16:12:50","post_content":"","post_title":"RAIMON AROLA","post_excerpt":"","post_status":"publish","comment_status":"closed","ping_status":"closed","post_password":"","post_name":"raimon-arola","to_ping":"","pinged":"","post_modified":"2022-10-14 18:12:50","post_modified_gmt":"2022-10-14 16:12:50","post_content_filtered":"","post_parent":0,"guid":"http:\/\/dev.claret.cat\/autor\/raimon-arola\/","menu_order":0,"post_type":"autor","post_mime_type":"","comment_count":"0","filter":"raw"}],"booktrailer":"","resenas":""},"aioseo_notices":[],"_links":{"self":[{"href":"https:\/\/www.claret.cat\/es\/wp-json\/wp\/v2\/product\/247349","targetHints":{"allow":["GET"]}}],"collection":[{"href":"https:\/\/www.claret.cat\/es\/wp-json\/wp\/v2\/product"}],"about":[{"href":"https:\/\/www.claret.cat\/es\/wp-json\/wp\/v2\/types\/product"}],"wp:featuredmedia":[{"embeddable":true,"href":"https:\/\/www.claret.cat\/es\/wp-json\/wp\/v2\/media\/331399"}],"wp:attachment":[{"href":"https:\/\/www.claret.cat\/es\/wp-json\/wp\/v2\/media?parent=247349"}],"wp:term":[{"taxonomy":"product_brand","embeddable":true,"href":"https:\/\/www.claret.cat\/es\/wp-json\/wp\/v2\/product_brand?post=247349"},{"taxonomy":"product_cat","embeddable":true,"href":"https:\/\/www.claret.cat\/es\/wp-json\/wp\/v2\/product_cat?post=247349"},{"taxonomy":"product_tag","embeddable":true,"href":"https:\/\/www.claret.cat\/es\/wp-json\/wp\/v2\/product_tag?post=247349"}],"curies":[{"name":"wp","href":"https:\/\/api.w.org\/{rel}","templated":true}]}}