{"id":247532,"date":"2022-10-21T02:58:05","date_gmt":"2022-10-21T00:58:05","guid":{"rendered":"http:\/\/dev.claret.cat\/producte\/el-amor-no-es-una-ciencia-exacta\/"},"modified":"2025-02-05T12:58:14","modified_gmt":"2025-02-05T11:58:14","slug":"el-amor-no-es-una-ciencia-exacta-9788416384280","status":"publish","type":"product","link":"https:\/\/www.claret.cat\/es\/libro\/el-amor-no-es-una-ciencia-exacta-9788416384280\/","title":{"rendered":"EL AMOR NO ES UNA CIENCIA EXACTA"},"content":{"rendered":"<p>La existencia perfecta de Valeria se esfum\u00f3 en tan solo un instante. Ahora, nueve meses despu\u00e9s ha rehecho su vida: disfruta de su trabajo, tiene buenos amigos&#8230; y est\u00e1 convencida de que lo que hace perfecta la ecuaci\u00f3n es mantener el amor fuera de ella. \u00bfPero qui\u00e9n tiene control sobre el destino? Al fin y al cabo el amor no es una ciencia exacta. Y lo descubrir\u00e1 cuando el heredero de Blackwell Hotels, Derek Blackwell, irrumpa en su vida y la ponga patas arriba. \u00bfEst\u00e1 Valeria preparada para romper la ecuaci\u00f3n?<\/p>\n","protected":false},"excerpt":{"rendered":"<p>MAIER, M\u00d3NICA<\/p>\n","protected":false},"featured_media":247533,"template":"","meta":{"_acf_changed":false,"om_disable_all_campaigns":false,"rs_blank_template":"","rs_page_bg_color":"","slide_template_v7":"","inline_featured_image":false,"_monsterinsights_skip_tracking":false,"_monsterinsights_sitenote_active":false,"_monsterinsights_sitenote_note":"","_monsterinsights_sitenote_category":0},"product_brand":[],"product_cat":[90,540],"product_tag":[],"class_list":{"0":"post-247532","1":"product","2":"type-product","3":"status-publish","4":"has-post-thumbnail","6":"product_cat-altres","7":"product_cat-otros","9":"first","10":"instock","11":"taxable","12":"shipping-taxable","13":"purchasable","14":"product-type-simple"},"acf":{"autor":"MAIER, M\u00d3NICA","codart":"841638428","libros-coleccion":"","ediciones":"1","encuadernacion":"R\u00fastica","fecha_de_publicacion":"01\/10\/2015","novedad":"0","paginas":"237","subtitulo":"","orden":"999","portada":"0","idioma":"spa","editorial":[{"ID":262214,"post_author":"3","post_date":"2022-10-24 11:21:25","post_date_gmt":"2022-10-24 09:21:25","post_content":"","post_title":"KIWI, EDICIONES","post_excerpt":"","post_status":"publish","comment_status":"closed","ping_status":"closed","post_password":"","post_name":"kiwi-ediciones","to_ping":"","pinged":"","post_modified":"2022-10-24 11:21:25","post_modified_gmt":"2022-10-24 09:21:25","post_content_filtered":"","post_parent":0,"guid":"http:\/\/dev.claret.cat\/editorial\/kiwi-ediciones\/","menu_order":0,"post_type":"editorial","post_mime_type":"","comment_count":"0","filter":"raw"}],"autores-libros":[{"ID":426853,"post_author":"3","post_date":"2023-05-16 08:53:49","post_date_gmt":"2023-05-16 06:53:49","post_content":"","post_title":"M\u00d3NICA MAIER","post_excerpt":"","post_status":"publish","comment_status":"closed","ping_status":"closed","post_password":"","post_name":"monica-maier","to_ping":"","pinged":"","post_modified":"2023-05-16 08:53:49","post_modified_gmt":"2023-05-16 06:53:49","post_content_filtered":"","post_parent":0,"guid":"https:\/\/www.claret.cat\/autor\/monica-maier\/","menu_order":0,"post_type":"autor","post_mime_type":"","comment_count":"0","filter":"raw"}]},"aioseo_notices":[],"_links":{"self":[{"href":"https:\/\/www.claret.cat\/es\/wp-json\/wp\/v2\/product\/247532","targetHints":{"allow":["GET"]}}],"collection":[{"href":"https:\/\/www.claret.cat\/es\/wp-json\/wp\/v2\/product"}],"about":[{"href":"https:\/\/www.claret.cat\/es\/wp-json\/wp\/v2\/types\/product"}],"wp:featuredmedia":[{"embeddable":true,"href":"https:\/\/www.claret.cat\/es\/wp-json\/wp\/v2\/media\/247533"}],"wp:attachment":[{"href":"https:\/\/www.claret.cat\/es\/wp-json\/wp\/v2\/media?parent=247532"}],"wp:term":[{"taxonomy":"product_brand","embeddable":true,"href":"https:\/\/www.claret.cat\/es\/wp-json\/wp\/v2\/product_brand?post=247532"},{"taxonomy":"product_cat","embeddable":true,"href":"https:\/\/www.claret.cat\/es\/wp-json\/wp\/v2\/product_cat?post=247532"},{"taxonomy":"product_tag","embeddable":true,"href":"https:\/\/www.claret.cat\/es\/wp-json\/wp\/v2\/product_tag?post=247532"}],"curies":[{"name":"wp","href":"https:\/\/api.w.org\/{rel}","templated":true}]}}