{"id":247617,"date":"2022-10-21T03:00:10","date_gmt":"2022-10-21T01:00:10","guid":{"rendered":"http:\/\/dev.claret.cat\/producte\/momentos-perfectos\/"},"modified":"2023-01-28T03:55:12","modified_gmt":"2023-01-28T02:55:12","slug":"momentos-perfectos-9788416429790","status":"publish","type":"product","link":"https:\/\/www.claret.cat\/es\/libro\/momentos-perfectos-9788416429790\/","title":{"rendered":"MOMENTOS PERFECTOS"},"content":{"rendered":"<p>Como culminaci\u00f3n de una larga carrera de \u00e9xito en la consultora internacional KPMG, en 2002 Eugene O&#8221;Kelly fue elegido presidente y consejero delegado de esta firma norteamericana para un per\u00edodo de seis a\u00f1os. En 2005, durante una revisi\u00f3n m\u00e9dica rutinaria, se le diagnostic\u00f3 un tumor cerebral terminal. Con 53 a\u00f1os renunci\u00f3 a su puesto y dedic\u00f3 los siguientes tres meses y medio a vivir intensamente el tiempo que le quedaba y a revisar su vida y su trabajo desde un punto de vista cr\u00edtico, as\u00ed como a reflexionar sobre el valor y el significado del \u00e9xito. Este libro es el resultado de sus reflexiones y un relato apasionante e inolvidable del \u00faltimo viaje del autor, hasta su muerte en septiembre de 2005. Un texto sincero, valiente y conmovedor sobre la importancia de vivir una existencia equilibrada y con significado.<\/p>\n","protected":false},"excerpt":{"rendered":"<p>O&#8221;KELLY, EUGENE<\/p>\n","protected":false},"featured_media":247618,"template":"","meta":{"_acf_changed":false,"om_disable_all_campaigns":false,"rs_blank_template":"","rs_page_bg_color":"","slide_template_v7":"","inline_featured_image":false,"_monsterinsights_skip_tracking":false,"_monsterinsights_sitenote_active":false,"_monsterinsights_sitenote_note":"","_monsterinsights_sitenote_category":0},"product_brand":[],"product_cat":[16],"product_tag":[],"class_list":{"0":"post-247617","1":"product","2":"type-product","3":"status-publish","4":"has-post-thumbnail","6":"product_cat-sense-categoria","8":"first","9":"instock","10":"taxable","11":"shipping-taxable","12":"purchasable","13":"product-type-simple"},"acf":{"autor":"O''KELLY, EUGENE","codart":"841642979","libros-coleccion":"","ediciones":"1","encuadernacion":"R\u00fastica","fecha_de_publicacion":"01\/10\/2015","novedad":"0","paginas":"198","subtitulo":"","orden":"999","portada":"0","idioma":"spa","editorial":[{"ID":6331,"post_author":"3","post_date":"2022-07-28 17:49:53","post_date_gmt":"2022-07-28 15:49:53","post_content":"","post_title":"PLATAFORMA EDITORIAL","post_excerpt":"","post_status":"publish","comment_status":"closed","ping_status":"closed","post_password":"","post_name":"plataforma-editorial","to_ping":"","pinged":"","post_modified":"2022-07-28 17:49:53","post_modified_gmt":"2022-07-28 15:49:53","post_content_filtered":"","post_parent":0,"guid":"http:\/\/dev.claret.cat\/editorial\/plataforma-editorial\/","menu_order":0,"post_type":"editorial","post_mime_type":"","comment_count":"0","filter":"raw"}]},"aioseo_notices":[],"_links":{"self":[{"href":"https:\/\/www.claret.cat\/es\/wp-json\/wp\/v2\/product\/247617","targetHints":{"allow":["GET"]}}],"collection":[{"href":"https:\/\/www.claret.cat\/es\/wp-json\/wp\/v2\/product"}],"about":[{"href":"https:\/\/www.claret.cat\/es\/wp-json\/wp\/v2\/types\/product"}],"wp:featuredmedia":[{"embeddable":true,"href":"https:\/\/www.claret.cat\/es\/wp-json\/wp\/v2\/media\/247618"}],"wp:attachment":[{"href":"https:\/\/www.claret.cat\/es\/wp-json\/wp\/v2\/media?parent=247617"}],"wp:term":[{"taxonomy":"product_brand","embeddable":true,"href":"https:\/\/www.claret.cat\/es\/wp-json\/wp\/v2\/product_brand?post=247617"},{"taxonomy":"product_cat","embeddable":true,"href":"https:\/\/www.claret.cat\/es\/wp-json\/wp\/v2\/product_cat?post=247617"},{"taxonomy":"product_tag","embeddable":true,"href":"https:\/\/www.claret.cat\/es\/wp-json\/wp\/v2\/product_tag?post=247617"}],"curies":[{"name":"wp","href":"https:\/\/api.w.org\/{rel}","templated":true}]}}