{"id":247719,"date":"2022-10-21T03:02:41","date_gmt":"2022-10-21T01:02:41","guid":{"rendered":"http:\/\/dev.claret.cat\/producte\/controlare-els-teus-somnis\/"},"modified":"2023-01-28T22:13:18","modified_gmt":"2023-01-28T21:13:18","slug":"controlare-els-teus-somnis-9788416306718","status":"publish","type":"product","link":"https:\/\/www.claret.cat\/es\/libro\/controlare-els-teus-somnis-9788416306718\/","title":{"rendered":"CONTROLAR\u00c9 ELS TEUS SOMNIS"},"content":{"rendered":"<p>Quatre homes que no han tingut mai cap mena de contacte i sembla que no tenen res en com\u00fa han somiat el mateix; un malson recorrent presidit per una figura terror\u00edfica.<br \/> A tots ells se&#8221;ls ha trobat morts posteriorment. La policia no triga a descobrir que les v\u00edctimes tenien dues coses en com\u00fa: els quatre havien pernoctat recentment en un mateix hotel vell i misteri\u00f3s de les muntanyes Adirondack, i tots ells havien visitat el mateix hipnotitzador.<br \/> En David Gurney haur\u00e0 d&#8221;afanyar-se a resoldre aquest c\u00famul d&#8221;interrogants impossibles que desconcertaran tant la seva ment com el seu cor.Una trama intel\u00b7ligent i vertiginosa, acompanyada de girs magistrals, i amb la qual descobrir\u00e0s que mai, ni tan sols en els teus propis somnis, est\u00e0s realment sol.<\/p>\n","protected":false},"excerpt":{"rendered":"<p>VERDON, JOHN<\/p>\n","protected":false},"featured_media":247720,"template":"","meta":{"_acf_changed":false,"om_disable_all_campaigns":false,"rs_blank_template":"","rs_page_bg_color":"","slide_template_v7":"","inline_featured_image":false,"_monsterinsights_skip_tracking":false,"_monsterinsights_sitenote_active":false,"_monsterinsights_sitenote_note":"","_monsterinsights_sitenote_category":0},"product_brand":[],"product_cat":[87,127],"product_tag":[],"class_list":{"0":"post-247719","1":"product","2":"type-product","3":"status-publish","4":"has-post-thumbnail","6":"product_cat-literatura","7":"product_cat-novella-contemporania","9":"first","10":"instock","11":"taxable","12":"shipping-taxable","13":"purchasable","14":"product-type-simple"},"acf":{"autor":"VERDON, JOHN","codart":"841630671","libros-coleccion":"","ediciones":"1","encuadernacion":"R\u00fastica","fecha_de_publicacion":"01\/10\/2015","novedad":"0","paginas":"428","subtitulo":"","orden":"999","portada":"0","idioma":"cat","autores-libros":[{"ID":159707,"post_author":"3","post_date":"2022-10-14 15:47:04","post_date_gmt":"2022-10-14 13:47:04","post_content":"","post_title":"JOHN VERDON","post_excerpt":"","post_status":"publish","comment_status":"closed","ping_status":"closed","post_password":"","post_name":"john-verdon","to_ping":"","pinged":"","post_modified":"2022-10-14 15:47:04","post_modified_gmt":"2022-10-14 13:47:04","post_content_filtered":"","post_parent":0,"guid":"http:\/\/dev.claret.cat\/autor\/john-verdon\/","menu_order":0,"post_type":"autor","post_mime_type":"","comment_count":"0","filter":"raw"}]},"aioseo_notices":[],"_links":{"self":[{"href":"https:\/\/www.claret.cat\/es\/wp-json\/wp\/v2\/product\/247719","targetHints":{"allow":["GET"]}}],"collection":[{"href":"https:\/\/www.claret.cat\/es\/wp-json\/wp\/v2\/product"}],"about":[{"href":"https:\/\/www.claret.cat\/es\/wp-json\/wp\/v2\/types\/product"}],"wp:featuredmedia":[{"embeddable":true,"href":"https:\/\/www.claret.cat\/es\/wp-json\/wp\/v2\/media\/247720"}],"wp:attachment":[{"href":"https:\/\/www.claret.cat\/es\/wp-json\/wp\/v2\/media?parent=247719"}],"wp:term":[{"taxonomy":"product_brand","embeddable":true,"href":"https:\/\/www.claret.cat\/es\/wp-json\/wp\/v2\/product_brand?post=247719"},{"taxonomy":"product_cat","embeddable":true,"href":"https:\/\/www.claret.cat\/es\/wp-json\/wp\/v2\/product_cat?post=247719"},{"taxonomy":"product_tag","embeddable":true,"href":"https:\/\/www.claret.cat\/es\/wp-json\/wp\/v2\/product_tag?post=247719"}],"curies":[{"name":"wp","href":"https:\/\/api.w.org\/{rel}","templated":true}]}}