{"id":247806,"date":"2022-10-21T03:04:45","date_gmt":"2022-10-21T01:04:45","guid":{"rendered":"http:\/\/dev.claret.cat\/producte\/a-la-luz-del-carisma-ignaciano\/"},"modified":"2026-03-27T12:33:58","modified_gmt":"2026-03-27T11:33:58","slug":"a-la-luz-del-carisma-ignaciano-9788427137851","status":"publish","type":"product","link":"https:\/\/www.claret.cat\/es\/libro\/a-la-luz-del-carisma-ignaciano-9788427137851\/","title":{"rendered":"A LA LUZ DEL CARISMA IGNACIANO"},"content":{"rendered":"<p>El P. Manuel Ruiz Jurado, jesuita desde 1948, ha dedicado casi toda su vida en la Compa\u00f1\u00eda de Jes\u00fas al estudio y publicaci\u00f3n de las fuentes ignacianas, ediciones cr\u00edticas y estudios sobre el carisma ignaciano en la Iglesia y sobre la espiritualidad que le caracteriza. Ha sido miembro del Instituto Hist\u00f3rico de la Compa\u00f1\u00eda de Jes\u00fas en Roma y es ahora, despu\u00e9s de treinta a\u00f1os de ininterrumpida docencia, Profesor em\u00e9rito de la Pontificia Universidad Gregoriana. En su pr\u00e1ctica pastoral, ha dado numerosas veces el mes de ejercicios de san Ignacio, ha colaborado en la formaci\u00f3n de los j\u00f3venes jesuitas y durante veintisiete a\u00f1os ha ejercido como Consultor de la Sagrada Congregaci\u00f3n para las Causas de los Santos. <br \/>  Ruiz Jurado ha publicado m\u00e1s de trescientos trabajos sobre espiritualidad, tanto libros como art\u00edculos en diccionarios y revistas internacionales, algunos de los cuales aparecen por vez primera en este libro en lengua espa\u00f1ola. Su contacto con las fuentes ha sido constante, culminando esta aportaci\u00f3n con la preparaci\u00f3n de la \u00faltima edici\u00f3n de las Obras de san Ignacio de Loyola (BAC maior, Madrid 2013). <br \/>  Tras una fecunda trayectoria acad\u00e9mica y vital dedicada a la espiritualidad ignaciana, este libro del P. Ruiz Jurado recoge por primera vez una cuidada selecci\u00f3n de sus art\u00edculos sobre Ignacio de Loyola y su gran legado, la Compa\u00f1\u00eda de Jes\u00fas. Texto novedoso de obligada referencia para seguir avanzando en el conocimiento riguroso de Ignacio y sus primeros compa\u00f1eros.<\/p>\n","protected":false},"excerpt":{"rendered":"<p>RUIZ JURADO, MANUEL<\/p>\n","protected":false},"featured_media":1093085,"template":"","meta":{"_acf_changed":false,"om_disable_all_campaigns":false,"rs_blank_template":"","rs_page_bg_color":"","slide_template_v7":"","inline_featured_image":false,"_monsterinsights_skip_tracking":false,"_monsterinsights_sitenote_active":false,"_monsterinsights_sitenote_note":"","_monsterinsights_sitenote_category":0},"product_brand":[],"product_cat":[90,540],"product_tag":[],"class_list":{"0":"post-247806","1":"product","2":"type-product","3":"status-publish","4":"has-post-thumbnail","6":"product_cat-altres","7":"product_cat-otros","9":"first","10":"outofstock","11":"taxable","12":"shipping-taxable","13":"purchasable","14":"product-type-simple"},"acf":{"autor":"RUIZ JURADO, MANUEL","codart":"842713785","libros-coleccion":"","ediciones":"1","encuadernacion":"R\u00fastica","fecha_de_publicacion":"01\/10\/2015","novedad":"0","paginas":"0","subtitulo":"ESTUDIOS SOBRE SAN IGNACIO DE LOYOLA Y LA COMPA\u00d1\u00cdA DE JES\u00daS","orden":"999","portada":"0","idioma":"spa","editorial":[{"ID":8258,"post_author":"3","post_date":"2022-09-30 09:21:32","post_date_gmt":"2022-09-30 07:21:32","post_content":"","post_title":"MENSAJERO","post_excerpt":"","post_status":"publish","comment_status":"closed","ping_status":"closed","post_password":"","post_name":"mensajero","to_ping":"","pinged":"","post_modified":"2022-09-30 09:21:32","post_modified_gmt":"2022-09-30 07:21:32","post_content_filtered":"","post_parent":0,"guid":"http:\/\/dev.claret.cat\/editorial\/mensajero\/","menu_order":0,"post_type":"editorial","post_mime_type":"","comment_count":"0","filter":"raw"}],"autores-libros":[{"ID":282578,"post_author":"3","post_date":"2022-12-10 00:33:46","post_date_gmt":"2022-12-09 23:33:46","post_content":"","post_title":"MANUEL RUIZ JURADO","post_excerpt":"","post_status":"publish","comment_status":"closed","ping_status":"closed","post_password":"","post_name":"manuel-ruiz-jurado","to_ping":"","pinged":"","post_modified":"2022-12-10 00:33:46","post_modified_gmt":"2022-12-09 23:33:46","post_content_filtered":"","post_parent":0,"guid":"http:\/\/dev.claret.cat\/autor\/manuel-ruiz-jurado\/","menu_order":0,"post_type":"autor","post_mime_type":"","comment_count":"0","filter":"raw"}],"booktrailer":"","resenas":""},"aioseo_notices":[],"_links":{"self":[{"href":"https:\/\/www.claret.cat\/es\/wp-json\/wp\/v2\/product\/247806","targetHints":{"allow":["GET"]}}],"collection":[{"href":"https:\/\/www.claret.cat\/es\/wp-json\/wp\/v2\/product"}],"about":[{"href":"https:\/\/www.claret.cat\/es\/wp-json\/wp\/v2\/types\/product"}],"wp:featuredmedia":[{"embeddable":true,"href":"https:\/\/www.claret.cat\/es\/wp-json\/wp\/v2\/media\/1093085"}],"wp:attachment":[{"href":"https:\/\/www.claret.cat\/es\/wp-json\/wp\/v2\/media?parent=247806"}],"wp:term":[{"taxonomy":"product_brand","embeddable":true,"href":"https:\/\/www.claret.cat\/es\/wp-json\/wp\/v2\/product_brand?post=247806"},{"taxonomy":"product_cat","embeddable":true,"href":"https:\/\/www.claret.cat\/es\/wp-json\/wp\/v2\/product_cat?post=247806"},{"taxonomy":"product_tag","embeddable":true,"href":"https:\/\/www.claret.cat\/es\/wp-json\/wp\/v2\/product_tag?post=247806"}],"curies":[{"name":"wp","href":"https:\/\/api.w.org\/{rel}","templated":true}]}}