{"id":247951,"date":"2022-10-21T03:08:10","date_gmt":"2022-10-21T01:08:10","guid":{"rendered":"http:\/\/dev.claret.cat\/producte\/kit-tus-princesas-disney-de-crochet\/"},"modified":"2023-01-28T15:25:03","modified_gmt":"2023-01-28T14:25:03","slug":"kit-tus-princesas-disney-de-crochet-9788448021573","status":"publish","type":"product","link":"https:\/\/www.claret.cat\/es\/libro\/kit-tus-princesas-disney-de-crochet-9788448021573\/","title":{"rendered":"KIT TUS PRINCESAS DISNEY DE CROCHET"},"content":{"rendered":"<p>Prep\u00e1rate para entrar en el mundo de felices para siempre con tu aguja de crochet. Con m\u00e1s de cien im\u00e1genes a color e instrucciones paso a paso, este encantador kit te ayudar\u00e1 a dar vida a las once princesas de Disney, entre ellas Blancanieves, Bella Durmiente, la valiente M\u00e9rida y muchas m\u00e1s.Contiene todo lo que necesitas para realizar dos proyectos, las princesas Cenicienta y Ariel:? Hilo de 9 colores distintos? Una aguja de crochet y otra para tapiz? Hilo para bordar? Cuentas de pl\u00e1stico para los ojos? Relleno<\/p>\n","protected":false},"excerpt":{"rendered":"<p>WARD, JESSICA<\/p>\n","protected":false},"featured_media":247952,"template":"","meta":{"_acf_changed":false,"om_disable_all_campaigns":false,"rs_blank_template":"","rs_page_bg_color":"","slide_template_v7":"","inline_featured_image":false,"_monsterinsights_skip_tracking":false,"_monsterinsights_sitenote_active":false,"_monsterinsights_sitenote_note":"","_monsterinsights_sitenote_category":0},"product_brand":[],"product_cat":[101],"product_tag":[],"class_list":{"0":"post-247951","1":"product","2":"type-product","3":"status-publish","4":"has-post-thumbnail","6":"product_cat-manualitats","8":"first","9":"instock","10":"taxable","11":"shipping-taxable","12":"purchasable","13":"product-type-simple"},"acf":{"autor":"WARD, JESSICA","codart":"844802157","libros-coleccion":"","ediciones":"1","encuadernacion":"Carpeta","fecha_de_publicacion":"01\/10\/2015","novedad":"0","paginas":"1","subtitulo":"INCLUYE TODO EL MATERIAL PARA REALIZAR LAS PRINCESAS CENICIENTA..","orden":"999","portada":"0","idioma":"spa","editorial":[{"ID":148426,"post_author":"3","post_date":"2022-10-14 11:58:09","post_date_gmt":"2022-10-14 09:58:09","post_content":"","post_title":"LIBROS C\u00daPULA","post_excerpt":"","post_status":"publish","comment_status":"closed","ping_status":"closed","post_password":"","post_name":"libros-cupula","to_ping":"","pinged":"","post_modified":"2022-10-14 11:58:09","post_modified_gmt":"2022-10-14 09:58:09","post_content_filtered":"","post_parent":0,"guid":"http:\/\/dev.claret.cat\/editorial\/libros-cupula\/","menu_order":0,"post_type":"editorial","post_mime_type":"","comment_count":"0","filter":"raw"}]},"aioseo_notices":[],"_links":{"self":[{"href":"https:\/\/www.claret.cat\/es\/wp-json\/wp\/v2\/product\/247951","targetHints":{"allow":["GET"]}}],"collection":[{"href":"https:\/\/www.claret.cat\/es\/wp-json\/wp\/v2\/product"}],"about":[{"href":"https:\/\/www.claret.cat\/es\/wp-json\/wp\/v2\/types\/product"}],"wp:featuredmedia":[{"embeddable":true,"href":"https:\/\/www.claret.cat\/es\/wp-json\/wp\/v2\/media\/247952"}],"wp:attachment":[{"href":"https:\/\/www.claret.cat\/es\/wp-json\/wp\/v2\/media?parent=247951"}],"wp:term":[{"taxonomy":"product_brand","embeddable":true,"href":"https:\/\/www.claret.cat\/es\/wp-json\/wp\/v2\/product_brand?post=247951"},{"taxonomy":"product_cat","embeddable":true,"href":"https:\/\/www.claret.cat\/es\/wp-json\/wp\/v2\/product_cat?post=247951"},{"taxonomy":"product_tag","embeddable":true,"href":"https:\/\/www.claret.cat\/es\/wp-json\/wp\/v2\/product_tag?post=247951"}],"curies":[{"name":"wp","href":"https:\/\/api.w.org\/{rel}","templated":true}]}}