{"id":248119,"date":"2022-10-21T03:12:34","date_gmt":"2022-10-21T01:12:34","guid":{"rendered":"http:\/\/dev.claret.cat\/producte\/la-sabiduria-del-escriba\/"},"modified":"2024-05-23T05:53:54","modified_gmt":"2024-05-23T03:53:54","slug":"la-sabiduria-del-escriba-9788490731468","status":"publish","type":"product","link":"https:\/\/www.claret.cat\/es\/libro\/la-sabiduria-del-escriba-9788490731468\/","title":{"rendered":"LA SABIDUR\u00cdA DEL ESCRIBA"},"content":{"rendered":"<p>Este volumen ofrece la primera traducci\u00f3n del texto sir\u00edaco de Ben Sira en espa\u00f1ol e ingl\u00e9s y va acompa\u00f1ada de una amplia introducci\u00f3n, notas explicativas y bibliograf\u00eda. El texto base es la copia m\u00e1s antigua del texto sir\u00edaco de Ben Sira, es decir, el C\u00f3dice Ambrosiano de Mil\u00e1n.<\/p>\n","protected":false},"excerpt":{"rendered":"<p>CALDUCH-BENAGES, NURIA; FERRER COSTA, JOAN; LIESEN, JAN<\/p>\n","protected":false},"featured_media":372050,"template":"","meta":{"_acf_changed":false,"om_disable_all_campaigns":false,"rs_blank_template":"","rs_page_bg_color":"","slide_template_v7":"","inline_featured_image":false,"_monsterinsights_skip_tracking":false,"_monsterinsights_sitenote_active":false,"_monsterinsights_sitenote_note":"","_monsterinsights_sitenote_category":0},"product_brand":[],"product_cat":[90,540],"product_tag":[],"class_list":{"0":"post-248119","1":"product","2":"type-product","3":"status-publish","4":"has-post-thumbnail","6":"product_cat-altres","7":"product_cat-otros","9":"first","10":"instock","11":"taxable","12":"shipping-taxable","13":"purchasable","14":"product-type-simple"},"acf":{"autor":"CALDUCH-BENAGES, NURIA; FERRER COSTA, JOAN; LIESEN, JAN","codart":"849073146","libros-coleccion":"","ediciones":"2","encuadernacion":"R\u00fastica","fecha_de_publicacion":"04\/09\/2015","novedad":"0","paginas":"280","subtitulo":"","orden":"999","portada":"0","idioma":"spa","editorial":[{"ID":6390,"post_author":"3","post_date":"2022-07-28 17:51:08","post_date_gmt":"2022-07-28 15:51:08","post_content":"","post_title":"VERBO DIVINO","post_excerpt":"","post_status":"publish","comment_status":"closed","ping_status":"closed","post_password":"","post_name":"verbo-divino","to_ping":"","pinged":"","post_modified":"2022-07-28 17:51:08","post_modified_gmt":"2022-07-28 15:51:08","post_content_filtered":"","post_parent":0,"guid":"http:\/\/dev.claret.cat\/editorial\/verbo-divino\/","menu_order":0,"post_type":"editorial","post_mime_type":"","comment_count":"0","filter":"raw"}],"autores-libros":[{"ID":5895,"post_author":"3","post_date":"2022-07-28 17:33:48","post_date_gmt":"2022-07-28 15:33:48","post_content":"","post_title":"N\u00daRIA CALDUCH-BENAGES","post_excerpt":"","post_status":"publish","comment_status":"closed","ping_status":"closed","post_password":"","post_name":"nuria-calduch-benages","to_ping":"","pinged":"","post_modified":"2022-07-28 17:33:48","post_modified_gmt":"2022-07-28 15:33:48","post_content_filtered":"","post_parent":0,"guid":"http:\/\/dev.claret.cat\/autor\/nuria-calduch-benages\/","menu_order":0,"post_type":"autor","post_mime_type":"","comment_count":"0","filter":"raw"},{"ID":359710,"post_author":"3","post_date":"2023-01-15 05:23:49","post_date_gmt":"2023-01-15 04:23:49","post_content":"","post_title":"JOAN FERRER COSTA","post_excerpt":"","post_status":"publish","comment_status":"closed","ping_status":"closed","post_password":"","post_name":"joan-ferrer-costa","to_ping":"","pinged":"","post_modified":"2023-01-15 05:23:49","post_modified_gmt":"2023-01-15 04:23:49","post_content_filtered":"","post_parent":0,"guid":"https:\/\/www.claret.cat\/autor\/joan-ferrer-costa\/","menu_order":0,"post_type":"autor","post_mime_type":"","comment_count":"0","filter":"raw"},{"ID":359709,"post_author":"3","post_date":"2023-01-15 05:23:47","post_date_gmt":"2023-01-15 04:23:47","post_content":"","post_title":"JAN LIESEN","post_excerpt":"","post_status":"publish","comment_status":"closed","ping_status":"closed","post_password":"","post_name":"jan-liesen","to_ping":"","pinged":"","post_modified":"2023-01-15 05:23:47","post_modified_gmt":"2023-01-15 04:23:47","post_content_filtered":"","post_parent":0,"guid":"https:\/\/www.claret.cat\/autor\/jan-liesen\/","menu_order":0,"post_type":"autor","post_mime_type":"","comment_count":"0","filter":"raw"}]},"aioseo_notices":[],"_links":{"self":[{"href":"https:\/\/www.claret.cat\/es\/wp-json\/wp\/v2\/product\/248119","targetHints":{"allow":["GET"]}}],"collection":[{"href":"https:\/\/www.claret.cat\/es\/wp-json\/wp\/v2\/product"}],"about":[{"href":"https:\/\/www.claret.cat\/es\/wp-json\/wp\/v2\/types\/product"}],"wp:featuredmedia":[{"embeddable":true,"href":"https:\/\/www.claret.cat\/es\/wp-json\/wp\/v2\/media\/372050"}],"wp:attachment":[{"href":"https:\/\/www.claret.cat\/es\/wp-json\/wp\/v2\/media?parent=248119"}],"wp:term":[{"taxonomy":"product_brand","embeddable":true,"href":"https:\/\/www.claret.cat\/es\/wp-json\/wp\/v2\/product_brand?post=248119"},{"taxonomy":"product_cat","embeddable":true,"href":"https:\/\/www.claret.cat\/es\/wp-json\/wp\/v2\/product_cat?post=248119"},{"taxonomy":"product_tag","embeddable":true,"href":"https:\/\/www.claret.cat\/es\/wp-json\/wp\/v2\/product_tag?post=248119"}],"curies":[{"name":"wp","href":"https:\/\/api.w.org\/{rel}","templated":true}]}}