{"id":248198,"date":"2022-10-21T03:14:20","date_gmt":"2022-10-21T01:14:20","guid":{"rendered":"http:\/\/dev.claret.cat\/producte\/volem-la-independencia\/"},"modified":"2025-01-31T15:06:55","modified_gmt":"2025-01-31T14:06:55","slug":"volem-la-independencia-9788416166732","status":"publish","type":"product","link":"https:\/\/www.claret.cat\/es\/libro\/volem-la-independencia-9788416166732\/","title":{"rendered":"VOLEM LA INDEPENDENCIA ?"},"content":{"rendered":"<p>Aquest llibre s&#8221;adre\u00e7a a tots els que van votar el 9-N. Especialment als qui no han ent\u00e8s per qu\u00e8 es va desinflar la unitat aconseguida en favor d&#8221;un Estat propi independent. Repassa les moltes raons de la independ\u00e8ncia. La fonamental \u00e9s l&#8221;autogovern, perqu\u00e8 som una naci\u00f3. L&#8221;Estat espanyol ens el nega des de fa tres-cents anys. L&#8221;esperan\u00e7a de guanyar-lo es concreta en la unitat electoral. Quan focalitzem la nostra for\u00e7a en un sol objectiu, guanyem pot\u00e8ncia i esdevenim engrescadors. El 9-N la vam exercitar i, de sobte, vam sentir que se&#8221;ns obria el futur. Cada vegada que ens tornem a dividir, el nostre futur col\u00b7lectiu s&#8221;enfosqueix. No ens podem separar lluny de casa (com vam fer a Europa, per exemple) davant d&#8221;aquells a qui hem d&#8221;impressionar.<\/p>\n<p>El llibre argumenta la necessitat imperiosa d&#8221;unitat electoral, feli\u00e7ment definida per al 27 de setembre al Parlament. Reclama exercitar-la un altre cop a la tardor, a les eleccions al Congr\u00e9s dels Diputats. Guanyar-les -que no ho hem aconseguit mai- \u00e9s un desafiament molt important perqu\u00e8 visualitza el resultat del refer\u00e8ndum definitiu.<\/p>\n","protected":false},"excerpt":{"rendered":"<p>CARRERAS, ALBERT<\/p>\n","protected":false},"featured_media":316981,"template":"","meta":{"_acf_changed":false,"om_disable_all_campaigns":false,"rs_blank_template":"","rs_page_bg_color":"","slide_template_v7":"","inline_featured_image":false,"_monsterinsights_skip_tracking":false,"_monsterinsights_sitenote_active":false,"_monsterinsights_sitenote_note":"","_monsterinsights_sitenote_category":0},"product_brand":[],"product_cat":[162,436],"product_tag":[],"class_list":{"0":"post-248198","1":"product","2":"type-product","3":"status-publish","4":"has-post-thumbnail","6":"product_cat-economica-i-politica","7":"product_cat-economica-y-politica","9":"first","10":"instock","11":"taxable","12":"shipping-taxable","13":"purchasable","14":"product-type-simple"},"acf":{"autor":"CARRERAS, ALBERT","codart":"841616673","libros-coleccion":"","ediciones":"1","encuadernacion":"R\u00fastica","fecha_de_publicacion":"01\/09\/2015","novedad":"0","paginas":"140","subtitulo":"","orden":"999","portada":"0","idioma":"cat","editorial":[{"ID":147533,"post_author":"3","post_date":"2022-10-14 11:51:18","post_date_gmt":"2022-10-14 09:51:18","post_content":"","post_title":"BASE EDITORIAL","post_excerpt":"","post_status":"publish","comment_status":"closed","ping_status":"closed","post_password":"","post_name":"base-editorial","to_ping":"","pinged":"","post_modified":"2022-10-14 11:51:18","post_modified_gmt":"2022-10-14 09:51:18","post_content_filtered":"","post_parent":0,"guid":"http:\/\/dev.claret.cat\/editorial\/base-editorial\/","menu_order":0,"post_type":"editorial","post_mime_type":"","comment_count":"0","filter":"raw"}],"autores-libros":[{"ID":149406,"post_author":"3","post_date":"2022-10-14 14:24:36","post_date_gmt":"2022-10-14 12:24:36","post_content":"","post_title":"ALBERT CARRERAS","post_excerpt":"","post_status":"publish","comment_status":"closed","ping_status":"closed","post_password":"","post_name":"albert-carreras","to_ping":"","pinged":"","post_modified":"2022-10-14 14:24:36","post_modified_gmt":"2022-10-14 12:24:36","post_content_filtered":"","post_parent":0,"guid":"http:\/\/dev.claret.cat\/autor\/albert-carreras\/","menu_order":0,"post_type":"autor","post_mime_type":"","comment_count":"0","filter":"raw"}]},"aioseo_notices":[],"_links":{"self":[{"href":"https:\/\/www.claret.cat\/es\/wp-json\/wp\/v2\/product\/248198","targetHints":{"allow":["GET"]}}],"collection":[{"href":"https:\/\/www.claret.cat\/es\/wp-json\/wp\/v2\/product"}],"about":[{"href":"https:\/\/www.claret.cat\/es\/wp-json\/wp\/v2\/types\/product"}],"wp:featuredmedia":[{"embeddable":true,"href":"https:\/\/www.claret.cat\/es\/wp-json\/wp\/v2\/media\/316981"}],"wp:attachment":[{"href":"https:\/\/www.claret.cat\/es\/wp-json\/wp\/v2\/media?parent=248198"}],"wp:term":[{"taxonomy":"product_brand","embeddable":true,"href":"https:\/\/www.claret.cat\/es\/wp-json\/wp\/v2\/product_brand?post=248198"},{"taxonomy":"product_cat","embeddable":true,"href":"https:\/\/www.claret.cat\/es\/wp-json\/wp\/v2\/product_cat?post=248198"},{"taxonomy":"product_tag","embeddable":true,"href":"https:\/\/www.claret.cat\/es\/wp-json\/wp\/v2\/product_tag?post=248198"}],"curies":[{"name":"wp","href":"https:\/\/api.w.org\/{rel}","templated":true}]}}