{"id":248204,"date":"2022-10-21T03:14:29","date_gmt":"2022-10-21T01:14:29","guid":{"rendered":"http:\/\/dev.claret.cat\/producte\/hamish-y-los-paramundos\/"},"modified":"2023-01-28T23:28:22","modified_gmt":"2023-01-28T22:28:22","slug":"hamish-y-los-paramundos-9788467582543","status":"publish","type":"product","link":"https:\/\/www.claret.cat\/es\/libro\/hamish-y-los-paramundos-9788467582543\/","title":{"rendered":"HAMISH Y LOS PARAMUNDOS"},"content":{"rendered":"<p>\u00bfQu\u00e9 har\u00edas t\u00fa si el mundo entero se detuviera? S\u00ed: el MUNDO ENTERO. P\u00e1jaros en pleno vuelo. Aviones en el aire. Todo el mundo petrificado&#8230; \u00a1menos t\u00fa!<\/p>\n<p> Bueno, pues eso es lo que le pasa \u00faltimamente a Hamish Ellerby. Y sabe qui\u00e9nes son los culpables: \u00a1los Paramundos y sus secuaces, los terribles Terribles! Esos perversos seres tienen un PLAN: apoderarse del mundo.<\/p>\n<p> Ah, y odian a los ni\u00f1os. Especialmente, si conocen su existencia.<\/p>\n<p> Huy&#8230; Ahora t\u00fa conoces su existencia. Ay, madre.<\/p>\n<p> \u00bfPodr\u00e1n salvarte Hamish y la PDP de los p\u00e9rfidos Paramundos?<\/p>\n<p> Vaya usted a saber&#8230;<\/p>\n","protected":false},"excerpt":{"rendered":"<p>WALLACE, DANNY<\/p>\n","protected":false},"featured_media":248205,"template":"","meta":{"_acf_changed":false,"om_disable_all_campaigns":false,"rs_blank_template":"","rs_page_bg_color":"","slide_template_v7":"","inline_featured_image":false,"_monsterinsights_skip_tracking":false,"_monsterinsights_sitenote_active":false,"_monsterinsights_sitenote_note":"","_monsterinsights_sitenote_category":0},"product_brand":[],"product_cat":[132],"product_tag":[],"class_list":{"0":"post-248204","1":"product","2":"type-product","3":"status-publish","4":"has-post-thumbnail","6":"product_cat-lectures-per-preadolescents-6-12-anys","8":"first","9":"instock","10":"taxable","11":"shipping-taxable","12":"purchasable","13":"product-type-simple"},"acf":{"autor":"WALLACE, DANNY","codart":"846758254","libros-coleccion":"","ediciones":"1","encuadernacion":"R\u00fastica","fecha_de_publicacion":"01\/09\/2015","novedad":"0","paginas":"330","subtitulo":"","orden":"999","portada":"0","idioma":"spa","editorial":[{"ID":147854,"post_author":"3","post_date":"2022-10-14 11:53:43","post_date_gmt":"2022-10-14 09:53:43","post_content":"","post_title":"EDICIONES SM","post_excerpt":"","post_status":"publish","comment_status":"closed","ping_status":"closed","post_password":"","post_name":"ediciones-sm","to_ping":"","pinged":"","post_modified":"2022-10-14 11:53:43","post_modified_gmt":"2022-10-14 09:53:43","post_content_filtered":"","post_parent":0,"guid":"http:\/\/dev.claret.cat\/editorial\/ediciones-sm\/","menu_order":0,"post_type":"editorial","post_mime_type":"","comment_count":"0","filter":"raw"}],"autores-libros":[{"ID":153682,"post_author":"3","post_date":"2022-10-14 14:58:41","post_date_gmt":"2022-10-14 12:58:41","post_content":"","post_title":"DANNY WALLACE","post_excerpt":"","post_status":"publish","comment_status":"closed","ping_status":"closed","post_password":"","post_name":"danny-wallace","to_ping":"","pinged":"","post_modified":"2022-10-14 14:58:41","post_modified_gmt":"2022-10-14 12:58:41","post_content_filtered":"","post_parent":0,"guid":"http:\/\/dev.claret.cat\/autor\/danny-wallace\/","menu_order":0,"post_type":"autor","post_mime_type":"","comment_count":"0","filter":"raw"}]},"aioseo_notices":[],"_links":{"self":[{"href":"https:\/\/www.claret.cat\/es\/wp-json\/wp\/v2\/product\/248204","targetHints":{"allow":["GET"]}}],"collection":[{"href":"https:\/\/www.claret.cat\/es\/wp-json\/wp\/v2\/product"}],"about":[{"href":"https:\/\/www.claret.cat\/es\/wp-json\/wp\/v2\/types\/product"}],"wp:featuredmedia":[{"embeddable":true,"href":"https:\/\/www.claret.cat\/es\/wp-json\/wp\/v2\/media\/248205"}],"wp:attachment":[{"href":"https:\/\/www.claret.cat\/es\/wp-json\/wp\/v2\/media?parent=248204"}],"wp:term":[{"taxonomy":"product_brand","embeddable":true,"href":"https:\/\/www.claret.cat\/es\/wp-json\/wp\/v2\/product_brand?post=248204"},{"taxonomy":"product_cat","embeddable":true,"href":"https:\/\/www.claret.cat\/es\/wp-json\/wp\/v2\/product_cat?post=248204"},{"taxonomy":"product_tag","embeddable":true,"href":"https:\/\/www.claret.cat\/es\/wp-json\/wp\/v2\/product_tag?post=248204"}],"curies":[{"name":"wp","href":"https:\/\/api.w.org\/{rel}","templated":true}]}}