{"id":248263,"date":"2022-10-21T03:15:49","date_gmt":"2022-10-21T01:15:49","guid":{"rendered":"http:\/\/dev.claret.cat\/producte\/el-padre-pio-hechos-extraordinarios-del-santo-de-los-estigmas\/"},"modified":"2025-09-19T17:53:29","modified_gmt":"2025-09-19T15:53:29","slug":"el-padre-pio-hechos-extraordinarios-del-santo-de-los-estigmas-9788433027931","status":"publish","type":"product","link":"https:\/\/www.claret.cat\/es\/libro\/el-padre-pio-hechos-extraordinarios-del-santo-de-los-estigmas-9788433027931\/","title":{"rendered":"EL PADRE P\u00cdO. HECHOS EXTRAORDINARIOS DEL SANTO DE LOS ESTIGMAS"},"content":{"rendered":"<p>Con el Padre P\u00edo lo extraordinario era ordinario, lo raro era com\u00fan, lo sobrenatural era natural, lo impensable era rutina, y lo impredecible era normal. (Giuseppe Caccioppoli)  <br \/> El Padre P\u00edo (1887-1968) es el santo de los milagros, protagonista de una lista inacabable de hechos extraordinarios: estigmas, sanaciones, visiones, profec\u00edas, clarividencia, don de lenguas&#8230; <br \/> El santo de los estigmas sigue hoy d\u00eda derramando a manos llenas sus carismas sobrenaturales sobre quienes le invocan con fe, lo cual le ha convertido en el santo m\u00e1s popular de la cristiandad, al que m\u00e1s se pide su intercesi\u00f3n para conseguir alg\u00fan favor o gracia.  <br \/> En la presente obra se recogen muchos de los hechos extraordinarios que protagoniz\u00f3 el Padre P\u00edo, la mayor\u00eda de los cuales son totalmente desconocidos para el p\u00fablico de lengua castellana, lo cual sin duda aumenta su atractivo. Expuestas en forma de relatos breves, donde lo sobrenatural va de la mano con lo anecd\u00f3tico, sin elaboraciones te\u00f3ricas, estas historias proporcionan igualmente un motivo para la reflexi\u00f3n, y su conjunto constituye una exposici\u00f3n del programa genuino de la vida cristiana: la Misa, la confesi\u00f3n, Mar\u00eda, el Rosario, el \u00c1ngel de la Guarda, la vida del m\u00e1s all\u00e1, la oraci\u00f3n, la cruz, la conversi\u00f3n&#8230;<\/p>\n","protected":false},"excerpt":{"rendered":"<p>BEN\u00cdTEZ GRANDE-CABALLERO, LAUREANO \/ PE\u00d1A MAYORAL, \u00d3SCAR<\/p>\n","protected":false},"featured_media":346612,"template":"","meta":{"_acf_changed":false,"om_disable_all_campaigns":false,"rs_blank_template":"","rs_page_bg_color":"","slide_template_v7":"","inline_featured_image":false,"_monsterinsights_skip_tracking":false,"_monsterinsights_sitenote_active":false,"_monsterinsights_sitenote_note":"","_monsterinsights_sitenote_category":0},"product_brand":[],"product_cat":[90,540],"product_tag":[],"class_list":{"0":"post-248263","1":"product","2":"type-product","3":"status-publish","4":"has-post-thumbnail","6":"product_cat-altres","7":"product_cat-otros","9":"first","10":"instock","11":"taxable","12":"shipping-taxable","13":"purchasable","14":"product-type-simple"},"acf":{"autor":"BEN\u00cdTEZ GRANDE-CABALLERO, LAUREANO \/ PE\u00d1A MAYORAL, \u00d3SCAR","codart":"843302793","libros-coleccion":"","ediciones":"1","encuadernacion":"R\u00fastica","fecha_de_publicacion":"01\/09\/2015","novedad":"0","paginas":"247","subtitulo":"HECHOS EXTRAORDINARIOS DEL SANTO DE LOS ESTIGMAS","orden":"999","portada":"0","idioma":"spa","editorial":[{"ID":6179,"post_author":"3","post_date":"2022-07-28 17:46:36","post_date_gmt":"2022-07-28 15:46:36","post_content":"","post_title":"DESCLEE DE BROUWER","post_excerpt":"","post_status":"publish","comment_status":"closed","ping_status":"closed","post_password":"","post_name":"desclee-de-brouwer","to_ping":"","pinged":"","post_modified":"2022-07-28 17:46:36","post_modified_gmt":"2022-07-28 15:46:36","post_content_filtered":"","post_parent":0,"guid":"http:\/\/dev.claret.cat\/editorial\/desclee-de-brouwer\/","menu_order":0,"post_type":"editorial","post_mime_type":"","comment_count":"0","filter":"raw"}],"autores-libros":[{"ID":162020,"post_author":"3","post_date":"2022-10-14 17:27:43","post_date_gmt":"2022-10-14 15:27:43","post_content":"","post_title":"LAUREANO BEN\u00cdTEZ GRANDE-CABALLERO","post_excerpt":"","post_status":"publish","comment_status":"closed","ping_status":"closed","post_password":"","post_name":"laureano-benitez-grande-caballero","to_ping":"","pinged":"","post_modified":"2022-10-14 17:27:43","post_modified_gmt":"2022-10-14 15:27:43","post_content_filtered":"","post_parent":0,"guid":"http:\/\/dev.claret.cat\/autor\/laureano-benitez-grande-caballero\/","menu_order":0,"post_type":"autor","post_mime_type":"","comment_count":"0","filter":"raw"},{"ID":346611,"post_author":"3","post_date":"2023-01-14 01:20:09","post_date_gmt":"2023-01-14 00:20:09","post_content":"","post_title":"\u00d3SCAR PE\u00d1A MAYORAL","post_excerpt":"","post_status":"publish","comment_status":"closed","ping_status":"closed","post_password":"","post_name":"oscar-pena-mayoral","to_ping":"","pinged":"","post_modified":"2023-01-14 01:20:09","post_modified_gmt":"2023-01-14 00:20:09","post_content_filtered":"","post_parent":0,"guid":"https:\/\/www.claret.cat\/autor\/oscar-pena-mayoral\/","menu_order":0,"post_type":"autor","post_mime_type":"","comment_count":"0","filter":"raw"}],"booktrailer":"","resenas":""},"aioseo_notices":[],"_links":{"self":[{"href":"https:\/\/www.claret.cat\/es\/wp-json\/wp\/v2\/product\/248263","targetHints":{"allow":["GET"]}}],"collection":[{"href":"https:\/\/www.claret.cat\/es\/wp-json\/wp\/v2\/product"}],"about":[{"href":"https:\/\/www.claret.cat\/es\/wp-json\/wp\/v2\/types\/product"}],"wp:featuredmedia":[{"embeddable":true,"href":"https:\/\/www.claret.cat\/es\/wp-json\/wp\/v2\/media\/346612"}],"wp:attachment":[{"href":"https:\/\/www.claret.cat\/es\/wp-json\/wp\/v2\/media?parent=248263"}],"wp:term":[{"taxonomy":"product_brand","embeddable":true,"href":"https:\/\/www.claret.cat\/es\/wp-json\/wp\/v2\/product_brand?post=248263"},{"taxonomy":"product_cat","embeddable":true,"href":"https:\/\/www.claret.cat\/es\/wp-json\/wp\/v2\/product_cat?post=248263"},{"taxonomy":"product_tag","embeddable":true,"href":"https:\/\/www.claret.cat\/es\/wp-json\/wp\/v2\/product_tag?post=248263"}],"curies":[{"name":"wp","href":"https:\/\/api.w.org\/{rel}","templated":true}]}}