{"id":248312,"date":"2022-10-21T03:17:03","date_gmt":"2022-10-21T01:17:03","guid":{"rendered":"http:\/\/dev.claret.cat\/producte\/un-home-enamorat\/"},"modified":"2023-01-28T09:06:14","modified_gmt":"2023-01-28T08:06:14","slug":"un-home-enamorat-9788494348143","status":"publish","type":"product","link":"https:\/\/www.claret.cat\/es\/libro\/un-home-enamorat-9788494348143\/","title":{"rendered":"UN HOME ENAMORAT"},"content":{"rendered":"<p>A Un home enamorat, el segon volum del monumental i espl\u00e8ndid sextet La meva lluita, Karl Ove Knausg\u00e5rd deixa la seva dona i s&#8221;instal?la a Estocolm, sense pensar-s&#8221;ho gaire. All\u00e0 es retroba amb en Geir, un amic noruec de la facultat, intel?lectual i conversador vigor\u00f3s, i amb la Linda, una poeta que va con\u00e8ixer en una trobada d&#8221;escriptors anys enrere i que ser\u00e0 la seva segona dona. L&#8221;autor parla de les segones oportunitats, de la necessitat d&#8221;escriure i de tornar a comen\u00e7ar, de la trasbalsadora experi\u00e8ncia de la paternitat, i de la frustraci\u00f3 d&#8221;emp\u00e8nyer un cotxet per Estocolm i canviar bolquers quan en realitat el que vol fer \u00e9s escriure. Knausg\u00e5rd escriu amb una honestedat punyent i il?luminadora sobre les petiteses de la vida de cada dia, i explora les contradiccions d&#8221;un home que desitja amb la mateixa for\u00e7a la solitud i l&#8221;amor.<\/p>\n","protected":false},"excerpt":{"rendered":"<p>KNAUSG\u00c5RD, KARL OVE<\/p>\n","protected":false},"featured_media":248313,"template":"","meta":{"_acf_changed":false,"om_disable_all_campaigns":false,"rs_blank_template":"","rs_page_bg_color":"","slide_template_v7":"","inline_featured_image":false,"_monsterinsights_skip_tracking":false,"_monsterinsights_sitenote_active":false,"_monsterinsights_sitenote_note":"","_monsterinsights_sitenote_category":0},"product_brand":[],"product_cat":[16],"product_tag":[],"class_list":{"0":"post-248312","1":"product","2":"type-product","3":"status-publish","4":"has-post-thumbnail","6":"product_cat-sense-categoria","8":"first","9":"instock","10":"taxable","11":"shipping-taxable","12":"purchasable","13":"product-type-simple"},"acf":{"autor":"KNAUSG\u00c5RD, KARL OVE","codart":"849434814","libros-coleccion":"","ediciones":"1","encuadernacion":"R\u00fastica","fecha_de_publicacion":"01\/09\/2015","novedad":"0","paginas":"680","subtitulo":"LA MEVA LLUITA 2","orden":"999","portada":"0","idioma":"cat","editorial":[{"ID":8251,"post_author":"3","post_date":"2022-09-30 09:21:29","post_date_gmt":"2022-09-30 07:21:29","post_content":"","post_title":"L'ALTRA EDITORIAL","post_excerpt":"","post_status":"publish","comment_status":"closed","ping_status":"closed","post_password":"","post_name":"laltra-editorial-3","to_ping":"","pinged":"","post_modified":"2022-09-30 09:21:29","post_modified_gmt":"2022-09-30 07:21:29","post_content_filtered":"","post_parent":0,"guid":"http:\/\/dev.claret.cat\/editorial\/laltra-editorial-3\/","menu_order":0,"post_type":"editorial","post_mime_type":"","comment_count":"0","filter":"raw"}],"autores-libros":[{"ID":161446,"post_author":"3","post_date":"2022-10-14 17:18:16","post_date_gmt":"2022-10-14 15:18:16","post_content":"","post_title":"KARL OVE KNAUSG\u00c5RD","post_excerpt":"","post_status":"publish","comment_status":"closed","ping_status":"closed","post_password":"","post_name":"karl-ove-knausgard","to_ping":"","pinged":"","post_modified":"2022-10-14 17:18:16","post_modified_gmt":"2022-10-14 15:18:16","post_content_filtered":"","post_parent":0,"guid":"http:\/\/dev.claret.cat\/autor\/karl-ove-knausgard\/","menu_order":0,"post_type":"autor","post_mime_type":"","comment_count":"0","filter":"raw"}]},"aioseo_notices":[],"_links":{"self":[{"href":"https:\/\/www.claret.cat\/es\/wp-json\/wp\/v2\/product\/248312","targetHints":{"allow":["GET"]}}],"collection":[{"href":"https:\/\/www.claret.cat\/es\/wp-json\/wp\/v2\/product"}],"about":[{"href":"https:\/\/www.claret.cat\/es\/wp-json\/wp\/v2\/types\/product"}],"wp:featuredmedia":[{"embeddable":true,"href":"https:\/\/www.claret.cat\/es\/wp-json\/wp\/v2\/media\/248313"}],"wp:attachment":[{"href":"https:\/\/www.claret.cat\/es\/wp-json\/wp\/v2\/media?parent=248312"}],"wp:term":[{"taxonomy":"product_brand","embeddable":true,"href":"https:\/\/www.claret.cat\/es\/wp-json\/wp\/v2\/product_brand?post=248312"},{"taxonomy":"product_cat","embeddable":true,"href":"https:\/\/www.claret.cat\/es\/wp-json\/wp\/v2\/product_cat?post=248312"},{"taxonomy":"product_tag","embeddable":true,"href":"https:\/\/www.claret.cat\/es\/wp-json\/wp\/v2\/product_tag?post=248312"}],"curies":[{"name":"wp","href":"https:\/\/api.w.org\/{rel}","templated":true}]}}