{"id":248315,"date":"2022-10-21T03:17:07","date_gmt":"2022-10-21T01:17:07","guid":{"rendered":"http:\/\/dev.claret.cat\/producte\/guia-practica-para-una-alimentacion-y-vida-anticancer\/"},"modified":"2025-11-12T17:35:22","modified_gmt":"2025-11-12T16:35:22","slug":"guia-practica-para-una-alimentacion-y-vida-anticancer-9788479539177","status":"publish","type":"product","link":"https:\/\/www.claret.cat\/es\/libro\/guia-practica-para-una-alimentacion-y-vida-anticancer-9788479539177\/","title":{"rendered":"GU\u00cdA PR\u00c1CTICA PARA UNA ALIMENTACI\u00d3N Y VIDA ANTIC\u00c1NCER"},"content":{"rendered":"<p>&#8211; Escrito por la Dra. Odile Fern\u00e1ndez, superviviente de c\u00e1ncer y autora de los bestsellers internacionales Mis recetas antic\u00e1ncer y Mis recetas de cocina antic\u00e1ncer (Urano).<br \/> &#8211; Una obra id\u00f3nea para todas aquellas personas que quieran adoptar un estilo de vida antic\u00e1ncer, tanto a nivel preventivo como tras haber desarrollado la enfermedad.<br \/> &#8211; Contiene informaci\u00f3n concisa, pr\u00e1ctica y directa sobre alimentaci\u00f3n, estilos de vida, ejercicio f\u00edsico y bienestar emocional.<\/p>\n<p> Cada vez son m\u00e1s las personas que, ante un diagn\u00f3stico de c\u00e1ncer, se preguntan: \u00bfy ahora qu\u00e9 puedo comer? Frente a una opini\u00f3n m\u00e9dica dividida, Odile Fern\u00e1ndez, m\u00e9dico de familia que en 2010 venci\u00f3 un c\u00e1ncer de ovarios con met\u00e1stasis, apuesta por la alimentaci\u00f3n como herramienta para completar con \u00e9xito el tratamiento prescrito. <\/p>\n<p> Tras el impacto de sus dos primeros libros, Odile Fern\u00e1ndez sigue estudiando e investigando los \u00faltimos avances respecto al tema. En su nueva obra, comparte con los lectores las conclusiones recientes acerca de los alimentos que, por sus propiedades antiinflamatorias y antioxidantes pueden prevenir, retrasar e incluso revertir el proceso, y tambi\u00e9n sobre aquellos que se deben evitar. <\/p>\n<p> El libro explora los efectos de los distintos alimentos seg\u00fan la localizaci\u00f3n y tambi\u00e9n hace hincapi\u00e9 en el papel del ejercicio y del estado an\u00edmico en la evoluci\u00f3n de la enfermedad. Una aut\u00e9ntica biblia antic\u00e1ncer, basada en una visi\u00f3n que ya se conoce como oncolog\u00eda integrativa.<\/p>\n","protected":false},"excerpt":{"rendered":"<p>FERN\u00c1NDEZ, ODILE<\/p>\n","protected":false},"featured_media":1065689,"template":"","meta":{"_acf_changed":false,"om_disable_all_campaigns":false,"rs_blank_template":"","rs_page_bg_color":"","slide_template_v7":"","inline_featured_image":false,"_monsterinsights_skip_tracking":false,"_monsterinsights_sitenote_active":false,"_monsterinsights_sitenote_note":"","_monsterinsights_sitenote_category":0},"product_brand":[],"product_cat":[90,540],"product_tag":[],"class_list":{"0":"post-248315","1":"product","2":"type-product","3":"status-publish","4":"has-post-thumbnail","6":"product_cat-altres","7":"product_cat-otros","9":"first","10":"outofstock","11":"taxable","12":"shipping-taxable","13":"purchasable","14":"product-type-simple"},"acf":{"autor":"FERN\u00c1NDEZ, ODILE","codart":"847953917","libros-coleccion":"","ediciones":"1","encuadernacion":"R\u00fastica","fecha_de_publicacion":"01\/09\/2015","novedad":"0","paginas":"326","subtitulo":"","orden":"8","portada":"0","idioma":"spa","autores-libros":[{"ID":166103,"post_author":"3","post_date":"2022-10-14 18:00:27","post_date_gmt":"2022-10-14 16:00:27","post_content":"","post_title":"ODILE FERN\u00c1NDEZ","post_excerpt":"","post_status":"publish","comment_status":"closed","ping_status":"closed","post_password":"","post_name":"odile-fernandez","to_ping":"","pinged":"","post_modified":"2022-10-14 18:00:27","post_modified_gmt":"2022-10-14 16:00:27","post_content_filtered":"","post_parent":0,"guid":"http:\/\/dev.claret.cat\/autor\/odile-fernandez\/","menu_order":0,"post_type":"autor","post_mime_type":"","comment_count":"0","filter":"raw"}],"booktrailer":"","resenas":"","editorial":[{"ID":262565,"post_author":"3","post_date":"2022-10-24 11:26:02","post_date_gmt":"2022-10-24 09:26:02","post_content":"","post_title":"URANO, EDICIONES S.A.","post_excerpt":"","post_status":"publish","comment_status":"closed","ping_status":"closed","post_password":"","post_name":"urano-ediciones-s-a","to_ping":"","pinged":"","post_modified":"2022-10-24 11:26:02","post_modified_gmt":"2022-10-24 09:26:02","post_content_filtered":"","post_parent":0,"guid":"http:\/\/dev.claret.cat\/editorial\/urano-ediciones-s-a\/","menu_order":0,"post_type":"editorial","post_mime_type":"","comment_count":"0","filter":"raw"}]},"aioseo_notices":[],"_links":{"self":[{"href":"https:\/\/www.claret.cat\/es\/wp-json\/wp\/v2\/product\/248315","targetHints":{"allow":["GET"]}}],"collection":[{"href":"https:\/\/www.claret.cat\/es\/wp-json\/wp\/v2\/product"}],"about":[{"href":"https:\/\/www.claret.cat\/es\/wp-json\/wp\/v2\/types\/product"}],"wp:featuredmedia":[{"embeddable":true,"href":"https:\/\/www.claret.cat\/es\/wp-json\/wp\/v2\/media\/1065689"}],"wp:attachment":[{"href":"https:\/\/www.claret.cat\/es\/wp-json\/wp\/v2\/media?parent=248315"}],"wp:term":[{"taxonomy":"product_brand","embeddable":true,"href":"https:\/\/www.claret.cat\/es\/wp-json\/wp\/v2\/product_brand?post=248315"},{"taxonomy":"product_cat","embeddable":true,"href":"https:\/\/www.claret.cat\/es\/wp-json\/wp\/v2\/product_cat?post=248315"},{"taxonomy":"product_tag","embeddable":true,"href":"https:\/\/www.claret.cat\/es\/wp-json\/wp\/v2\/product_tag?post=248315"}],"curies":[{"name":"wp","href":"https:\/\/api.w.org\/{rel}","templated":true}]}}