{"id":248461,"date":"2022-10-21T03:20:31","date_gmt":"2022-10-21T01:20:31","guid":{"rendered":"http:\/\/dev.claret.cat\/producte\/un-ano-con-las-golondrinas\/"},"modified":"2023-01-28T17:27:49","modified_gmt":"2023-01-28T16:27:49","slug":"un-ano-con-las-golondrinas-9788494429514","status":"publish","type":"product","link":"https:\/\/www.claret.cat\/es\/libro\/un-ano-con-las-golondrinas-9788494429514\/","title":{"rendered":"UN A\u00d1O CON LAS GOLONDRINAS"},"content":{"rendered":"<p>Un trino brillante, una demostraci\u00f3n de destreza a\u00e9rea &#8211; aqu\u00ed est\u00e1n: \u00a1Las golondrinas han regresado de su cuartel de invierno! Veamos c\u00f3mo construyen un nuevo nido en el establo, c\u00f3mo la hembra pone los huevos de los que pronto saldr\u00e1n las cr\u00edas. Podemos verlas crecer y presenciar sus primeros intentos de volar. Y entonces, un d\u00eda, dicen adi\u00f3s a la vieja granja y llega el comienzo de un largo viaje a trav\u00e9s de desiertos y sabanas hasta Sud\u00e1frica. Por supuesto, no es un adi\u00f3s definitivo: un d\u00eda volver\u00e1n volando al norte para pasar otro verano.<\/p>\n<p> Este es un libro divulgativo, s\u00f3lido y bien elaborado, que los ni\u00f1os se apresurar\u00e1n a abrir para aprender todo sobre estas adorables aves migratorias.<\/p>\n","protected":false},"excerpt":{"rendered":"<p>M\u00dcLLER, THOMAS<\/p>\n","protected":false},"featured_media":248462,"template":"","meta":{"_acf_changed":false,"om_disable_all_campaigns":false,"rs_blank_template":"","rs_page_bg_color":"","slide_template_v7":"","inline_featured_image":false,"_monsterinsights_skip_tracking":false,"_monsterinsights_sitenote_active":false,"_monsterinsights_sitenote_note":"","_monsterinsights_sitenote_category":0},"product_brand":[],"product_cat":[86],"product_tag":[],"class_list":{"0":"post-248461","1":"product","2":"type-product","3":"status-publish","4":"has-post-thumbnail","6":"product_cat-infantil","8":"first","9":"instock","10":"taxable","11":"shipping-taxable","12":"purchasable","13":"product-type-simple"},"acf":{"autor":"M\u00dcLLER, THOMAS","codart":"849442951","libros-coleccion":"","ediciones":"1","encuadernacion":"Carton\u00e9","fecha_de_publicacion":"01\/09\/2015","novedad":"0","paginas":"36","subtitulo":"","orden":"999","portada":"0","idioma":"spa","editorial":[{"ID":148459,"post_author":"3","post_date":"2022-10-14 11:58:24","post_date_gmt":"2022-10-14 09:58:24","post_content":"","post_title":"LOGUEZ EDICIONES","post_excerpt":"","post_status":"publish","comment_status":"closed","ping_status":"closed","post_password":"","post_name":"loguez-ediciones","to_ping":"","pinged":"","post_modified":"2022-10-14 11:58:24","post_modified_gmt":"2022-10-14 09:58:24","post_content_filtered":"","post_parent":0,"guid":"http:\/\/dev.claret.cat\/editorial\/loguez-ediciones\/","menu_order":0,"post_type":"editorial","post_mime_type":"","comment_count":"0","filter":"raw"}],"autores-libros":[{"ID":170351,"post_author":"3","post_date":"2022-10-14 22:34:37","post_date_gmt":"2022-10-14 20:34:37","post_content":"","post_title":"THOMAS M\u00dcLLER","post_excerpt":"","post_status":"publish","comment_status":"closed","ping_status":"closed","post_password":"","post_name":"thomas-muller","to_ping":"","pinged":"","post_modified":"2022-10-14 22:34:37","post_modified_gmt":"2022-10-14 20:34:37","post_content_filtered":"","post_parent":0,"guid":"http:\/\/dev.claret.cat\/autor\/thomas-muller\/","menu_order":0,"post_type":"autor","post_mime_type":"","comment_count":"0","filter":"raw"}]},"aioseo_notices":[],"_links":{"self":[{"href":"https:\/\/www.claret.cat\/es\/wp-json\/wp\/v2\/product\/248461","targetHints":{"allow":["GET"]}}],"collection":[{"href":"https:\/\/www.claret.cat\/es\/wp-json\/wp\/v2\/product"}],"about":[{"href":"https:\/\/www.claret.cat\/es\/wp-json\/wp\/v2\/types\/product"}],"wp:featuredmedia":[{"embeddable":true,"href":"https:\/\/www.claret.cat\/es\/wp-json\/wp\/v2\/media\/248462"}],"wp:attachment":[{"href":"https:\/\/www.claret.cat\/es\/wp-json\/wp\/v2\/media?parent=248461"}],"wp:term":[{"taxonomy":"product_brand","embeddable":true,"href":"https:\/\/www.claret.cat\/es\/wp-json\/wp\/v2\/product_brand?post=248461"},{"taxonomy":"product_cat","embeddable":true,"href":"https:\/\/www.claret.cat\/es\/wp-json\/wp\/v2\/product_cat?post=248461"},{"taxonomy":"product_tag","embeddable":true,"href":"https:\/\/www.claret.cat\/es\/wp-json\/wp\/v2\/product_tag?post=248461"}],"curies":[{"name":"wp","href":"https:\/\/api.w.org\/{rel}","templated":true}]}}