{"id":248494,"date":"2022-10-21T03:21:16","date_gmt":"2022-10-21T01:21:16","guid":{"rendered":"http:\/\/dev.claret.cat\/producte\/digues-on-es-la-granja-gegant\/"},"modified":"2024-08-30T18:11:13","modified_gmt":"2024-08-30T16:11:13","slug":"digues-on-es-la-granja-gegant-9788466139595","status":"publish","type":"product","link":"https:\/\/www.claret.cat\/es\/libro\/digues-on-es-la-granja-gegant-9788466139595\/","title":{"rendered":"DIGUES ON \u00c9S  LA GRANJA. GEGANT"},"content":{"rendered":"<p>Llibre amb solapes i moltes il\u00b7lustracions per aprendre com \u00e9s i qu\u00e8 hi ha en una granja. Llibre especial dins de la s\u00e8rie amb un format gegant.<\/p>\n","protected":false},"excerpt":{"rendered":"<p>LAVAL, THIERRY<\/p>\n","protected":false},"featured_media":977016,"template":"","meta":{"_acf_changed":false,"om_disable_all_campaigns":false,"rs_blank_template":"","rs_page_bg_color":"","slide_template_v7":"","inline_featured_image":false,"_monsterinsights_skip_tracking":false,"_monsterinsights_sitenote_active":false,"_monsterinsights_sitenote_note":"","_monsterinsights_sitenote_category":0},"product_brand":[],"product_cat":[135,365],"product_tag":[],"class_list":{"0":"post-248494","1":"product","2":"type-product","3":"status-publish","4":"has-post-thumbnail","6":"product_cat-entreteniment","7":"product_cat-entretenimientos","9":"first","10":"instock","11":"taxable","12":"shipping-taxable","13":"purchasable","14":"product-type-simple"},"acf":{"autor":"LAVAL, THIERRY","codart":"846613959","libros-coleccion":"","ediciones":"1","encuadernacion":"Carton\u00e9","fecha_de_publicacion":"01\/09\/2015","novedad":"0","paginas":"15","subtitulo":"","orden":"999","portada":"0","idioma":"cat","editorial":[{"ID":147680,"post_author":"3","post_date":"2022-10-14 11:52:25","post_date_gmt":"2022-10-14 09:52:25","post_content":"","post_title":"CRUILLA, EDITORIAL","post_excerpt":"","post_status":"publish","comment_status":"closed","ping_status":"closed","post_password":"","post_name":"cruilla-editorial","to_ping":"","pinged":"","post_modified":"2022-10-14 11:52:25","post_modified_gmt":"2022-10-14 09:52:25","post_content_filtered":"","post_parent":0,"guid":"http:\/\/dev.claret.cat\/editorial\/cruilla-editorial\/","menu_order":0,"post_type":"editorial","post_mime_type":"","comment_count":"0","filter":"raw"}],"autores-libros":[{"ID":170318,"post_author":"3","post_date":"2022-10-14 22:34:21","post_date_gmt":"2022-10-14 20:34:21","post_content":"","post_title":"THIERRY LAVAL","post_excerpt":"","post_status":"publish","comment_status":"closed","ping_status":"closed","post_password":"","post_name":"thierry-laval","to_ping":"","pinged":"","post_modified":"2022-10-14 22:34:21","post_modified_gmt":"2022-10-14 20:34:21","post_content_filtered":"","post_parent":0,"guid":"http:\/\/dev.claret.cat\/autor\/thierry-laval\/","menu_order":0,"post_type":"autor","post_mime_type":"","comment_count":"0","filter":"raw"}]},"aioseo_notices":[],"_links":{"self":[{"href":"https:\/\/www.claret.cat\/es\/wp-json\/wp\/v2\/product\/248494","targetHints":{"allow":["GET"]}}],"collection":[{"href":"https:\/\/www.claret.cat\/es\/wp-json\/wp\/v2\/product"}],"about":[{"href":"https:\/\/www.claret.cat\/es\/wp-json\/wp\/v2\/types\/product"}],"wp:featuredmedia":[{"embeddable":true,"href":"https:\/\/www.claret.cat\/es\/wp-json\/wp\/v2\/media\/977016"}],"wp:attachment":[{"href":"https:\/\/www.claret.cat\/es\/wp-json\/wp\/v2\/media?parent=248494"}],"wp:term":[{"taxonomy":"product_brand","embeddable":true,"href":"https:\/\/www.claret.cat\/es\/wp-json\/wp\/v2\/product_brand?post=248494"},{"taxonomy":"product_cat","embeddable":true,"href":"https:\/\/www.claret.cat\/es\/wp-json\/wp\/v2\/product_cat?post=248494"},{"taxonomy":"product_tag","embeddable":true,"href":"https:\/\/www.claret.cat\/es\/wp-json\/wp\/v2\/product_tag?post=248494"}],"curies":[{"name":"wp","href":"https:\/\/api.w.org\/{rel}","templated":true}]}}