{"id":248515,"date":"2022-10-21T03:21:47","date_gmt":"2022-10-21T01:21:47","guid":{"rendered":"http:\/\/dev.claret.cat\/producte\/hamish-i-els-aturamons\/"},"modified":"2023-01-28T06:14:37","modified_gmt":"2023-01-28T05:14:37","slug":"hamish-i-els-aturamons-9788466139663","status":"publish","type":"product","link":"https:\/\/www.claret.cat\/es\/libro\/hamish-i-els-aturamons-9788466139663\/","title":{"rendered":"HAMISH I ELS ATURAMONS"},"content":{"rendered":"<p>Persones, animals, cotxes, motos, rellotges,&#8230; Tot, tot aturat i ben aturat. Menys l&#8221;Hamish! Viu al quart poble m\u00e9s avorrit d&#8221;Anglaterra, on mai -fins ara!- no hi havia res a destacar. El pitjor de tot, per\u00f2, \u00e9s que en Hamish aviat descobreix el motiu de tot plegat: els terribles aturamons tenen un pla per apoderar-se del m\u00f3n. Com s&#8221;ho far\u00e0 ell per salvar l&#8221;humanitat?<\/p>\n","protected":false},"excerpt":{"rendered":"<p>WALLACE, DANNY<\/p>\n","protected":false},"featured_media":248516,"template":"","meta":{"_acf_changed":false,"om_disable_all_campaigns":false,"rs_blank_template":"","rs_page_bg_color":"","slide_template_v7":"","inline_featured_image":false,"_monsterinsights_skip_tracking":false,"_monsterinsights_sitenote_active":false,"_monsterinsights_sitenote_note":"","_monsterinsights_sitenote_category":0},"product_brand":[],"product_cat":[132],"product_tag":[],"class_list":{"0":"post-248515","1":"product","2":"type-product","3":"status-publish","4":"has-post-thumbnail","6":"product_cat-lectures-per-preadolescents-6-12-anys","8":"first","9":"instock","10":"taxable","11":"shipping-taxable","12":"purchasable","13":"product-type-simple"},"acf":{"autor":"WALLACE, DANNY","codart":"846613966","libros-coleccion":"","ediciones":"1","encuadernacion":"R\u00fastica","fecha_de_publicacion":"01\/09\/2015","novedad":"0","paginas":"325","subtitulo":"","orden":"999","portada":"0","idioma":"cat","editorial":[{"ID":147680,"post_author":"3","post_date":"2022-10-14 11:52:25","post_date_gmt":"2022-10-14 09:52:25","post_content":"","post_title":"CRUILLA, EDITORIAL","post_excerpt":"","post_status":"publish","comment_status":"closed","ping_status":"closed","post_password":"","post_name":"cruilla-editorial","to_ping":"","pinged":"","post_modified":"2022-10-14 11:52:25","post_modified_gmt":"2022-10-14 09:52:25","post_content_filtered":"","post_parent":0,"guid":"http:\/\/dev.claret.cat\/editorial\/cruilla-editorial\/","menu_order":0,"post_type":"editorial","post_mime_type":"","comment_count":"0","filter":"raw"}],"autores-libros":[{"ID":153682,"post_author":"3","post_date":"2022-10-14 14:58:41","post_date_gmt":"2022-10-14 12:58:41","post_content":"","post_title":"DANNY WALLACE","post_excerpt":"","post_status":"publish","comment_status":"closed","ping_status":"closed","post_password":"","post_name":"danny-wallace","to_ping":"","pinged":"","post_modified":"2022-10-14 14:58:41","post_modified_gmt":"2022-10-14 12:58:41","post_content_filtered":"","post_parent":0,"guid":"http:\/\/dev.claret.cat\/autor\/danny-wallace\/","menu_order":0,"post_type":"autor","post_mime_type":"","comment_count":"0","filter":"raw"}]},"aioseo_notices":[],"_links":{"self":[{"href":"https:\/\/www.claret.cat\/es\/wp-json\/wp\/v2\/product\/248515","targetHints":{"allow":["GET"]}}],"collection":[{"href":"https:\/\/www.claret.cat\/es\/wp-json\/wp\/v2\/product"}],"about":[{"href":"https:\/\/www.claret.cat\/es\/wp-json\/wp\/v2\/types\/product"}],"wp:featuredmedia":[{"embeddable":true,"href":"https:\/\/www.claret.cat\/es\/wp-json\/wp\/v2\/media\/248516"}],"wp:attachment":[{"href":"https:\/\/www.claret.cat\/es\/wp-json\/wp\/v2\/media?parent=248515"}],"wp:term":[{"taxonomy":"product_brand","embeddable":true,"href":"https:\/\/www.claret.cat\/es\/wp-json\/wp\/v2\/product_brand?post=248515"},{"taxonomy":"product_cat","embeddable":true,"href":"https:\/\/www.claret.cat\/es\/wp-json\/wp\/v2\/product_cat?post=248515"},{"taxonomy":"product_tag","embeddable":true,"href":"https:\/\/www.claret.cat\/es\/wp-json\/wp\/v2\/product_tag?post=248515"}],"curies":[{"name":"wp","href":"https:\/\/api.w.org\/{rel}","templated":true}]}}