{"id":248524,"date":"2022-10-21T03:22:00","date_gmt":"2022-10-21T01:22:00","guid":{"rendered":"http:\/\/dev.claret.cat\/producte\/claus-de-lectura-de-la-biblia-v-els-evangelis-i-la-historia\/"},"modified":"2025-05-23T19:35:06","modified_gmt":"2025-05-23T17:35:06","slug":"claus-de-lectura-de-la-biblia-v-els-evangelis-i-la-historia-9788466139823","status":"publish","type":"product","link":"https:\/\/www.claret.cat\/es\/libro\/claus-de-lectura-de-la-biblia-v-els-evangelis-i-la-historia-9788466139823\/","title":{"rendered":"CLAUS DE LECTURA DE LA B\u00cdBLIA V. ELS EVANGELIS I LA HIST\u00d2RIA"},"content":{"rendered":"<p>Com podem llegir avui els evangelis amb rigor \u00abhist\u00f2ric\u00bb? <br \/> \u00a0Els evangelis s\u00f3n plens d&#8221;afirmacions indemostrables. Expliquen amb tota normalitat esdeveniments que resulten sorprenents i que s\u00f3n incre\u00efbles per a qui no t\u00e9 una visi\u00f3 creient de la realitat: els miracles, la pres\u00e8ncia d&#8221;\u00e0ngels i dimonis, la resurrecci\u00f3 de Jes\u00fas&#8230; La pregunta per la historicitat dels relats evang\u00e8lics, ja sigui en el seu conjunt o en detalls concrets, sorgeix espont\u00e0niament en el lector modern, fins i tot entre els cristians mateixos, que sovint tenen dificultats a l&#8221;hora de conciliar els coneixements cient\u00edfics actuals o la reflexi\u00f3 racional amb el contingut dels evangelis.<\/p>\n","protected":false},"excerpt":{"rendered":"<p>PUIG I T\u00c0RRECH, ARMAND \/ ALEGRE SANTAMAR\u00cdA, XAVIER \/ BORRELL I VIADER, AGUST\u00cd \/<\/p>\n","protected":false},"featured_media":248525,"template":"","meta":{"_acf_changed":false,"om_disable_all_campaigns":false,"rs_blank_template":"","rs_page_bg_color":"","slide_template_v7":"","inline_featured_image":false,"_monsterinsights_skip_tracking":false,"_monsterinsights_sitenote_active":false,"_monsterinsights_sitenote_note":"","_monsterinsights_sitenote_category":0},"product_brand":[],"product_cat":[75,341],"product_tag":[],"class_list":{"0":"post-248524","1":"product","2":"type-product","3":"status-publish","4":"has-post-thumbnail","6":"product_cat-biblia","7":"product_cat-biblia-es","9":"first","10":"instock","11":"taxable","12":"shipping-taxable","13":"purchasable","14":"product-type-simple"},"acf":{"autor":"PUIG I T\u00c0RRECH, ARMAND \/ ALEGRE SANTAMAR\u00cdA, XAVIER \/ BORRELL I VIADER, AGUST\u00cd \/","codart":"846613982","libros-coleccion":"","ediciones":"1","encuadernacion":"R\u00fastica","fecha_de_publicacion":"01\/09\/2015","novedad":"0","paginas":"222","subtitulo":"","orden":"999","portada":"0","idioma":"cat","editorial":[{"ID":147680,"post_author":"3","post_date":"2022-10-14 11:52:25","post_date_gmt":"2022-10-14 09:52:25","post_content":"","post_title":"CRUILLA, EDITORIAL","post_excerpt":"","post_status":"publish","comment_status":"closed","ping_status":"closed","post_password":"","post_name":"cruilla-editorial","to_ping":"","pinged":"","post_modified":"2022-10-14 11:52:25","post_modified_gmt":"2022-10-14 09:52:25","post_content_filtered":"","post_parent":0,"guid":"http:\/\/dev.claret.cat\/editorial\/cruilla-editorial\/","menu_order":0,"post_type":"editorial","post_mime_type":"","comment_count":"0","filter":"raw"}],"autores-libros":[{"ID":171403,"post_author":"3","post_date":"2022-10-14 22:43:07","post_date_gmt":"2022-10-14 20:43:07","post_content":"","post_title":"XAVIER ALEGRE SANTAMAR\u00cdA","post_excerpt":"","post_status":"publish","comment_status":"closed","ping_status":"closed","post_password":"","post_name":"xavier-alegre-santamaria","to_ping":"","pinged":"","post_modified":"2022-10-14 22:43:07","post_modified_gmt":"2022-10-14 20:43:07","post_content_filtered":"","post_parent":0,"guid":"http:\/\/dev.claret.cat\/autor\/xavier-alegre-santamaria\/","menu_order":0,"post_type":"autor","post_mime_type":"","comment_count":"0","filter":"raw"},{"ID":420019,"post_author":"3","post_date":"2023-05-16 00:33:25","post_date_gmt":"2023-05-15 22:33:25","post_content":"","post_title":"AGUST\u00cd BORRELL I VIADER","post_excerpt":"","post_status":"publish","comment_status":"closed","ping_status":"closed","post_password":"","post_name":"agusti-borrell-i-viader","to_ping":"","pinged":"","post_modified":"2023-05-16 00:33:25","post_modified_gmt":"2023-05-15 22:33:25","post_content_filtered":"","post_parent":0,"guid":"https:\/\/www.claret.cat\/autor\/agusti-borrell-i-viader\/","menu_order":0,"post_type":"autor","post_mime_type":"","comment_count":"0","filter":"raw"},{"ID":5273,"post_author":"3","post_date":"2022-07-28 17:20:31","post_date_gmt":"2022-07-28 15:20:31","post_content":"","post_title":"ARMAND PUIG I T\u00c0RRECH","post_excerpt":"","post_status":"publish","comment_status":"closed","ping_status":"closed","post_password":"","post_name":"armand-puig-i-tarrech","to_ping":"","pinged":"","post_modified":"2022-07-28 17:20:31","post_modified_gmt":"2022-07-28 15:20:31","post_content_filtered":"","post_parent":0,"guid":"http:\/\/dev.claret.cat\/autor\/armand-puig-i-tarrech\/","menu_order":0,"post_type":"autor","post_mime_type":"","comment_count":"0","filter":"raw"}],"booktrailer":"","resenas":""},"aioseo_notices":[],"_links":{"self":[{"href":"https:\/\/www.claret.cat\/es\/wp-json\/wp\/v2\/product\/248524","targetHints":{"allow":["GET"]}}],"collection":[{"href":"https:\/\/www.claret.cat\/es\/wp-json\/wp\/v2\/product"}],"about":[{"href":"https:\/\/www.claret.cat\/es\/wp-json\/wp\/v2\/types\/product"}],"wp:featuredmedia":[{"embeddable":true,"href":"https:\/\/www.claret.cat\/es\/wp-json\/wp\/v2\/media\/248525"}],"wp:attachment":[{"href":"https:\/\/www.claret.cat\/es\/wp-json\/wp\/v2\/media?parent=248524"}],"wp:term":[{"taxonomy":"product_brand","embeddable":true,"href":"https:\/\/www.claret.cat\/es\/wp-json\/wp\/v2\/product_brand?post=248524"},{"taxonomy":"product_cat","embeddable":true,"href":"https:\/\/www.claret.cat\/es\/wp-json\/wp\/v2\/product_cat?post=248524"},{"taxonomy":"product_tag","embeddable":true,"href":"https:\/\/www.claret.cat\/es\/wp-json\/wp\/v2\/product_tag?post=248524"}],"curies":[{"name":"wp","href":"https:\/\/api.w.org\/{rel}","templated":true}]}}