{"id":248675,"date":"2022-10-21T03:25:31","date_gmt":"2022-10-21T01:25:31","guid":{"rendered":"http:\/\/dev.claret.cat\/producte\/que-se-esconde-dentro-del-bosque\/"},"modified":"2023-01-28T18:14:58","modified_gmt":"2023-01-28T17:14:58","slug":"que-se-esconde-dentro-del-bosque-9788416012510","status":"publish","type":"product","link":"https:\/\/www.claret.cat\/es\/libro\/que-se-esconde-dentro-del-bosque-9788416012510\/","title":{"rendered":"\u00bfQU\u00c9 SE ESCONDE DENTRO DEL BOSQUE?"},"content":{"rendered":"<p>\u00bfQu\u00e9 se esconde dentro del bosque? Si miras a trav\u00e9s de las lupas ver\u00e1s muchas cosas que no se ven a simple vista. Empieza por la lupa verde y te parecer\u00e1 que nada se mueve, despu\u00e9s mira a trav\u00e9s de la azul y empezar\u00e1 a aparecer la vida y finalmente, si miras con la roja, \u00a1descubrir\u00e1s muchos secretos m\u00e1s! <br \/> &#8216;Con la colaboraci\u00f3n del Departament de Cultura de la Generalitat&#8217;<\/p>\n","protected":false},"excerpt":{"rendered":"<p>BESTARD, AINA<\/p>\n","protected":false},"featured_media":248676,"template":"","meta":{"_acf_changed":false,"om_disable_all_campaigns":false,"rs_blank_template":"","rs_page_bg_color":"","slide_template_v7":"","inline_featured_image":false,"_monsterinsights_skip_tracking":false,"_monsterinsights_sitenote_active":false,"_monsterinsights_sitenote_note":"","_monsterinsights_sitenote_category":0},"product_brand":[],"product_cat":[86],"product_tag":[],"class_list":{"0":"post-248675","1":"product","2":"type-product","3":"status-publish","4":"has-post-thumbnail","6":"product_cat-infantil","8":"first","9":"instock","10":"taxable","11":"shipping-taxable","12":"purchasable","13":"product-type-simple"},"acf":{"autor":"BESTARD, AINA","codart":"9788416012510","libros-coleccion":"","ediciones":"1","encuadernacion":"Carton\u00e9","fecha_de_publicacion":"01\/09\/2015","novedad":"0","paginas":"0","subtitulo":"","orden":"999","portada":"0","idioma":"spa","autores-libros":[{"ID":149291,"post_author":"3","post_date":"2022-10-14 14:23:42","post_date_gmt":"2022-10-14 12:23:42","post_content":"","post_title":"AINA BESTARD","post_excerpt":"","post_status":"publish","comment_status":"closed","ping_status":"closed","post_password":"","post_name":"aina-bestard","to_ping":"","pinged":"","post_modified":"2022-10-14 14:23:42","post_modified_gmt":"2022-10-14 12:23:42","post_content_filtered":"","post_parent":0,"guid":"http:\/\/dev.claret.cat\/autor\/aina-bestard\/","menu_order":0,"post_type":"autor","post_mime_type":"","comment_count":"0","filter":"raw"}]},"aioseo_notices":[],"_links":{"self":[{"href":"https:\/\/www.claret.cat\/es\/wp-json\/wp\/v2\/product\/248675","targetHints":{"allow":["GET"]}}],"collection":[{"href":"https:\/\/www.claret.cat\/es\/wp-json\/wp\/v2\/product"}],"about":[{"href":"https:\/\/www.claret.cat\/es\/wp-json\/wp\/v2\/types\/product"}],"wp:featuredmedia":[{"embeddable":true,"href":"https:\/\/www.claret.cat\/es\/wp-json\/wp\/v2\/media\/248676"}],"wp:attachment":[{"href":"https:\/\/www.claret.cat\/es\/wp-json\/wp\/v2\/media?parent=248675"}],"wp:term":[{"taxonomy":"product_brand","embeddable":true,"href":"https:\/\/www.claret.cat\/es\/wp-json\/wp\/v2\/product_brand?post=248675"},{"taxonomy":"product_cat","embeddable":true,"href":"https:\/\/www.claret.cat\/es\/wp-json\/wp\/v2\/product_cat?post=248675"},{"taxonomy":"product_tag","embeddable":true,"href":"https:\/\/www.claret.cat\/es\/wp-json\/wp\/v2\/product_tag?post=248675"}],"curies":[{"name":"wp","href":"https:\/\/api.w.org\/{rel}","templated":true}]}}