{"id":248684,"date":"2022-10-21T03:25:44","date_gmt":"2022-10-21T01:25:44","guid":{"rendered":"http:\/\/dev.claret.cat\/producte\/trece-monos\/"},"modified":"2023-01-28T14:38:02","modified_gmt":"2023-01-28T13:38:02","slug":"trece-monos-9788415831402","status":"publish","type":"product","link":"https:\/\/www.claret.cat\/es\/libro\/trece-monos-9788415831402\/","title":{"rendered":"TRECE MONOS"},"content":{"rendered":"<p>La esperada vuelta a la literatura para adultos de un gran cl\u00e1sico de la ciencia ficci\u00f3n y la fantas\u00eda.Cargado de una iron\u00eda que se revela ya desde su t\u00edtulo, Trece monos es un compendio de los mejores nuevos relatos de C\u00e9sar Mallorqu\u00ed, un autor al que se espera con entusiasmo desde la sonada  publicaci\u00f3n en los a\u00f1os 90 de El c\u00edrculo de Jeric\u00f3, para muchos el  mejor libro de narrativa breve de ciencia ficci\u00f3n jam\u00e1s publicado por un autor espa\u00f1ol.Adem\u00e1s de un espectacular retorno al g\u00e9nero tras dos d\u00e9cadas de \u00e9xito en  la literatura juvenil, la antolog\u00eda supone una oportunidad \u00fanica de  disfrutar de las mejores piezas de Mallorqu\u00ed, entre las que se incluyen cuentos in\u00e9ditos y otros premiados y aparecidos en diversas publicaciones, tanto espa\u00f1olas como extranjeras. En Trece monos,  Mallorqu\u00ed a\u00f1ade a su ilustrado sentido de la irreverencia una dura  mirada a la condici\u00f3n humana, reflexionando con humor y lucidez, a veces  entre carcajadas, sobre la decadencia, la muerte o la falta de valores.Gaud\u00ed resucitado virtualmente, el se\u00f1or Scrooge vendiendo juguetes  sexuales en Navidad, Dios con el rostro de Hugh Laurie&#8230; Pero tambi\u00e9n  la humanidad del siglo XXIII, el secreto de la longevidad, una partida  de ajedrez milenaria, un cart\u00f3grafo regalando una isla a su amada&#8230; Y unos extra\u00f1os monos que escriben novelas.He aqu\u00ed al mejor Mallorqu\u00ed, al m\u00e1s maduro y al m\u00e1s vitri\u00f3lico, al rey de la ciencia ficci\u00f3n de calidad.<\/p>\n","protected":false},"excerpt":{"rendered":"<p>MALLORQU\u00cd,C\u00c9SAR<\/p>\n","protected":false},"featured_media":248685,"template":"","meta":{"_acf_changed":false,"om_disable_all_campaigns":false,"rs_blank_template":"","rs_page_bg_color":"","slide_template_v7":"","inline_featured_image":false,"_monsterinsights_skip_tracking":false,"_monsterinsights_sitenote_active":false,"_monsterinsights_sitenote_note":"","_monsterinsights_sitenote_category":0},"product_brand":[],"product_cat":[127],"product_tag":[],"class_list":{"0":"post-248684","1":"product","2":"type-product","3":"status-publish","4":"has-post-thumbnail","6":"product_cat-novella-contemporania","8":"first","9":"instock","10":"taxable","11":"shipping-taxable","12":"purchasable","13":"product-type-simple"},"acf":{"autor":"MALLORQU\u00cd,C\u00c9SAR","codart":"841583140","libros-coleccion":"","ediciones":"1","encuadernacion":"R\u00fastica","fecha_de_publicacion":"01\/09\/2015","novedad":"0","paginas":"425","subtitulo":"","orden":"999","portada":"0","idioma":"spa","autores-libros":[{"ID":152718,"post_author":"3","post_date":"2022-10-14 14:51:01","post_date_gmt":"2022-10-14 12:51:01","post_content":"","post_title":"C\u00c9SAR MALLORQU\u00cd","post_excerpt":"","post_status":"publish","comment_status":"closed","ping_status":"closed","post_password":"","post_name":"cesar-mallorqui","to_ping":"","pinged":"","post_modified":"2022-10-14 14:51:01","post_modified_gmt":"2022-10-14 12:51:01","post_content_filtered":"","post_parent":0,"guid":"http:\/\/dev.claret.cat\/autor\/cesar-mallorqui\/","menu_order":0,"post_type":"autor","post_mime_type":"","comment_count":"0","filter":"raw"}]},"aioseo_notices":[],"_links":{"self":[{"href":"https:\/\/www.claret.cat\/es\/wp-json\/wp\/v2\/product\/248684","targetHints":{"allow":["GET"]}}],"collection":[{"href":"https:\/\/www.claret.cat\/es\/wp-json\/wp\/v2\/product"}],"about":[{"href":"https:\/\/www.claret.cat\/es\/wp-json\/wp\/v2\/types\/product"}],"wp:featuredmedia":[{"embeddable":true,"href":"https:\/\/www.claret.cat\/es\/wp-json\/wp\/v2\/media\/248685"}],"wp:attachment":[{"href":"https:\/\/www.claret.cat\/es\/wp-json\/wp\/v2\/media?parent=248684"}],"wp:term":[{"taxonomy":"product_brand","embeddable":true,"href":"https:\/\/www.claret.cat\/es\/wp-json\/wp\/v2\/product_brand?post=248684"},{"taxonomy":"product_cat","embeddable":true,"href":"https:\/\/www.claret.cat\/es\/wp-json\/wp\/v2\/product_cat?post=248684"},{"taxonomy":"product_tag","embeddable":true,"href":"https:\/\/www.claret.cat\/es\/wp-json\/wp\/v2\/product_tag?post=248684"}],"curies":[{"name":"wp","href":"https:\/\/api.w.org\/{rel}","templated":true}]}}