{"id":248720,"date":"2022-10-21T03:26:34","date_gmt":"2022-10-21T01:26:34","guid":{"rendered":"http:\/\/dev.claret.cat\/producte\/crea-con-patchwork\/"},"modified":"2025-01-31T23:38:10","modified_gmt":"2025-01-31T22:38:10","slug":"crea-con-patchwork-9788416245246","status":"publish","type":"product","link":"https:\/\/www.claret.cat\/es\/libro\/crea-con-patchwork-9788416245246\/","title":{"rendered":"CREA CON PATCHWORK"},"content":{"rendered":"<p>El auge del DIY (do it yourself) pone en relieve las nuevas t\u00e9cnicas tanto de labores como de manualidades. Este libro te propone ir m\u00e1s all\u00e1 de las colchas, los adornos de toallas y canastillas y descubrir nuevas posibilidades, como confeccionar tu propia funda para la tableta electr\u00f3nica, posavasos, forros para \u00e1lbumes y un sinf\u00edn de nuevas propuestas que te sorprender\u00e1n. Tanto si ya conoces esta t\u00e9cnica como si quieres iniciarte, aqu\u00ed encontrar\u00e1s m\u00e1s de 30 propuestas con fotograf\u00edas paso a paso, patrones y consejos.<\/p>\n","protected":false},"excerpt":{"rendered":"<p>RUIZ NAVARRO, DAMI<\/p>\n","protected":false},"featured_media":248721,"template":"","meta":{"_acf_changed":false,"om_disable_all_campaigns":false,"rs_blank_template":"","rs_page_bg_color":"","slide_template_v7":"","inline_featured_image":false,"_monsterinsights_skip_tracking":false,"_monsterinsights_sitenote_active":false,"_monsterinsights_sitenote_note":"","_monsterinsights_sitenote_category":0},"product_brand":[],"product_cat":[524,300],"product_tag":[],"class_list":{"0":"post-248720","1":"product","2":"type-product","3":"status-publish","4":"has-post-thumbnail","6":"product_cat-guias-y-viajes","7":"product_cat-guies-i-viatges","9":"first","10":"instock","11":"taxable","12":"shipping-taxable","13":"purchasable","14":"product-type-simple"},"acf":{"autor":"RUIZ NAVARRO, DAMI","codart":"841624524","libros-coleccion":"","ediciones":"1","encuadernacion":"R\u00fastica","fecha_de_publicacion":"01\/09\/2015","novedad":"0","paginas":"120","subtitulo":"","orden":"999","portada":"0","idioma":"spa","editorial":[{"ID":148588,"post_author":"3","post_date":"2022-10-14 11:59:25","post_date_gmt":"2022-10-14 09:59:25","post_content":"","post_title":"NOW BOOKS EDICIONES","post_excerpt":"","post_status":"publish","comment_status":"closed","ping_status":"closed","post_password":"","post_name":"now-books-ediciones","to_ping":"","pinged":"","post_modified":"2022-10-14 11:59:25","post_modified_gmt":"2022-10-14 09:59:25","post_content_filtered":"","post_parent":0,"guid":"http:\/\/dev.claret.cat\/editorial\/now-books-ediciones\/","menu_order":0,"post_type":"editorial","post_mime_type":"","comment_count":"0","filter":"raw"}],"autores-libros":[{"ID":421578,"post_author":"3","post_date":"2023-05-16 07:01:09","post_date_gmt":"2023-05-16 05:01:09","post_content":"","post_title":"DAMI RUIZ NAVARRO","post_excerpt":"","post_status":"publish","comment_status":"closed","ping_status":"closed","post_password":"","post_name":"dami-ruiz-navarro","to_ping":"","pinged":"","post_modified":"2023-05-16 07:01:09","post_modified_gmt":"2023-05-16 05:01:09","post_content_filtered":"","post_parent":0,"guid":"https:\/\/www.claret.cat\/autor\/dami-ruiz-navarro\/","menu_order":0,"post_type":"autor","post_mime_type":"","comment_count":"0","filter":"raw"}]},"aioseo_notices":[],"_links":{"self":[{"href":"https:\/\/www.claret.cat\/es\/wp-json\/wp\/v2\/product\/248720","targetHints":{"allow":["GET"]}}],"collection":[{"href":"https:\/\/www.claret.cat\/es\/wp-json\/wp\/v2\/product"}],"about":[{"href":"https:\/\/www.claret.cat\/es\/wp-json\/wp\/v2\/types\/product"}],"wp:featuredmedia":[{"embeddable":true,"href":"https:\/\/www.claret.cat\/es\/wp-json\/wp\/v2\/media\/248721"}],"wp:attachment":[{"href":"https:\/\/www.claret.cat\/es\/wp-json\/wp\/v2\/media?parent=248720"}],"wp:term":[{"taxonomy":"product_brand","embeddable":true,"href":"https:\/\/www.claret.cat\/es\/wp-json\/wp\/v2\/product_brand?post=248720"},{"taxonomy":"product_cat","embeddable":true,"href":"https:\/\/www.claret.cat\/es\/wp-json\/wp\/v2\/product_cat?post=248720"},{"taxonomy":"product_tag","embeddable":true,"href":"https:\/\/www.claret.cat\/es\/wp-json\/wp\/v2\/product_tag?post=248720"}],"curies":[{"name":"wp","href":"https:\/\/api.w.org\/{rel}","templated":true}]}}