{"id":248805,"date":"2022-10-21T03:28:29","date_gmt":"2022-10-21T01:28:29","guid":{"rendered":"http:\/\/dev.claret.cat\/producte\/turquia-8\/"},"modified":"2023-01-28T05:04:51","modified_gmt":"2023-01-28T04:04:51","slug":"turquia-8-9788408140238","status":"publish","type":"product","link":"https:\/\/www.claret.cat\/es\/libro\/turquia-8-9788408140238\/","title":{"rendered":"TURQU\u00cdA 8"},"content":{"rendered":"<p>Turqu\u00eda lo tiene todo: historia, una de las mejores gastronom\u00edas del mundo, gran variedad de paisajes (desde las paradisiacas playas del Egeo hasta los paisajes lunares de la Capadocia), y para rematar, la magn\u00edfica ciudad de Estambul, todo un ejercicio de seducci\u00f3n para los sentidos. Con ayuda de esta completa gu\u00eda, el viajero podr\u00e1 descubrir a fondo las facetas de Turqu\u00eda que m\u00e1s le interesen.<br \/>Incluye:<br \/>.Mapa desplegable de Estambul.<br \/>.Infograf\u00eda en 3D de Aya Sofia y \u00c9feso.<br \/>.Mapa detallado de la planta del Palacio de Topkapi.<br \/>.Informaci\u00f3n sobre: Tracia y M\u00e1rmara, Estambul, Esmirna y morte del Egeo, \u00c9feso, Bodrum y sur del Egeo, Anatolia occidental, Antalya y Costa Turquesa, Ankara y Anatolia central, Capadocia, Costa del Mar Egeo, noreste y sureste de Anatolia.<\/p>\n","protected":false},"excerpt":{"rendered":"<p>BAINBRIDGE, JAMES \/ BUTLER, STUART \/ GOURLAY, WILL \/ FALLON, STEVE \/ LEE, JESSI<\/p>\n","protected":false},"featured_media":248806,"template":"","meta":{"_acf_changed":false,"om_disable_all_campaigns":false,"rs_blank_template":"","rs_page_bg_color":"","slide_template_v7":"","inline_featured_image":false,"_monsterinsights_skip_tracking":false,"_monsterinsights_sitenote_active":false,"_monsterinsights_sitenote_note":"","_monsterinsights_sitenote_category":0},"product_brand":[],"product_cat":[107],"product_tag":[],"class_list":{"0":"post-248805","1":"product","2":"type-product","3":"status-publish","4":"has-post-thumbnail","6":"product_cat-guies-de-viatge","8":"first","9":"instock","10":"taxable","11":"shipping-taxable","12":"purchasable","13":"product-type-simple"},"acf":{"autor":"BAINBRIDGE, JAMES \/ BUTLER, STUART \/ GOURLAY, WILL \/ FALLON, STEVE \/ LEE, JESSI","codart":"840814023","libros-coleccion":"FORA DE COL.LECCI\u00d3","ediciones":"1","encuadernacion":"R\u00fastica","fecha_de_publicacion":"01\/09\/2015","novedad":"1","paginas":"696","subtitulo":"","orden":"0","portada":"0","idioma":"spa","editorial":[{"ID":6377,"post_author":"3","post_date":"2022-07-28 17:50:53","post_date_gmt":"2022-07-28 15:50:53","post_content":"","post_title":"Timun Mas CAT","post_excerpt":"","post_status":"publish","comment_status":"closed","ping_status":"closed","post_password":"","post_name":"timun-mas-cat","to_ping":"","pinged":"","post_modified":"2022-07-28 17:50:53","post_modified_gmt":"2022-07-28 15:50:53","post_content_filtered":"","post_parent":0,"guid":"http:\/\/dev.claret.cat\/editorial\/timun-mas-cat\/","menu_order":0,"post_type":"editorial","post_mime_type":"","comment_count":"0","filter":"raw"}],"autores-libros":[{"ID":169847,"post_author":"3","post_date":"2022-10-14 22:30:30","post_date_gmt":"2022-10-14 20:30:30","post_content":"","post_title":"STEVE FALLON","post_excerpt":"","post_status":"publish","comment_status":"closed","ping_status":"closed","post_password":"","post_name":"steve-fallon","to_ping":"","pinged":"","post_modified":"2022-10-14 22:30:30","post_modified_gmt":"2022-10-14 20:30:30","post_content_filtered":"","post_parent":0,"guid":"http:\/\/dev.claret.cat\/autor\/steve-fallon\/","menu_order":0,"post_type":"autor","post_mime_type":"","comment_count":"0","filter":"raw"},{"ID":169882,"post_author":"3","post_date":"2022-10-14 22:30:47","post_date_gmt":"2022-10-14 20:30:47","post_content":"","post_title":"STUART BUTLER","post_excerpt":"","post_status":"publish","comment_status":"closed","ping_status":"closed","post_password":"","post_name":"stuart-butler","to_ping":"","pinged":"","post_modified":"2022-10-14 22:30:47","post_modified_gmt":"2022-10-14 20:30:47","post_content_filtered":"","post_parent":0,"guid":"http:\/\/dev.claret.cat\/autor\/stuart-butler\/","menu_order":0,"post_type":"autor","post_mime_type":"","comment_count":"0","filter":"raw"}]},"aioseo_notices":[],"_links":{"self":[{"href":"https:\/\/www.claret.cat\/es\/wp-json\/wp\/v2\/product\/248805","targetHints":{"allow":["GET"]}}],"collection":[{"href":"https:\/\/www.claret.cat\/es\/wp-json\/wp\/v2\/product"}],"about":[{"href":"https:\/\/www.claret.cat\/es\/wp-json\/wp\/v2\/types\/product"}],"wp:featuredmedia":[{"embeddable":true,"href":"https:\/\/www.claret.cat\/es\/wp-json\/wp\/v2\/media\/248806"}],"wp:attachment":[{"href":"https:\/\/www.claret.cat\/es\/wp-json\/wp\/v2\/media?parent=248805"}],"wp:term":[{"taxonomy":"product_brand","embeddable":true,"href":"https:\/\/www.claret.cat\/es\/wp-json\/wp\/v2\/product_brand?post=248805"},{"taxonomy":"product_cat","embeddable":true,"href":"https:\/\/www.claret.cat\/es\/wp-json\/wp\/v2\/product_cat?post=248805"},{"taxonomy":"product_tag","embeddable":true,"href":"https:\/\/www.claret.cat\/es\/wp-json\/wp\/v2\/product_tag?post=248805"}],"curies":[{"name":"wp","href":"https:\/\/api.w.org\/{rel}","templated":true}]}}