{"id":248879,"date":"2022-10-21T03:30:10","date_gmt":"2022-10-21T01:30:10","guid":{"rendered":"http:\/\/dev.claret.cat\/producte\/novelas-ejemplares-2\/"},"modified":"2025-01-31T20:37:07","modified_gmt":"2025-01-31T19:37:07","slug":"novelas-ejemplares-9788424654719","status":"publish","type":"product","link":"https:\/\/www.claret.cat\/es\/libro\/novelas-ejemplares-9788424654719\/","title":{"rendered":"NOVELAS EJEMPLARES"},"content":{"rendered":"<p>Despu\u00e9s del Quijote, las Novelas ejemplares constituyen posiblemente la obra m\u00e1s destacada de Miguel de Cervantes. La adopci\u00f3n del relato corto siguiendo el modelo italiano favorece la variedad de tem\u00e1ticas abordadas por el autor, desde los enredos amorosos hasta las historias de corte picaresco. En ellas el car\u00e1cter did\u00e1ctico y moral convive con una clara voluntad de entretener.&lt;BR&gt;La presente edici\u00f3n incluye el Pr\u00f3logo, Rinconete y Cortadillo, El licenciado Vidriera, La ilustre fregona, El casamiento enga\u00f1oso y El coloquio de los perros.&lt;BR&gt;&lt;BR&gt;Introducci\u00f3n, notas y propuesta did\u00e1ctica de Francesc Reina.&lt;BR&gt;&lt;BR&gt;&lt;b&gt;Francesc Reina&lt;\/b&gt; es licenciado en filolog\u00eda hisp\u00e1nica por la Universidad de Barcelona. Desde 1990 es profesor de secundaria. Ha colaborado con esta colecci\u00f3n en las ediciones did\u00e1cticas de &lt;i&gt;Cantar de M\u00edo Cid&lt;\/i&gt;, &lt;i&gt;El burlador de Sevilla &lt;\/i&gt;y la &lt;i&gt;Gu\u00eda de lectura de &#8221;Elo\u00edsa est\u00e1 debajo de un almendro&#8221;, de Enrique Jardiel Poncela&lt;\/i&gt;.<\/p>\n","protected":false},"excerpt":{"rendered":"<p>CERVANTES SAAVEDRA, MIGUEL DE<\/p>\n","protected":false},"featured_media":248880,"template":"","meta":{"_acf_changed":false,"om_disable_all_campaigns":false,"rs_blank_template":"","rs_page_bg_color":"","slide_template_v7":"","inline_featured_image":false,"_monsterinsights_skip_tracking":false,"_monsterinsights_sitenote_active":false,"_monsterinsights_sitenote_note":"","_monsterinsights_sitenote_category":0},"product_brand":[],"product_cat":[90,540],"product_tag":[],"class_list":{"0":"post-248879","1":"product","2":"type-product","3":"status-publish","4":"has-post-thumbnail","6":"product_cat-altres","7":"product_cat-otros","9":"first","10":"instock","11":"taxable","12":"shipping-taxable","13":"purchasable","14":"product-type-simple"},"acf":{"autor":"CERVANTES SAAVEDRA, MIGUEL DE","codart":"842465471","libros-coleccion":"","ediciones":"1","encuadernacion":"R\u00fastica","fecha_de_publicacion":"01\/09\/2015","novedad":"0","paginas":"350","subtitulo":"","orden":"999","portada":"0","idioma":"spa","editorial":[{"ID":148361,"post_author":"3","post_date":"2022-10-14 11:57:38","post_date_gmt":"2022-10-14 09:57:38","post_content":"","post_title":"LA GALERA, S.A. EDITORIAL","post_excerpt":"","post_status":"publish","comment_status":"closed","ping_status":"closed","post_password":"","post_name":"la-galera-s-a-editorial","to_ping":"","pinged":"","post_modified":"2022-10-14 11:57:38","post_modified_gmt":"2022-10-14 09:57:38","post_content_filtered":"","post_parent":0,"guid":"http:\/\/dev.claret.cat\/editorial\/la-galera-s-a-editorial\/","menu_order":0,"post_type":"editorial","post_mime_type":"","comment_count":"0","filter":"raw"}],"autores-libros":[{"ID":348309,"post_author":"3","post_date":"2023-01-14 04:09:04","post_date_gmt":"2023-01-14 03:09:04","post_content":"","post_title":"MIGUEL DE CERVANTES SAAVEDRA","post_excerpt":"","post_status":"publish","comment_status":"closed","ping_status":"closed","post_password":"","post_name":"miguel-de-cervantes-saavedra","to_ping":"","pinged":"","post_modified":"2023-01-14 04:09:04","post_modified_gmt":"2023-01-14 03:09:04","post_content_filtered":"","post_parent":0,"guid":"https:\/\/www.claret.cat\/autor\/miguel-de-cervantes-saavedra\/","menu_order":0,"post_type":"autor","post_mime_type":"","comment_count":"0","filter":"raw"}]},"aioseo_notices":[],"_links":{"self":[{"href":"https:\/\/www.claret.cat\/es\/wp-json\/wp\/v2\/product\/248879","targetHints":{"allow":["GET"]}}],"collection":[{"href":"https:\/\/www.claret.cat\/es\/wp-json\/wp\/v2\/product"}],"about":[{"href":"https:\/\/www.claret.cat\/es\/wp-json\/wp\/v2\/types\/product"}],"wp:featuredmedia":[{"embeddable":true,"href":"https:\/\/www.claret.cat\/es\/wp-json\/wp\/v2\/media\/248880"}],"wp:attachment":[{"href":"https:\/\/www.claret.cat\/es\/wp-json\/wp\/v2\/media?parent=248879"}],"wp:term":[{"taxonomy":"product_brand","embeddable":true,"href":"https:\/\/www.claret.cat\/es\/wp-json\/wp\/v2\/product_brand?post=248879"},{"taxonomy":"product_cat","embeddable":true,"href":"https:\/\/www.claret.cat\/es\/wp-json\/wp\/v2\/product_cat?post=248879"},{"taxonomy":"product_tag","embeddable":true,"href":"https:\/\/www.claret.cat\/es\/wp-json\/wp\/v2\/product_tag?post=248879"}],"curies":[{"name":"wp","href":"https:\/\/api.w.org\/{rel}","templated":true}]}}