{"id":248882,"date":"2022-10-21T03:30:14","date_gmt":"2022-10-21T01:30:14","guid":{"rendered":"http:\/\/dev.claret.cat\/producte\/els-segadors\/"},"modified":"2025-09-05T16:10:38","modified_gmt":"2025-09-05T14:10:38","slug":"els-segadors-9788424654580","status":"publish","type":"product","link":"https:\/\/www.claret.cat\/es\/libro\/els-segadors-9788424654580\/","title":{"rendered":"ELS SEGADORS"},"content":{"rendered":"<p>En Bernat viu a pag\u00e8s i ajuda el pare a segar el blat, quan arriba el juny. L&#8221;avi Feliu li explica com n&#8221;era, de dura, la feina del camp quan no tenien tractors. Li parla de la fal\u00e7 i de la sega&#8230; i d&#8221;una revolta de segadors que es fa produir a Catalunya fa molts i molts anys. I encara cantem aquella feta: \u00e9s el nostre himne nacional.&lt;br&gt;&lt;br&gt;Amb la lletra de la can\u00e7\u00f3 i la partitura&#8230;.&lt;br&gt;&lt;br&gt;<\/p>\n","protected":false},"excerpt":{"rendered":"<p>SANS MESTRE, CRISTINA<\/p>\n","protected":false},"featured_media":248883,"template":"","meta":{"_acf_changed":false,"om_disable_all_campaigns":false,"rs_blank_template":"","rs_page_bg_color":"","slide_template_v7":"","inline_featured_image":false,"_monsterinsights_skip_tracking":false,"_monsterinsights_sitenote_active":false,"_monsterinsights_sitenote_note":"","_monsterinsights_sitenote_category":0},"product_brand":[],"product_cat":[90,540],"product_tag":[],"class_list":{"0":"post-248882","1":"product","2":"type-product","3":"status-publish","4":"has-post-thumbnail","6":"product_cat-altres","7":"product_cat-otros","9":"first","10":"instock","11":"taxable","12":"shipping-taxable","13":"purchasable","14":"product-type-simple"},"acf":{"autor":"SANS MESTRE, CRISTINA","codart":"842465458","libros-coleccion":"","ediciones":"1","encuadernacion":"R\u00fastica","fecha_de_publicacion":"01\/09\/2015","novedad":"0","paginas":"30","subtitulo":"","orden":"999","portada":"0","idioma":"cat","editorial":[{"ID":148361,"post_author":"3","post_date":"2022-10-14 11:57:38","post_date_gmt":"2022-10-14 09:57:38","post_content":"","post_title":"LA GALERA, S.A. EDITORIAL","post_excerpt":"","post_status":"publish","comment_status":"closed","ping_status":"closed","post_password":"","post_name":"la-galera-s-a-editorial","to_ping":"","pinged":"","post_modified":"2022-10-14 11:57:38","post_modified_gmt":"2022-10-14 09:57:38","post_content_filtered":"","post_parent":0,"guid":"http:\/\/dev.claret.cat\/editorial\/la-galera-s-a-editorial\/","menu_order":0,"post_type":"editorial","post_mime_type":"","comment_count":"0","filter":"raw"}],"autores-libros":[{"ID":421550,"post_author":"3","post_date":"2023-05-16 07:00:32","post_date_gmt":"2023-05-16 05:00:32","post_content":"","post_title":"CRISTINA SANS MESTRE","post_excerpt":"","post_status":"publish","comment_status":"closed","ping_status":"closed","post_password":"","post_name":"cristina-sans-mestre","to_ping":"","pinged":"","post_modified":"2023-05-16 07:00:32","post_modified_gmt":"2023-05-16 05:00:32","post_content_filtered":"","post_parent":0,"guid":"https:\/\/www.claret.cat\/autor\/cristina-sans-mestre\/","menu_order":0,"post_type":"autor","post_mime_type":"","comment_count":"0","filter":"raw"}],"booktrailer":"","resenas":""},"aioseo_notices":[],"_links":{"self":[{"href":"https:\/\/www.claret.cat\/es\/wp-json\/wp\/v2\/product\/248882","targetHints":{"allow":["GET"]}}],"collection":[{"href":"https:\/\/www.claret.cat\/es\/wp-json\/wp\/v2\/product"}],"about":[{"href":"https:\/\/www.claret.cat\/es\/wp-json\/wp\/v2\/types\/product"}],"wp:featuredmedia":[{"embeddable":true,"href":"https:\/\/www.claret.cat\/es\/wp-json\/wp\/v2\/media\/248883"}],"wp:attachment":[{"href":"https:\/\/www.claret.cat\/es\/wp-json\/wp\/v2\/media?parent=248882"}],"wp:term":[{"taxonomy":"product_brand","embeddable":true,"href":"https:\/\/www.claret.cat\/es\/wp-json\/wp\/v2\/product_brand?post=248882"},{"taxonomy":"product_cat","embeddable":true,"href":"https:\/\/www.claret.cat\/es\/wp-json\/wp\/v2\/product_cat?post=248882"},{"taxonomy":"product_tag","embeddable":true,"href":"https:\/\/www.claret.cat\/es\/wp-json\/wp\/v2\/product_tag?post=248882"}],"curies":[{"name":"wp","href":"https:\/\/api.w.org\/{rel}","templated":true}]}}