{"id":248909,"date":"2022-10-21T03:30:54","date_gmt":"2022-10-21T01:30:54","guid":{"rendered":"http:\/\/dev.claret.cat\/producte\/el-olvidado\/"},"modified":"2023-01-28T06:55:50","modified_gmt":"2023-01-28T05:55:50","slug":"el-olvidado-9788416256624","status":"publish","type":"product","link":"https:\/\/www.claret.cat\/es\/libro\/el-olvidado-9788416256624\/","title":{"rendered":"EL OLVIDADO"},"content":{"rendered":"<p>Afectado por una enfermedad incurable, Elhanan Rosenbaum ve c\u00f3mo poco a poco se le borra la memoria. Muy pronto no ser\u00e1 nada m\u00e1s que un olvidado, un<br \/> hombre sin ra\u00edces, despose\u00eddo de su propia historia: su infancia rumana, la guerra, el amor de Talia, el descubrimiento de Palestina, los combates en Jerusal\u00e9n en<br \/> 1948&#8230; En el relato que inicia para legar su memoria a Malkiel, su hijo, se mezcla la investigaci\u00f3n de este en la poblaci\u00f3n rumana de sus antepasados. Viaje extra\u00f1o<br \/> que le permitir\u00e1 aceptar su propia identidad, forjada por una historia de la que no ha sido consciente durante demasiado tiempo.<br \/> Un vasto fresco de cincuenta a\u00f1os de historia, al mismo tiempo que el destino de un padre y un hijo a los que alejan tantas cosas pero que son, a pesar de ello, indisociables. <br \/> \u00abElie Wiesel es uno de los intelectuales y pensadores m\u00e1s importantes de nuestro tiempo. Es un testigo del pasado y un gu\u00eda para el futuro. Sus libros extienden el mensaje de la paz, de la reconciliaci\u00f3n y de la dignidad humana.\u00bb<br \/> Comit\u00e9 Noruego del Nobel, 1986<\/p>\n","protected":false},"excerpt":{"rendered":"<p>WIESEL, ELIE<\/p>\n","protected":false},"featured_media":248910,"template":"","meta":{"_acf_changed":false,"om_disable_all_campaigns":false,"rs_blank_template":"","rs_page_bg_color":"","slide_template_v7":"","inline_featured_image":false,"_monsterinsights_skip_tracking":false,"_monsterinsights_sitenote_active":false,"_monsterinsights_sitenote_note":"","_monsterinsights_sitenote_category":0},"product_brand":[],"product_cat":[127],"product_tag":[],"class_list":{"0":"post-248909","1":"product","2":"type-product","3":"status-publish","4":"has-post-thumbnail","6":"product_cat-novella-contemporania","8":"first","9":"instock","10":"taxable","11":"shipping-taxable","12":"purchasable","13":"product-type-simple"},"acf":{"autor":"WIESEL, ELIE","codart":"841625662","libros-coleccion":"","ediciones":"1","encuadernacion":"R\u00fastica","fecha_de_publicacion":"01\/09\/2015","novedad":"0","paginas":"300","subtitulo":"","orden":"999","portada":"0","idioma":"spa","editorial":[{"ID":6331,"post_author":"3","post_date":"2022-07-28 17:49:53","post_date_gmt":"2022-07-28 15:49:53","post_content":"","post_title":"PLATAFORMA EDITORIAL","post_excerpt":"","post_status":"publish","comment_status":"closed","ping_status":"closed","post_password":"","post_name":"plataforma-editorial","to_ping":"","pinged":"","post_modified":"2022-07-28 17:49:53","post_modified_gmt":"2022-07-28 15:49:53","post_content_filtered":"","post_parent":0,"guid":"http:\/\/dev.claret.cat\/editorial\/plataforma-editorial\/","menu_order":0,"post_type":"editorial","post_mime_type":"","comment_count":"0","filter":"raw"}],"autores-libros":[{"ID":154781,"post_author":"3","post_date":"2022-10-14 15:07:35","post_date_gmt":"2022-10-14 13:07:35","post_content":"","post_title":"ELIE WIESEL","post_excerpt":"","post_status":"publish","comment_status":"closed","ping_status":"closed","post_password":"","post_name":"elie-wiesel","to_ping":"","pinged":"","post_modified":"2022-10-14 15:07:35","post_modified_gmt":"2022-10-14 13:07:35","post_content_filtered":"","post_parent":0,"guid":"http:\/\/dev.claret.cat\/autor\/elie-wiesel\/","menu_order":0,"post_type":"autor","post_mime_type":"","comment_count":"0","filter":"raw"}]},"aioseo_notices":[],"_links":{"self":[{"href":"https:\/\/www.claret.cat\/es\/wp-json\/wp\/v2\/product\/248909","targetHints":{"allow":["GET"]}}],"collection":[{"href":"https:\/\/www.claret.cat\/es\/wp-json\/wp\/v2\/product"}],"about":[{"href":"https:\/\/www.claret.cat\/es\/wp-json\/wp\/v2\/types\/product"}],"wp:featuredmedia":[{"embeddable":true,"href":"https:\/\/www.claret.cat\/es\/wp-json\/wp\/v2\/media\/248910"}],"wp:attachment":[{"href":"https:\/\/www.claret.cat\/es\/wp-json\/wp\/v2\/media?parent=248909"}],"wp:term":[{"taxonomy":"product_brand","embeddable":true,"href":"https:\/\/www.claret.cat\/es\/wp-json\/wp\/v2\/product_brand?post=248909"},{"taxonomy":"product_cat","embeddable":true,"href":"https:\/\/www.claret.cat\/es\/wp-json\/wp\/v2\/product_cat?post=248909"},{"taxonomy":"product_tag","embeddable":true,"href":"https:\/\/www.claret.cat\/es\/wp-json\/wp\/v2\/product_tag?post=248909"}],"curies":[{"name":"wp","href":"https:\/\/api.w.org\/{rel}","templated":true}]}}