{"id":248987,"date":"2022-10-21T03:32:49","date_gmt":"2022-10-21T01:32:49","guid":{"rendered":"http:\/\/dev.claret.cat\/producte\/diccionario-visual-de-terminos-de-arte\/"},"modified":"2023-01-28T19:13:41","modified_gmt":"2023-01-28T18:13:41","slug":"diccionario-visual-de-terminos-de-arte-9788437634418","status":"publish","type":"product","link":"https:\/\/www.claret.cat\/es\/libro\/diccionario-visual-de-terminos-de-arte-9788437634418\/","title":{"rendered":"DICCIONARIO VISUAL DE T\u00c9RMINOS DE ARTE"},"content":{"rendered":"<p>El arte es un t\u00e9rmino de m\u00faltiples facetas. En el presente  &quot; Diccionario visual de t\u00e9rminos de arte &quot;  pretendemos abarcar algunos de sus aspectos m\u00e1s b\u00e1sicos e im\u00adportantes. Aunque los vocablos hacen referencia a las diferentes disciplinas, el pre\u00addominio de la pintura y la escultura no es casual. Con respecto a la ar\u00adquitectura, aunque el diccionario es en parte complementario al  &quot; Diccionario visual de t\u00e9rminos arquitec\u00adt\u00f3nicos &quot; , hemos recogido los principales elementos relacionados con el arte con una visi\u00f3n nueva, m\u00e1s esquem\u00e1tica, a la vez que se incluyen nuevos t\u00e9rminos. Junto a los aspectos esenciales relacionados con la pintura, la escultura o la arqui\u00adtectura aparecen tratadas otras disciplinas como la alfarer\u00eda, la cer\u00e1mica, la her\u00e1ldi\u00adca, la gl\u00edptica, la orfebrer\u00eda, la ebanister\u00eda, la eboraria, el grabado, etc. <br \/> Cada t\u00e9rmino contiene una exhaustiva informaci\u00f3n: definici\u00f3n, etimolog\u00eda, traducci\u00f3n al ingl\u00e9s, franc\u00e9s, alem\u00e1n e italiano, campo sem\u00e1ntico, desarrollo hist\u00f3\u00adrico, etc., y los elementos visuales, ya sean obras pict\u00f3ricas, dibujos, infogra\u00adf\u00edas o fotograf\u00edas, nos ayudar\u00e1n a comprender mejor el vocablo. <br \/> Aunque el conjunto forma un compendio b\u00e1sico para estudiantes y profe\u00adsio\u00adnales relacionados con el \u00e1mbito del arte, tambi\u00e9n ser\u00e1 \u00fatil para cualquier persona interesada en aprender, comprender y recrearse con el arte.<\/p>\n","protected":false},"excerpt":{"rendered":"<p>PLAZA ESCUDERO, LORENZO DE LA \/ MART\u00cdNEZ MURILLO, JOS\u00c9 MAR\u00cdA \/ MORALES G\u00d3MEZ, A<\/p>\n","protected":false},"featured_media":248988,"template":"","meta":{"_acf_changed":false,"om_disable_all_campaigns":false,"rs_blank_template":"","rs_page_bg_color":"","slide_template_v7":"","inline_featured_image":false,"_monsterinsights_skip_tracking":false,"_monsterinsights_sitenote_active":false,"_monsterinsights_sitenote_note":"","_monsterinsights_sitenote_category":0},"product_brand":[],"product_cat":[123],"product_tag":[],"class_list":{"0":"post-248987","1":"product","2":"type-product","3":"status-publish","4":"has-post-thumbnail","6":"product_cat-classica","8":"first","9":"instock","10":"taxable","11":"shipping-taxable","12":"purchasable","13":"product-type-simple"},"acf":{"autor":"PLAZA ESCUDERO, LORENZO DE LA \/ MART\u00cdNEZ MURILLO, JOS\u00c9 MAR\u00cdA \/ MORALES G\u00d3MEZ, A","codart":"843763441","libros-coleccion":"","ediciones":"1","encuadernacion":"Carton\u00e9","fecha_de_publicacion":"01\/09\/2015","novedad":"0","paginas":"482","subtitulo":"","orden":"999","portada":"0","idioma":"spa","editorial":[{"ID":147789,"post_author":"3","post_date":"2022-10-14 11:53:14","post_date_gmt":"2022-10-14 09:53:14","post_content":"","post_title":"EDICIONES CATEDRA","post_excerpt":"","post_status":"publish","comment_status":"closed","ping_status":"closed","post_password":"","post_name":"ediciones-catedra","to_ping":"","pinged":"","post_modified":"2022-10-14 11:53:14","post_modified_gmt":"2022-10-14 09:53:14","post_content_filtered":"","post_parent":0,"guid":"http:\/\/dev.claret.cat\/editorial\/ediciones-catedra\/","menu_order":0,"post_type":"editorial","post_mime_type":"","comment_count":"0","filter":"raw"}],"autores-libros":[{"ID":162477,"post_author":"3","post_date":"2022-10-14 17:31:20","post_date_gmt":"2022-10-14 15:31:20","post_content":"","post_title":"LORENZO DE LA PLAZA ESCUDERO","post_excerpt":"","post_status":"publish","comment_status":"closed","ping_status":"closed","post_password":"","post_name":"lorenzo-de-la-plaza-escudero","to_ping":"","pinged":"","post_modified":"2022-10-14 17:31:20","post_modified_gmt":"2022-10-14 15:31:20","post_content_filtered":"","post_parent":0,"guid":"http:\/\/dev.claret.cat\/autor\/lorenzo-de-la-plaza-escudero\/","menu_order":0,"post_type":"autor","post_mime_type":"","comment_count":"0","filter":"raw"},{"ID":160478,"post_author":"3","post_date":"2022-10-14 15:53:24","post_date_gmt":"2022-10-14 13:53:24","post_content":"","post_title":"JOS\u00c9 MAR\u00cdA MART\u00cdNEZ MURILLO","post_excerpt":"","post_status":"publish","comment_status":"closed","ping_status":"closed","post_password":"","post_name":"jose-maria-martinez-murillo","to_ping":"","pinged":"","post_modified":"2022-10-14 15:53:24","post_modified_gmt":"2022-10-14 13:53:24","post_content_filtered":"","post_parent":0,"guid":"http:\/\/dev.claret.cat\/autor\/jose-maria-martinez-murillo\/","menu_order":0,"post_type":"autor","post_mime_type":"","comment_count":"0","filter":"raw"}]},"aioseo_notices":[],"_links":{"self":[{"href":"https:\/\/www.claret.cat\/es\/wp-json\/wp\/v2\/product\/248987","targetHints":{"allow":["GET"]}}],"collection":[{"href":"https:\/\/www.claret.cat\/es\/wp-json\/wp\/v2\/product"}],"about":[{"href":"https:\/\/www.claret.cat\/es\/wp-json\/wp\/v2\/types\/product"}],"wp:featuredmedia":[{"embeddable":true,"href":"https:\/\/www.claret.cat\/es\/wp-json\/wp\/v2\/media\/248988"}],"wp:attachment":[{"href":"https:\/\/www.claret.cat\/es\/wp-json\/wp\/v2\/media?parent=248987"}],"wp:term":[{"taxonomy":"product_brand","embeddable":true,"href":"https:\/\/www.claret.cat\/es\/wp-json\/wp\/v2\/product_brand?post=248987"},{"taxonomy":"product_cat","embeddable":true,"href":"https:\/\/www.claret.cat\/es\/wp-json\/wp\/v2\/product_cat?post=248987"},{"taxonomy":"product_tag","embeddable":true,"href":"https:\/\/www.claret.cat\/es\/wp-json\/wp\/v2\/product_tag?post=248987"}],"curies":[{"name":"wp","href":"https:\/\/api.w.org\/{rel}","templated":true}]}}