{"id":24902,"date":"2022-10-02T10:23:22","date_gmt":"2022-10-02T08:23:22","guid":{"rendered":"http:\/\/dev.claret.cat\/producte\/la-luz-brilla-en-las-tinieblas-2\/"},"modified":"2026-02-26T15:51:01","modified_gmt":"2026-02-26T14:51:01","slug":"la-luz-brilla-en-las-tinieblas-9788490614334","status":"publish","type":"product","link":"https:\/\/www.claret.cat\/es\/libro\/la-luz-brilla-en-las-tinieblas-9788490614334\/","title":{"rendered":"LA LUZ BRILLA EN LAS TINIEBLAS"},"content":{"rendered":"<p>Es dif\u00edcil que haya habido un hombre m\u00e1s libre en la c\u00e1rcel que Francisco Javier Van Thuan. El Papa Francisco ha recordado que la Pasi\u00f3n de Cristo es completada hoy por los m\u00e1rtires y nunca ha habido tantos como en los \u00faltimos cien a\u00f1os. Van Thuan fue uno de ellos; supo ser una fascinante y permanente l\u00e1mpara encendida no bajo celem\u00edn alguno, sino en lo m\u00e1s alto del candelero.<\/p>\n<p> La esperanza que brilla en todo lo que escribi\u00f3 ha hecho que sea definido como &#8216;el cardenal de la esperanza&#8217;. Estas p\u00e1ginas quieren ser la historia de esa esperanza impresionante y la cr\u00f3nica inacabada de un gran amor porque su luz sigue brillando en medio de nuestra oscuridad.<\/p>\n<p> A trav\u00e9s de estas apasionantes y apasionadas p\u00e1ginas, redactadas por el conocido periodista Miguel \u00c1ngel Velasco, podemos descubrir su vida, su mensaje y su legado. Su nacimiento en una familia cat\u00f3lica vietnamita, su vocaci\u00f3n, los trece terribles a\u00f1os en las c\u00e1rceles comunistas, que super\u00f3 impulsado por la fe y la esperanza, as\u00ed como los rasgos principales de su predicaci\u00f3n, que han conmovido al mundo, comenzando por San Juan Pablo II, a quien dirigi\u00f3 unos ejercicios espirituales.<\/p>\n<p> Miguel \u00c1ngel Velasco (1939) es un periodista cat\u00f3lico especializado en informaci\u00f3n religiosa. Estudi\u00f3 Filosof\u00eda y Letras en Salamanca, Ciencias Sociales en Santiago de Compostela y Periodismo en Madrid. Premio &#8216;Luca de Tena&#8217;, &#8216;Manos Unidas&#8217; y &#8216;Bravo&#8217; de informaci\u00f3n religiosa, fue subdirector de Opini\u00f3n del diario &#8216;La informaci\u00f3n de Madrid&#8217; y subdirector de la revista &#8216;Mundo Cristiano&#8217;. Ha dirigido el semanario &#8216;Alfa y Omega&#8217; desde sus comienzos hasta mayo de 2014. Es autor, entre otras obras, de Juan Pablo II, ese desconocido, Los derechos de la verdad, Dios es coraz\u00f3n, Gu\u00eda del Vaticano y Voluntarios, una revoluci\u00f3n imparable as\u00ed como de biograf\u00edas de santa Teresa de Calcuta, santa Maravillas de Jes\u00fas, el padre Morales, santa Mar\u00eda Josefa Sancho de Guerra, santa Josefa Recio y el cardenal Castrill\u00f3n. Es caballero de la Orden Pontificia de San Gregorio Magno.<\/p>\n","protected":false},"excerpt":{"rendered":"<p>VELASCO, MIGUEL \u00c1NGEL<\/p>\n","protected":false},"featured_media":1086642,"template":"","meta":{"_acf_changed":false,"om_disable_all_campaigns":false,"rs_blank_template":"","rs_page_bg_color":"","slide_template_v7":"","inline_featured_image":false,"_monsterinsights_skip_tracking":false,"_monsterinsights_sitenote_active":false,"_monsterinsights_sitenote_note":"","_monsterinsights_sitenote_category":0},"product_brand":[],"product_cat":[90,540],"product_tag":[],"class_list":{"0":"post-24902","1":"product","2":"type-product","3":"status-publish","4":"has-post-thumbnail","6":"product_cat-altres","7":"product_cat-otros","9":"first","10":"instock","11":"taxable","12":"shipping-taxable","13":"purchasable","14":"product-type-simple"},"acf":{"autor":"VELASCO, MIGUEL \u00c1NGEL","codart":"849061433","libros-coleccion":"Arcaduz","ediciones":"1","encuadernacion":"R\u00fastica","fecha_de_publicacion":"01\/07\/2016","novedad":"1","paginas":"272","subtitulo":"CARDENAL VAN THUAN: HISTORIA DE UNA ESPERANZA","orden":"0","portada":"0","idioma":"spa","editorial":[{"ID":148621,"post_author":"3","post_date":"2022-10-14 11:59:41","post_date_gmt":"2022-10-14 09:59:41","post_content":"","post_title":"PALABRA","post_excerpt":"","post_status":"publish","comment_status":"closed","ping_status":"closed","post_password":"","post_name":"palabra","to_ping":"","pinged":"","post_modified":"2022-10-14 11:59:41","post_modified_gmt":"2022-10-14 09:59:41","post_content_filtered":"","post_parent":0,"guid":"http:\/\/dev.claret.cat\/editorial\/palabra\/","menu_order":0,"post_type":"editorial","post_mime_type":"","comment_count":"0","filter":"raw"}],"autores-libros":[{"ID":164954,"post_author":"3","post_date":"2022-10-14 17:51:13","post_date_gmt":"2022-10-14 15:51:13","post_content":"","post_title":"MIGUEL ANGEL VELASCO","post_excerpt":"","post_status":"publish","comment_status":"closed","ping_status":"closed","post_password":"","post_name":"miguel-angel-velasco","to_ping":"","pinged":"","post_modified":"2022-10-14 17:51:13","post_modified_gmt":"2022-10-14 15:51:13","post_content_filtered":"","post_parent":0,"guid":"http:\/\/dev.claret.cat\/autor\/miguel-angel-velasco\/","menu_order":0,"post_type":"autor","post_mime_type":"","comment_count":"0","filter":"raw"}],"booktrailer":"","resenas":""},"aioseo_notices":[],"_links":{"self":[{"href":"https:\/\/www.claret.cat\/es\/wp-json\/wp\/v2\/product\/24902","targetHints":{"allow":["GET"]}}],"collection":[{"href":"https:\/\/www.claret.cat\/es\/wp-json\/wp\/v2\/product"}],"about":[{"href":"https:\/\/www.claret.cat\/es\/wp-json\/wp\/v2\/types\/product"}],"wp:featuredmedia":[{"embeddable":true,"href":"https:\/\/www.claret.cat\/es\/wp-json\/wp\/v2\/media\/1086642"}],"wp:attachment":[{"href":"https:\/\/www.claret.cat\/es\/wp-json\/wp\/v2\/media?parent=24902"}],"wp:term":[{"taxonomy":"product_brand","embeddable":true,"href":"https:\/\/www.claret.cat\/es\/wp-json\/wp\/v2\/product_brand?post=24902"},{"taxonomy":"product_cat","embeddable":true,"href":"https:\/\/www.claret.cat\/es\/wp-json\/wp\/v2\/product_cat?post=24902"},{"taxonomy":"product_tag","embeddable":true,"href":"https:\/\/www.claret.cat\/es\/wp-json\/wp\/v2\/product_tag?post=24902"}],"curies":[{"name":"wp","href":"https:\/\/api.w.org\/{rel}","templated":true}]}}