{"id":249032,"date":"2022-10-21T03:33:56","date_gmt":"2022-10-21T01:33:56","guid":{"rendered":"http:\/\/dev.claret.cat\/producte\/de-que-color-es-un-beso-2\/"},"modified":"2026-03-24T17:15:10","modified_gmt":"2026-03-24T16:15:10","slug":"de-que-color-es-un-beso-9788498457841","status":"publish","type":"product","link":"https:\/\/www.claret.cat\/es\/libro\/de-que-color-es-un-beso-9788498457841\/","title":{"rendered":"\u00bfDE QU\u00c9 COLOR ES UN BESO?"},"content":{"rendered":"<p>A M\u00f3nica le encanta pintar mil cosas de colores: mariquitas rojas, cielos azules, pl\u00e1tanos amarillos? pero nunca ha pintado un beso. \u00bfDe qu\u00e9 color ser\u00e1? \u00bfRojo como una deliciosa salsa de tomate? No, porque tambi\u00e9n es el color de cuando est\u00e1s enfadado? \u00bfSer\u00e1 verde como los cocodrilos, que siempre le han parecido tan simp\u00e1ticos? Imposible, porque es el color de las verduras y \u00a1no le gusta com\u00e9rselas! \u00bfC\u00f3mo podr\u00eda averiguar de qu\u00e9 color es un beso?<\/p>\n","protected":false},"excerpt":{"rendered":"<p>BONILLA, ROCIO<\/p>\n","protected":false},"featured_media":389250,"template":"","meta":{"_acf_changed":false,"om_disable_all_campaigns":false,"rs_blank_template":"","rs_page_bg_color":"","slide_template_v7":"","inline_featured_image":false,"_monsterinsights_skip_tracking":false,"_monsterinsights_sitenote_active":false,"_monsterinsights_sitenote_note":"","_monsterinsights_sitenote_category":0},"product_brand":[],"product_cat":[131,361],"product_tag":[],"class_list":{"0":"post-249032","1":"product","2":"type-product","3":"status-publish","4":"has-post-thumbnail","6":"product_cat-contes-per-infants-0-6-anys","7":"product_cat-cuentos-para-ninos-0-6-anos","9":"first","10":"instock","11":"taxable","12":"shipping-taxable","13":"purchasable","14":"product-type-simple"},"acf":{"autor":"BONILLA, ROCIO","codart":"849845784","libros-coleccion":"","ediciones":"1","encuadernacion":"Carton\u00e9","fecha_de_publicacion":"01\/09\/2015","novedad":"0","paginas":"30","subtitulo":"","orden":"999","portada":"0","idioma":"spa","editorial":[{"ID":147395,"post_author":"3","post_date":"2022-10-14 11:50:15","post_date_gmt":"2022-10-14 09:50:15","post_content":"","post_title":"ALGAR EDITORIAL","post_excerpt":"","post_status":"publish","comment_status":"closed","ping_status":"closed","post_password":"","post_name":"algar-editorial","to_ping":"","pinged":"","post_modified":"2022-10-14 11:50:15","post_modified_gmt":"2022-10-14 09:50:15","post_content_filtered":"","post_parent":0,"guid":"http:\/\/dev.claret.cat\/editorial\/algar-editorial\/","menu_order":0,"post_type":"editorial","post_mime_type":"","comment_count":"0","filter":"raw"}],"autores-libros":[{"ID":168315,"post_author":"3","post_date":"2022-10-14 18:18:14","post_date_gmt":"2022-10-14 16:18:14","post_content":"","post_title":"ROCIO BONILLA","post_excerpt":"","post_status":"publish","comment_status":"closed","ping_status":"closed","post_password":"","post_name":"rocio-bonilla","to_ping":"","pinged":"","post_modified":"2022-10-14 18:18:14","post_modified_gmt":"2022-10-14 16:18:14","post_content_filtered":"","post_parent":0,"guid":"http:\/\/dev.claret.cat\/autor\/rocio-bonilla\/","menu_order":0,"post_type":"autor","post_mime_type":"","comment_count":"0","filter":"raw"}],"booktrailer":"","resenas":""},"aioseo_notices":[],"_links":{"self":[{"href":"https:\/\/www.claret.cat\/es\/wp-json\/wp\/v2\/product\/249032","targetHints":{"allow":["GET"]}}],"collection":[{"href":"https:\/\/www.claret.cat\/es\/wp-json\/wp\/v2\/product"}],"about":[{"href":"https:\/\/www.claret.cat\/es\/wp-json\/wp\/v2\/types\/product"}],"wp:featuredmedia":[{"embeddable":true,"href":"https:\/\/www.claret.cat\/es\/wp-json\/wp\/v2\/media\/389250"}],"wp:attachment":[{"href":"https:\/\/www.claret.cat\/es\/wp-json\/wp\/v2\/media?parent=249032"}],"wp:term":[{"taxonomy":"product_brand","embeddable":true,"href":"https:\/\/www.claret.cat\/es\/wp-json\/wp\/v2\/product_brand?post=249032"},{"taxonomy":"product_cat","embeddable":true,"href":"https:\/\/www.claret.cat\/es\/wp-json\/wp\/v2\/product_cat?post=249032"},{"taxonomy":"product_tag","embeddable":true,"href":"https:\/\/www.claret.cat\/es\/wp-json\/wp\/v2\/product_tag?post=249032"}],"curies":[{"name":"wp","href":"https:\/\/api.w.org\/{rel}","templated":true}]}}