{"id":249047,"date":"2022-10-21T03:34:17","date_gmt":"2022-10-21T01:34:17","guid":{"rendered":"http:\/\/dev.claret.cat\/producte\/port-amagat\/"},"modified":"2024-01-31T17:24:22","modified_gmt":"2024-01-31T16:24:22","slug":"port-amagat-9788466419840","status":"publish","type":"product","link":"https:\/\/www.claret.cat\/es\/libro\/port-amagat-9788466419840\/","title":{"rendered":"PORT AMAGAT"},"content":{"rendered":"<p>L?Oliver, un jove londinenc amb una peculiar situaci\u00f3 familiar i una trista p\u00e8rdua, hereta una casa colonial, Vila Marina, a peu de platja al poblet costaner de Suances, a Cant\u00e0bria. En les obres de remodelaci\u00f3, es descobreix, al soterrani, el cad\u00e0ver aparedat d?un nad\u00f3, acompanyat d?un objecte que resulta completament anacr\u00f2nic. Despr\u00e9s d?aquest descobriment, comencen a succeir-se, de forma vertiginosa, diversos assassinats a la zona (Suances, Santillana del Mar, Santander, Cometes), que, units als ins\u00f2lits resultats forenses dels cad\u00e0vers, posen en escac la Secci\u00f3 de Recerca de la Gu\u00e0rdia Civil i el mateix Oliver, que inicia un dens viatge personal i una cursa contra rellotge per descobrir l?assass\u00ed.<\/p>\n","protected":false},"excerpt":{"rendered":"<p>ORU\u00d1A, MAR\u00cdA<\/p>\n","protected":false},"featured_media":249048,"template":"","meta":{"_acf_changed":false,"om_disable_all_campaigns":false,"rs_blank_template":"","rs_page_bg_color":"","slide_template_v7":"","inline_featured_image":false,"_monsterinsights_skip_tracking":false,"_monsterinsights_sitenote_active":false,"_monsterinsights_sitenote_note":"","_monsterinsights_sitenote_category":0},"product_brand":[],"product_cat":[90,540],"product_tag":[],"class_list":{"0":"post-249047","1":"product","2":"type-product","3":"status-publish","4":"has-post-thumbnail","6":"product_cat-altres","7":"product_cat-otros","9":"first","10":"instock","11":"taxable","12":"shipping-taxable","13":"purchasable","14":"product-type-simple"},"acf":{"autor":"ORU\u00d1A, MAR\u00cdA","codart":"846641984","libros-coleccion":"","ediciones":"1","encuadernacion":"R\u00fastica","fecha_de_publicacion":"01\/09\/2015","novedad":"0","paginas":"437","subtitulo":"","orden":"999","portada":"0","idioma":"cat","editorial":[{"ID":147644,"post_author":"3","post_date":"2022-10-14 11:52:09","post_date_gmt":"2022-10-14 09:52:09","post_content":"","post_title":"COLUMNA EDICIONS","post_excerpt":"","post_status":"publish","comment_status":"closed","ping_status":"closed","post_password":"","post_name":"columna-edicions","to_ping":"","pinged":"","post_modified":"2022-10-14 11:52:09","post_modified_gmt":"2022-10-14 09:52:09","post_content_filtered":"","post_parent":0,"guid":"http:\/\/dev.claret.cat\/editorial\/columna-edicions\/","menu_order":0,"post_type":"editorial","post_mime_type":"","comment_count":"0","filter":"raw"}],"autores-libros":[{"ID":163733,"post_author":"3","post_date":"2022-10-14 17:41:24","post_date_gmt":"2022-10-14 15:41:24","post_content":"","post_title":"MAR\u00cdA ORU\u00d1A","post_excerpt":"","post_status":"publish","comment_status":"closed","ping_status":"closed","post_password":"","post_name":"maria-oruna","to_ping":"","pinged":"","post_modified":"2022-10-14 17:41:24","post_modified_gmt":"2022-10-14 15:41:24","post_content_filtered":"","post_parent":0,"guid":"http:\/\/dev.claret.cat\/autor\/maria-oruna\/","menu_order":0,"post_type":"autor","post_mime_type":"","comment_count":"0","filter":"raw"}]},"aioseo_notices":[],"_links":{"self":[{"href":"https:\/\/www.claret.cat\/es\/wp-json\/wp\/v2\/product\/249047","targetHints":{"allow":["GET"]}}],"collection":[{"href":"https:\/\/www.claret.cat\/es\/wp-json\/wp\/v2\/product"}],"about":[{"href":"https:\/\/www.claret.cat\/es\/wp-json\/wp\/v2\/types\/product"}],"wp:featuredmedia":[{"embeddable":true,"href":"https:\/\/www.claret.cat\/es\/wp-json\/wp\/v2\/media\/249048"}],"wp:attachment":[{"href":"https:\/\/www.claret.cat\/es\/wp-json\/wp\/v2\/media?parent=249047"}],"wp:term":[{"taxonomy":"product_brand","embeddable":true,"href":"https:\/\/www.claret.cat\/es\/wp-json\/wp\/v2\/product_brand?post=249047"},{"taxonomy":"product_cat","embeddable":true,"href":"https:\/\/www.claret.cat\/es\/wp-json\/wp\/v2\/product_cat?post=249047"},{"taxonomy":"product_tag","embeddable":true,"href":"https:\/\/www.claret.cat\/es\/wp-json\/wp\/v2\/product_tag?post=249047"}],"curies":[{"name":"wp","href":"https:\/\/api.w.org\/{rel}","templated":true}]}}