{"id":24911,"date":"2022-10-02T10:23:31","date_gmt":"2022-10-02T08:23:31","guid":{"rendered":"http:\/\/dev.claret.cat\/producte\/como-defender-la-fe-sin-levantar-la-voz-2\/"},"modified":"2023-01-28T00:33:26","modified_gmt":"2023-01-27T23:33:26","slug":"como-defender-la-fe-sin-levantar-la-voz-9788490614389","status":"publish","type":"product","link":"https:\/\/www.claret.cat\/es\/libro\/como-defender-la-fe-sin-levantar-la-voz-9788490614389\/","title":{"rendered":"C\u00d3MO DEFENDER LA FE SIN LEVANTAR LA VOZ"},"content":{"rendered":"<p>Desde su aparici\u00f3n, C\u00f3mo defender la fe sin levantar la voz ha ayudado a miles de cat\u00f3licos en todo el mundo a hablar de una manera nueva acerca de su fe en la tertulia del bar, en una reuni\u00f3n de colegas o ante las c\u00e1maras de televisi\u00f3n, y a hacerlo sin perder los papeles. Publicado ya en siete lenguas, esta primera edici\u00f3n en castellano se adapta a las circunstancias de la Iglesia y de la opini\u00f3n p\u00fablica en Espa\u00f1a, y se acerca a los pa\u00edses hermanos de Am\u00e9rica, donde ya trabajan activamente ocho asociaciones de Voces Cat\u00f3licas.<\/p>\n","protected":false},"excerpt":{"rendered":"<p>IVEREIGH, AUSTEN \/ CIERVA, YAGO DE LA<\/p>\n","protected":false},"featured_media":74638,"template":"","meta":{"_acf_changed":false,"om_disable_all_campaigns":false,"rs_blank_template":"","rs_page_bg_color":"","slide_template_v7":"","inline_featured_image":false,"_monsterinsights_skip_tracking":false,"_monsterinsights_sitenote_active":false,"_monsterinsights_sitenote_note":"","_monsterinsights_sitenote_category":0},"product_brand":[],"product_cat":[16],"product_tag":[],"class_list":{"0":"post-24911","1":"product","2":"type-product","3":"status-publish","4":"has-post-thumbnail","6":"product_cat-sense-categoria","8":"first","9":"instock","10":"taxable","11":"shipping-taxable","12":"purchasable","13":"product-type-simple"},"acf":{"autor":"IVEREIGH, AUSTEN \/ CIERVA, YAGO DE LA","codart":"849061438","libros-coleccion":"","ediciones":"1","encuadernacion":"R\u00fastica","fecha_de_publicacion":"01\/07\/2016","novedad":"0","paginas":"336","subtitulo":"RESPUESTAS CIVILIZADAS A PREGUNTAS DESAFIANTES","orden":"0","portada":"0","idioma":"spa","editorial":[{"ID":6324,"post_author":"3","post_date":"2022-07-28 17:49:44","post_date_gmt":"2022-07-28 15:49:44","post_content":"","post_title":"PALABRA, EDICIONES S. A.","post_excerpt":"","post_status":"publish","comment_status":"closed","ping_status":"closed","post_password":"","post_name":"palabra-ediciones-s-a","to_ping":"","pinged":"","post_modified":"2022-07-28 17:49:44","post_modified_gmt":"2022-07-28 15:49:44","post_content_filtered":"","post_parent":0,"guid":"http:\/\/dev.claret.cat\/editorial\/palabra-ediciones-s-a\/","menu_order":0,"post_type":"editorial","post_mime_type":"","comment_count":"0","filter":"raw"}],"autores-libros":[{"ID":171542,"post_author":"3","post_date":"2022-10-14 22:44:14","post_date_gmt":"2022-10-14 20:44:14","post_content":"","post_title":"YAGO DE LA CIERVA","post_excerpt":"","post_status":"publish","comment_status":"closed","ping_status":"closed","post_password":"","post_name":"yago-de-la-cierva","to_ping":"","pinged":"","post_modified":"2022-10-14 22:44:14","post_modified_gmt":"2022-10-14 20:44:14","post_content_filtered":"","post_parent":0,"guid":"http:\/\/dev.claret.cat\/autor\/yago-de-la-cierva\/","menu_order":0,"post_type":"autor","post_mime_type":"","comment_count":"0","filter":"raw"},{"ID":151265,"post_author":"3","post_date":"2022-10-14 14:39:30","post_date_gmt":"2022-10-14 12:39:30","post_content":"","post_title":"AUSTEN IVEREIGH","post_excerpt":"","post_status":"publish","comment_status":"closed","ping_status":"closed","post_password":"","post_name":"austen-ivereigh","to_ping":"","pinged":"","post_modified":"2022-10-14 14:39:30","post_modified_gmt":"2022-10-14 12:39:30","post_content_filtered":"","post_parent":0,"guid":"http:\/\/dev.claret.cat\/autor\/austen-ivereigh\/","menu_order":0,"post_type":"autor","post_mime_type":"","comment_count":"0","filter":"raw"}]},"aioseo_notices":[],"_links":{"self":[{"href":"https:\/\/www.claret.cat\/es\/wp-json\/wp\/v2\/product\/24911","targetHints":{"allow":["GET"]}}],"collection":[{"href":"https:\/\/www.claret.cat\/es\/wp-json\/wp\/v2\/product"}],"about":[{"href":"https:\/\/www.claret.cat\/es\/wp-json\/wp\/v2\/types\/product"}],"wp:featuredmedia":[{"embeddable":true,"href":"https:\/\/www.claret.cat\/es\/wp-json\/wp\/v2\/media\/74638"}],"wp:attachment":[{"href":"https:\/\/www.claret.cat\/es\/wp-json\/wp\/v2\/media?parent=24911"}],"wp:term":[{"taxonomy":"product_brand","embeddable":true,"href":"https:\/\/www.claret.cat\/es\/wp-json\/wp\/v2\/product_brand?post=24911"},{"taxonomy":"product_cat","embeddable":true,"href":"https:\/\/www.claret.cat\/es\/wp-json\/wp\/v2\/product_cat?post=24911"},{"taxonomy":"product_tag","embeddable":true,"href":"https:\/\/www.claret.cat\/es\/wp-json\/wp\/v2\/product_tag?post=24911"}],"curies":[{"name":"wp","href":"https:\/\/api.w.org\/{rel}","templated":true}]}}