{"id":249220,"date":"2022-10-21T03:38:21","date_gmt":"2022-10-21T01:38:21","guid":{"rendered":"http:\/\/dev.claret.cat\/producte\/15-minutos-al-dia-para-refrescar-tu-ingles-en-la-oficina\/"},"modified":"2023-01-28T20:46:04","modified_gmt":"2023-01-28T19:46:04","slug":"15-minutos-al-dia-para-refrescar-tu-ingles-en-la-oficina-9788416368358","status":"publish","type":"product","link":"https:\/\/www.claret.cat\/es\/libro\/15-minutos-al-dia-para-refrescar-tu-ingles-en-la-oficina-9788416368358\/","title":{"rendered":"15 MINUTOS AL D\u00cdA PARA REFRESCAR TU INGL\u00c9S EN LA OFICINA ("},"content":{"rendered":"<p>\u00bfQuieres comunicarte con soltura en todas las situaciones de la vida profesional? Este m\u00e9todo est\u00e1 destinado a todos aquellos que, una vez adquiridas unas bases de la lengua inglesa, desean mejorar su pr\u00e1ctica del ingl\u00e9s en la vida profesional. Y es que a pesar de tener s\u00f3lidos conocimientos de gram\u00e1tica y vocabulario, uno no siempre tiene soltura para expresarse por tel\u00e9fono, redactar o comprender una carta o un correo electr\u00f3nico, intervenir en una reuni\u00f3n o preparar una presentaci\u00f3n. <\/p>\n<p> Un m\u00e9todo de aprendizaje din\u00e1mico y progresivo, en el que encontrar\u00e1s:<br \/> ? Di\u00e1logos y ejercicios para mejorar tu comprensi\u00f3n y tu expresi\u00f3n en ingl\u00e9s.<br \/> ? Actividades variadas: redacci\u00f3n de un CV, entrevista de trabajo, reuniones, presentaciones&#8230;<br \/> ? Situaciones reales: sigue las actividades de Jane en su nueva empresa desde el primer d\u00eda.<br \/> ? Vocabulario correspondiente a cada situaci\u00f3n.<br \/> ? Explicaciones gramaticales para consolidar lo aprendido.<br \/> ? Informaciones pr\u00e1cticas sobre el funcionamiento de las empresas en el mundo anglosaj\u00f3n.<br \/> ? Trucos para mejorar tu pronunciaci\u00f3n.<br \/> ? Soluciones de todos los ejercicios y actividades.<br \/> ? Transcripci\u00f3n de los di\u00e1logos del CD. <br \/> ? Glosario general ingl\u00e9s-espa\u00f1ol.<\/p>\n<p> Junto con el libro, este m\u00e9todo viene acompa\u00f1ado por un CD para que escuches todos los di\u00e1logos y realices las actividades orales con el fin de practicar la comprensi\u00f3n y la expresi\u00f3n orales.<\/p>\n","protected":false},"excerpt":{"rendered":"<p>LAROUSSE EDITORIAL<\/p>\n","protected":false},"featured_media":249221,"template":"","meta":{"_acf_changed":false,"om_disable_all_campaigns":false,"rs_blank_template":"","rs_page_bg_color":"","slide_template_v7":"","inline_featured_image":false,"_monsterinsights_skip_tracking":false,"_monsterinsights_sitenote_active":false,"_monsterinsights_sitenote_note":"","_monsterinsights_sitenote_category":0},"product_brand":[],"product_cat":[109,98],"product_tag":[],"class_list":{"0":"post-249220","1":"product","2":"type-product","3":"status-publish","4":"has-post-thumbnail","6":"product_cat-angles","7":"product_cat-diccionaris","9":"first","10":"instock","11":"taxable","12":"shipping-taxable","13":"purchasable","14":"product-type-simple"},"acf":{"autor":"LAROUSSE EDITORIAL","codart":"841636835","libros-coleccion":"","ediciones":"1","encuadernacion":"R\u00fastica","fecha_de_publicacion":"01\/09\/2015","novedad":"0","paginas":"158","subtitulo":"","orden":"999","portada":"0","idioma":"spa","editorial":[{"ID":148399,"post_author":"3","post_date":"2022-10-14 11:57:56","post_date_gmt":"2022-10-14 09:57:56","post_content":"","post_title":"LAROUSSE, EDICIONES","post_excerpt":"","post_status":"publish","comment_status":"closed","ping_status":"closed","post_password":"","post_name":"larousse-ediciones","to_ping":"","pinged":"","post_modified":"2022-10-14 11:57:56","post_modified_gmt":"2022-10-14 09:57:56","post_content_filtered":"","post_parent":0,"guid":"http:\/\/dev.claret.cat\/editorial\/larousse-ediciones\/","menu_order":0,"post_type":"editorial","post_mime_type":"","comment_count":"0","filter":"raw"}],"autores-libros":[{"ID":5711,"post_author":"3","post_date":"2022-07-28 17:29:50","post_date_gmt":"2022-07-28 15:29:50","post_content":"","post_title":"LAROUSSE EDITORIAL","post_excerpt":"","post_status":"publish","comment_status":"closed","ping_status":"closed","post_password":"","post_name":"larousse-editorial","to_ping":"","pinged":"","post_modified":"2022-07-28 17:29:50","post_modified_gmt":"2022-07-28 15:29:50","post_content_filtered":"","post_parent":0,"guid":"http:\/\/dev.claret.cat\/autor\/larousse-editorial\/","menu_order":0,"post_type":"autor","post_mime_type":"","comment_count":"0","filter":"raw"}]},"aioseo_notices":[],"_links":{"self":[{"href":"https:\/\/www.claret.cat\/es\/wp-json\/wp\/v2\/product\/249220","targetHints":{"allow":["GET"]}}],"collection":[{"href":"https:\/\/www.claret.cat\/es\/wp-json\/wp\/v2\/product"}],"about":[{"href":"https:\/\/www.claret.cat\/es\/wp-json\/wp\/v2\/types\/product"}],"wp:featuredmedia":[{"embeddable":true,"href":"https:\/\/www.claret.cat\/es\/wp-json\/wp\/v2\/media\/249221"}],"wp:attachment":[{"href":"https:\/\/www.claret.cat\/es\/wp-json\/wp\/v2\/media?parent=249220"}],"wp:term":[{"taxonomy":"product_brand","embeddable":true,"href":"https:\/\/www.claret.cat\/es\/wp-json\/wp\/v2\/product_brand?post=249220"},{"taxonomy":"product_cat","embeddable":true,"href":"https:\/\/www.claret.cat\/es\/wp-json\/wp\/v2\/product_cat?post=249220"},{"taxonomy":"product_tag","embeddable":true,"href":"https:\/\/www.claret.cat\/es\/wp-json\/wp\/v2\/product_tag?post=249220"}],"curies":[{"name":"wp","href":"https:\/\/api.w.org\/{rel}","templated":true}]}}