{"id":249256,"date":"2022-10-21T03:39:15","date_gmt":"2022-10-21T01:39:15","guid":{"rendered":"http:\/\/dev.claret.cat\/producte\/pulgarcita-4\/"},"modified":"2023-01-28T19:29:28","modified_gmt":"2023-01-28T18:29:28","slug":"pulgarcita-9788484837671","status":"publish","type":"product","link":"https:\/\/www.claret.cat\/es\/libro\/pulgarcita-9788484837671\/","title":{"rendered":"PULGARCITA"},"content":{"rendered":"<p>Erase una vez una mujer que deseaba ser madre, pero no consegu\u00eda tener un hijo. As\u00ed que pidi\u00f3 ayuda a una bruja, que le dio una semilla de cebada y le dijo que la pusiera en un jarr\u00f3n. La mujer plant\u00f3 la semilla y r\u00e1pido creci\u00f3 una flor: parec\u00eda un tulip\u00e1n, pero entre sus p\u00e9talos hab\u00eda una ni\u00f1a como un pulgar de grande.<\/p>\n","protected":false},"excerpt":{"rendered":"<p>ANDERSEN, HANS CHRISTIAN<\/p>\n","protected":false},"featured_media":249257,"template":"","meta":{"_acf_changed":false,"om_disable_all_campaigns":false,"rs_blank_template":"","rs_page_bg_color":"","slide_template_v7":"","inline_featured_image":false,"_monsterinsights_skip_tracking":false,"_monsterinsights_sitenote_active":false,"_monsterinsights_sitenote_note":"","_monsterinsights_sitenote_category":0},"product_brand":[],"product_cat":[131],"product_tag":[],"class_list":{"0":"post-249256","1":"product","2":"type-product","3":"status-publish","4":"has-post-thumbnail","6":"product_cat-contes-per-infants-0-6-anys","8":"first","9":"instock","10":"taxable","11":"shipping-taxable","12":"purchasable","13":"product-type-simple"},"acf":{"autor":"ANDERSEN, HANS CHRISTIAN","codart":"848483767","libros-coleccion":"","ediciones":"1","encuadernacion":"R\u00fastica","fecha_de_publicacion":"01\/09\/2015","novedad":"0","paginas":"40","subtitulo":"","orden":"999","portada":"0","idioma":"spa","editorial":[{"ID":148383,"post_author":"3","post_date":"2022-10-14 11:57:49","post_date_gmt":"2022-10-14 09:57:49","post_content":"","post_title":"LABERINTO","post_excerpt":"","post_status":"publish","comment_status":"closed","ping_status":"closed","post_password":"","post_name":"laberinto","to_ping":"","pinged":"","post_modified":"2022-10-14 11:57:49","post_modified_gmt":"2022-10-14 09:57:49","post_content_filtered":"","post_parent":0,"guid":"http:\/\/dev.claret.cat\/editorial\/laberinto\/","menu_order":0,"post_type":"editorial","post_mime_type":"","comment_count":"0","filter":"raw"}],"autores-libros":[{"ID":157350,"post_author":"3","post_date":"2022-10-14 15:28:08","post_date_gmt":"2022-10-14 13:28:08","post_content":"","post_title":"HANS CHRISTIAN ANDERSEN","post_excerpt":"","post_status":"publish","comment_status":"closed","ping_status":"closed","post_password":"","post_name":"hans-christian-andersen","to_ping":"","pinged":"","post_modified":"2022-10-14 15:28:08","post_modified_gmt":"2022-10-14 13:28:08","post_content_filtered":"","post_parent":0,"guid":"http:\/\/dev.claret.cat\/autor\/hans-christian-andersen\/","menu_order":0,"post_type":"autor","post_mime_type":"","comment_count":"0","filter":"raw"}]},"aioseo_notices":[],"_links":{"self":[{"href":"https:\/\/www.claret.cat\/es\/wp-json\/wp\/v2\/product\/249256","targetHints":{"allow":["GET"]}}],"collection":[{"href":"https:\/\/www.claret.cat\/es\/wp-json\/wp\/v2\/product"}],"about":[{"href":"https:\/\/www.claret.cat\/es\/wp-json\/wp\/v2\/types\/product"}],"wp:featuredmedia":[{"embeddable":true,"href":"https:\/\/www.claret.cat\/es\/wp-json\/wp\/v2\/media\/249257"}],"wp:attachment":[{"href":"https:\/\/www.claret.cat\/es\/wp-json\/wp\/v2\/media?parent=249256"}],"wp:term":[{"taxonomy":"product_brand","embeddable":true,"href":"https:\/\/www.claret.cat\/es\/wp-json\/wp\/v2\/product_brand?post=249256"},{"taxonomy":"product_cat","embeddable":true,"href":"https:\/\/www.claret.cat\/es\/wp-json\/wp\/v2\/product_cat?post=249256"},{"taxonomy":"product_tag","embeddable":true,"href":"https:\/\/www.claret.cat\/es\/wp-json\/wp\/v2\/product_tag?post=249256"}],"curies":[{"name":"wp","href":"https:\/\/api.w.org\/{rel}","templated":true}]}}