{"id":24926,"date":"2022-10-02T10:23:43","date_gmt":"2022-10-02T08:23:43","guid":{"rendered":"http:\/\/dev.claret.cat\/producte\/hijos-autonomos\/"},"modified":"2023-01-28T20:01:20","modified_gmt":"2023-01-28T19:01:20","slug":"hijos-autonomos-9788490614594","status":"publish","type":"product","link":"https:\/\/www.claret.cat\/es\/libro\/hijos-autonomos-9788490614594\/","title":{"rendered":"HIJOS AUT\u00d3NOMOS"},"content":{"rendered":"<p>Nuestros hijos ser\u00e1n felices en la medida en que sean personas aut\u00f3nomas. Para ello, hemos de conseguir que sepan gestionar adecuadamente su libertad, sean maduros y puedan realizar con \u00e9xito lo que se proponen.<\/p>\n","protected":false},"excerpt":{"rendered":"<p>GARRIDO GIL, PABLO<\/p>\n","protected":false},"featured_media":74518,"template":"","meta":{"_acf_changed":false,"om_disable_all_campaigns":false,"rs_blank_template":"","rs_page_bg_color":"","slide_template_v7":"","inline_featured_image":false,"_monsterinsights_skip_tracking":false,"_monsterinsights_sitenote_active":false,"_monsterinsights_sitenote_note":"","_monsterinsights_sitenote_category":0},"product_brand":[],"product_cat":[100],"product_tag":[],"class_list":{"0":"post-24926","1":"product","2":"type-product","3":"status-publish","4":"has-post-thumbnail","6":"product_cat-escola-de-pares","8":"first","9":"instock","10":"taxable","11":"shipping-taxable","12":"purchasable","13":"product-type-simple"},"acf":{"autor":"GARRIDO GIL, PABLO","codart":"849061459","libros-coleccion":"","ediciones":"1","encuadernacion":"R\u00fastica","fecha_de_publicacion":"01\/09\/2016","novedad":"0","paginas":"0","subtitulo":"EDUCAR PARA LA LIBERTAD Y LA FORTALEZA","orden":"999","portada":"0","idioma":"spa","editorial":[{"ID":6324,"post_author":"3","post_date":"2022-07-28 17:49:44","post_date_gmt":"2022-07-28 15:49:44","post_content":"","post_title":"PALABRA, EDICIONES S. A.","post_excerpt":"","post_status":"publish","comment_status":"closed","ping_status":"closed","post_password":"","post_name":"palabra-ediciones-s-a","to_ping":"","pinged":"","post_modified":"2022-07-28 17:49:44","post_modified_gmt":"2022-07-28 15:49:44","post_content_filtered":"","post_parent":0,"guid":"http:\/\/dev.claret.cat\/editorial\/palabra-ediciones-s-a\/","menu_order":0,"post_type":"editorial","post_mime_type":"","comment_count":"0","filter":"raw"}],"autores-libros":[{"ID":166416,"post_author":"3","post_date":"2022-10-14 18:03:06","post_date_gmt":"2022-10-14 16:03:06","post_content":"","post_title":"PABLO GARRIDO GIL","post_excerpt":"","post_status":"publish","comment_status":"closed","ping_status":"closed","post_password":"","post_name":"pablo-garrido-gil","to_ping":"","pinged":"","post_modified":"2022-10-14 18:03:06","post_modified_gmt":"2022-10-14 16:03:06","post_content_filtered":"","post_parent":0,"guid":"http:\/\/dev.claret.cat\/autor\/pablo-garrido-gil\/","menu_order":0,"post_type":"autor","post_mime_type":"","comment_count":"0","filter":"raw"}]},"aioseo_notices":[],"_links":{"self":[{"href":"https:\/\/www.claret.cat\/es\/wp-json\/wp\/v2\/product\/24926","targetHints":{"allow":["GET"]}}],"collection":[{"href":"https:\/\/www.claret.cat\/es\/wp-json\/wp\/v2\/product"}],"about":[{"href":"https:\/\/www.claret.cat\/es\/wp-json\/wp\/v2\/types\/product"}],"wp:featuredmedia":[{"embeddable":true,"href":"https:\/\/www.claret.cat\/es\/wp-json\/wp\/v2\/media\/74518"}],"wp:attachment":[{"href":"https:\/\/www.claret.cat\/es\/wp-json\/wp\/v2\/media?parent=24926"}],"wp:term":[{"taxonomy":"product_brand","embeddable":true,"href":"https:\/\/www.claret.cat\/es\/wp-json\/wp\/v2\/product_brand?post=24926"},{"taxonomy":"product_cat","embeddable":true,"href":"https:\/\/www.claret.cat\/es\/wp-json\/wp\/v2\/product_cat?post=24926"},{"taxonomy":"product_tag","embeddable":true,"href":"https:\/\/www.claret.cat\/es\/wp-json\/wp\/v2\/product_tag?post=24926"}],"curies":[{"name":"wp","href":"https:\/\/api.w.org\/{rel}","templated":true}]}}