{"id":249265,"date":"2022-10-21T03:39:28","date_gmt":"2022-10-21T01:39:28","guid":{"rendered":"http:\/\/dev.claret.cat\/producte\/la-noche-en-el-castillo-embrujado\/"},"modified":"2023-01-28T21:54:18","modified_gmt":"2023-01-28T20:54:18","slug":"la-noche-en-el-castillo-embrujado-9788484837909","status":"publish","type":"product","link":"https:\/\/www.claret.cat\/es\/libro\/la-noche-en-el-castillo-embrujado-9788484837909\/","title":{"rendered":"LA NOCHE EN EL CASTILLO EMBRUJADO"},"content":{"rendered":"<p>Una nueva colecci\u00f3n con un concepto muy innovador, destinada a primeros lectores entre 4 y 6 a\u00f1os: para aquellos ni\u00f1os y ni\u00f1as que, reci\u00e9n adquiridas las primeras nociones del aprendizaje lector, quieren comenzar a leer un libro de verdad de modo aut\u00f3nomo.<br \/> A cada uno de los tres tipos de letra que vienen propuestos en la escuela infantil y primaria corresponde igualmente una extensi\u00f3n de los textos diferente, para hacer que las lecturas est\u00e9n graduadas a la capacidad lectora alcanzada por los ni\u00f1os y ni\u00f1as. Adem\u00e1s, al final del libro, encontraremos un mont\u00f3n de p\u00e1ginas para jugar con la historia.<\/p>\n","protected":false},"excerpt":{"rendered":"<p>DESCONOCIDO<\/p>\n","protected":false},"featured_media":249266,"template":"","meta":{"_acf_changed":false,"om_disable_all_campaigns":false,"rs_blank_template":"","rs_page_bg_color":"","slide_template_v7":"","inline_featured_image":false,"_monsterinsights_skip_tracking":false,"_monsterinsights_sitenote_active":false,"_monsterinsights_sitenote_note":"","_monsterinsights_sitenote_category":0},"product_brand":[],"product_cat":[131],"product_tag":[],"class_list":{"0":"post-249265","1":"product","2":"type-product","3":"status-publish","4":"has-post-thumbnail","6":"product_cat-contes-per-infants-0-6-anys","8":"first","9":"instock","10":"taxable","11":"shipping-taxable","12":"purchasable","13":"product-type-simple"},"acf":{"autor":"DESCONOCIDO","codart":"848483790","libros-coleccion":"","ediciones":"1","encuadernacion":"R\u00fastica","fecha_de_publicacion":"01\/09\/2015","novedad":"0","paginas":"30","subtitulo":"UNA HISTORIA EN 10 MINUTOS","orden":"999","portada":"0","idioma":"spa","editorial":[{"ID":148383,"post_author":"3","post_date":"2022-10-14 11:57:49","post_date_gmt":"2022-10-14 09:57:49","post_content":"","post_title":"LABERINTO","post_excerpt":"","post_status":"publish","comment_status":"closed","ping_status":"closed","post_password":"","post_name":"laberinto","to_ping":"","pinged":"","post_modified":"2022-10-14 11:57:49","post_modified_gmt":"2022-10-14 09:57:49","post_content_filtered":"","post_parent":0,"guid":"http:\/\/dev.claret.cat\/editorial\/laberinto\/","menu_order":0,"post_type":"editorial","post_mime_type":"","comment_count":"0","filter":"raw"}],"autores-libros":[{"ID":154099,"post_author":"3","post_date":"2022-10-14 15:02:05","post_date_gmt":"2022-10-14 13:02:05","post_content":"","post_title":"DESCONOCIDO","post_excerpt":"","post_status":"publish","comment_status":"closed","ping_status":"closed","post_password":"","post_name":"desconocido","to_ping":"","pinged":"","post_modified":"2022-10-14 15:02:05","post_modified_gmt":"2022-10-14 13:02:05","post_content_filtered":"","post_parent":0,"guid":"http:\/\/dev.claret.cat\/autor\/desconocido\/","menu_order":0,"post_type":"autor","post_mime_type":"","comment_count":"0","filter":"raw"}]},"aioseo_notices":[],"_links":{"self":[{"href":"https:\/\/www.claret.cat\/es\/wp-json\/wp\/v2\/product\/249265","targetHints":{"allow":["GET"]}}],"collection":[{"href":"https:\/\/www.claret.cat\/es\/wp-json\/wp\/v2\/product"}],"about":[{"href":"https:\/\/www.claret.cat\/es\/wp-json\/wp\/v2\/types\/product"}],"wp:featuredmedia":[{"embeddable":true,"href":"https:\/\/www.claret.cat\/es\/wp-json\/wp\/v2\/media\/249266"}],"wp:attachment":[{"href":"https:\/\/www.claret.cat\/es\/wp-json\/wp\/v2\/media?parent=249265"}],"wp:term":[{"taxonomy":"product_brand","embeddable":true,"href":"https:\/\/www.claret.cat\/es\/wp-json\/wp\/v2\/product_brand?post=249265"},{"taxonomy":"product_cat","embeddable":true,"href":"https:\/\/www.claret.cat\/es\/wp-json\/wp\/v2\/product_cat?post=249265"},{"taxonomy":"product_tag","embeddable":true,"href":"https:\/\/www.claret.cat\/es\/wp-json\/wp\/v2\/product_tag?post=249265"}],"curies":[{"name":"wp","href":"https:\/\/api.w.org\/{rel}","templated":true}]}}