{"id":249356,"date":"2022-10-21T08:36:22","date_gmt":"2022-10-21T06:36:22","guid":{"rendered":"http:\/\/dev.claret.cat\/producte\/dormir-a-la-reina-panda\/"},"modified":"2026-02-05T11:55:22","modified_gmt":"2026-02-05T10:55:22","slug":"dormir-a-la-reina-panda-9788494622205","status":"publish","type":"product","link":"https:\/\/www.claret.cat\/es\/libro\/dormir-a-la-reina-panda-9788494622205\/","title":{"rendered":"DORMIR A LA REINA PANDA"},"content":{"rendered":"<p>Hacia ya muchos d\u00edas que la Reina no pod\u00eda conciliar el sue\u00f1o. Todos sus s\u00fabditos estaban inquietos, molestos y agotados, ya que deb\u00edan permanecer al servicio de su majestad d\u00eda y noche.<\/p>\n","protected":false},"excerpt":{"rendered":"<p>ISERN, SUSANNA<\/p>\n","protected":false},"featured_media":1003990,"template":"","meta":{"_acf_changed":false,"om_disable_all_campaigns":false,"rs_blank_template":"","rs_page_bg_color":"","slide_template_v7":"","inline_featured_image":false,"_monsterinsights_skip_tracking":false,"_monsterinsights_sitenote_active":false,"_monsterinsights_sitenote_note":"","_monsterinsights_sitenote_category":0},"product_brand":[],"product_cat":[131,132,361,362],"product_tag":[],"class_list":{"0":"post-249356","1":"product","2":"type-product","3":"status-publish","4":"has-post-thumbnail","6":"product_cat-contes-per-infants-0-6-anys","7":"product_cat-lectures-per-preadolescents-6-12-anys","8":"product_cat-cuentos-para-ninos-0-6-anos","9":"product_cat-libros-preadolescentes-6-12-anos","11":"first","12":"instock","13":"taxable","14":"shipping-taxable","15":"purchasable","16":"product-type-simple"},"acf":{"autor":"ISERN, SUSANNA","codart":"849462220","libros-coleccion":"","ediciones":"1","encuadernacion":"Carton\u00e9","fecha_de_publicacion":"01\/10\/2016","novedad":"1","paginas":"61","subtitulo":"","orden":"0","portada":"0","idioma":"spa","autores-libros":[{"ID":169977,"post_author":"3","post_date":"2022-10-14 22:31:33","post_date_gmt":"2022-10-14 20:31:33","post_content":"","post_title":"SUSANNA ISERN","post_excerpt":"","post_status":"publish","comment_status":"closed","ping_status":"closed","post_password":"","post_name":"susanna-isern","to_ping":"","pinged":"","post_modified":"2022-10-14 22:31:33","post_modified_gmt":"2022-10-14 20:31:33","post_content_filtered":"","post_parent":0,"guid":"http:\/\/dev.claret.cat\/autor\/susanna-isern\/","menu_order":0,"post_type":"autor","post_mime_type":"","comment_count":"0","filter":"raw"}],"editorial":[{"ID":262025,"post_author":"3","post_date":"2022-10-24 11:18:57","post_date_gmt":"2022-10-24 09:18:57","post_content":"","post_title":"EDICIONES TTT","post_excerpt":"","post_status":"publish","comment_status":"closed","ping_status":"closed","post_password":"","post_name":"ediciones-ttt","to_ping":"","pinged":"","post_modified":"2022-10-24 11:18:57","post_modified_gmt":"2022-10-24 09:18:57","post_content_filtered":"","post_parent":0,"guid":"http:\/\/dev.claret.cat\/editorial\/ediciones-ttt\/","menu_order":0,"post_type":"editorial","post_mime_type":"","comment_count":"0","filter":"raw"}],"booktrailer":"","resenas":""},"aioseo_notices":[],"_links":{"self":[{"href":"https:\/\/www.claret.cat\/es\/wp-json\/wp\/v2\/product\/249356","targetHints":{"allow":["GET"]}}],"collection":[{"href":"https:\/\/www.claret.cat\/es\/wp-json\/wp\/v2\/product"}],"about":[{"href":"https:\/\/www.claret.cat\/es\/wp-json\/wp\/v2\/types\/product"}],"wp:featuredmedia":[{"embeddable":true,"href":"https:\/\/www.claret.cat\/es\/wp-json\/wp\/v2\/media\/1003990"}],"wp:attachment":[{"href":"https:\/\/www.claret.cat\/es\/wp-json\/wp\/v2\/media?parent=249356"}],"wp:term":[{"taxonomy":"product_brand","embeddable":true,"href":"https:\/\/www.claret.cat\/es\/wp-json\/wp\/v2\/product_brand?post=249356"},{"taxonomy":"product_cat","embeddable":true,"href":"https:\/\/www.claret.cat\/es\/wp-json\/wp\/v2\/product_cat?post=249356"},{"taxonomy":"product_tag","embeddable":true,"href":"https:\/\/www.claret.cat\/es\/wp-json\/wp\/v2\/product_tag?post=249356"}],"curies":[{"name":"wp","href":"https:\/\/api.w.org\/{rel}","templated":true}]}}