{"id":249597,"date":"2022-10-21T08:46:38","date_gmt":"2022-10-21T06:46:38","guid":{"rendered":"http:\/\/dev.claret.cat\/producte\/que-samaga-dins-del-bosc\/"},"modified":"2023-06-15T19:30:25","modified_gmt":"2023-06-15T17:30:25","slug":"que-samaga-dins-del-bosc-9788490343388","status":"publish","type":"product","link":"https:\/\/www.claret.cat\/es\/libro\/que-samaga-dins-del-bosc-9788490343388\/","title":{"rendered":"QU\u00c8 S&#8217;AMAGA DINS DEL BOSC?"},"content":{"rendered":"<p>Qu\u00e8 s&#8221;amaga dins el bosc? Si mires a trav\u00e9s de les lupes, hi veur\u00e0s moltes coses que no es veuen a simple vista. Comen\u00e7a per la lupa verda i et semblar\u00e0 que res s&#8221;hi mou; despr\u00e9s, mira a trav\u00e9s de la blava i hi comen\u00e7ar\u00e0 a apar\u00e8ixer la vida y, finalment, si mires amb la vermella, hi descobrir\u00e0s molts m\u00e9s secrets!<\/p>\n","protected":false},"excerpt":{"rendered":"<p>BESTARD, AINA<\/p>\n","protected":false},"featured_media":319831,"template":"","meta":{"_acf_changed":false,"om_disable_all_campaigns":false,"rs_blank_template":"","rs_page_bg_color":"","slide_template_v7":"","inline_featured_image":false,"_monsterinsights_skip_tracking":false,"_monsterinsights_sitenote_active":false,"_monsterinsights_sitenote_note":"","_monsterinsights_sitenote_category":0},"product_brand":[],"product_cat":[131,361],"product_tag":[],"class_list":{"0":"post-249597","1":"product","2":"type-product","3":"status-publish","4":"has-post-thumbnail","6":"product_cat-contes-per-infants-0-6-anys","7":"product_cat-cuentos-para-ninos-0-6-anos","9":"first","10":"instock","11":"taxable","12":"shipping-taxable","13":"purchasable","14":"product-type-simple"},"acf":{"autor":"BESTARD, AINA","codart":"849034338","libros-coleccion":"","ediciones":"1","encuadernacion":"Carton\u00e9","fecha_de_publicacion":"01\/09\/2015","novedad":"0","paginas":"30","subtitulo":"","orden":"999","portada":"0","idioma":"cat","editorial":[{"ID":6171,"post_author":"3","post_date":"2022-07-28 17:46:25","post_date_gmt":"2022-07-28 15:46:25","post_content":"","post_title":"COSSETANIA EDICIONS","post_excerpt":"","post_status":"publish","comment_status":"closed","ping_status":"closed","post_password":"","post_name":"cossetania-edicions","to_ping":"","pinged":"","post_modified":"2022-07-28 17:46:25","post_modified_gmt":"2022-07-28 15:46:25","post_content_filtered":"","post_parent":0,"guid":"http:\/\/dev.claret.cat\/editorial\/cossetania-edicions\/","menu_order":0,"post_type":"editorial","post_mime_type":"","comment_count":"0","filter":"raw"}],"autores-libros":[{"ID":149291,"post_author":"3","post_date":"2022-10-14 14:23:42","post_date_gmt":"2022-10-14 12:23:42","post_content":"","post_title":"AINA BESTARD","post_excerpt":"","post_status":"publish","comment_status":"closed","ping_status":"closed","post_password":"","post_name":"aina-bestard","to_ping":"","pinged":"","post_modified":"2022-10-14 14:23:42","post_modified_gmt":"2022-10-14 12:23:42","post_content_filtered":"","post_parent":0,"guid":"http:\/\/dev.claret.cat\/autor\/aina-bestard\/","menu_order":0,"post_type":"autor","post_mime_type":"","comment_count":"0","filter":"raw"}]},"aioseo_notices":[],"_links":{"self":[{"href":"https:\/\/www.claret.cat\/es\/wp-json\/wp\/v2\/product\/249597","targetHints":{"allow":["GET"]}}],"collection":[{"href":"https:\/\/www.claret.cat\/es\/wp-json\/wp\/v2\/product"}],"about":[{"href":"https:\/\/www.claret.cat\/es\/wp-json\/wp\/v2\/types\/product"}],"wp:featuredmedia":[{"embeddable":true,"href":"https:\/\/www.claret.cat\/es\/wp-json\/wp\/v2\/media\/319831"}],"wp:attachment":[{"href":"https:\/\/www.claret.cat\/es\/wp-json\/wp\/v2\/media?parent=249597"}],"wp:term":[{"taxonomy":"product_brand","embeddable":true,"href":"https:\/\/www.claret.cat\/es\/wp-json\/wp\/v2\/product_brand?post=249597"},{"taxonomy":"product_cat","embeddable":true,"href":"https:\/\/www.claret.cat\/es\/wp-json\/wp\/v2\/product_cat?post=249597"},{"taxonomy":"product_tag","embeddable":true,"href":"https:\/\/www.claret.cat\/es\/wp-json\/wp\/v2\/product_tag?post=249597"}],"curies":[{"name":"wp","href":"https:\/\/api.w.org\/{rel}","templated":true}]}}