{"id":249650,"date":"2022-10-21T08:48:08","date_gmt":"2022-10-21T06:48:08","guid":{"rendered":"http:\/\/dev.claret.cat\/producte\/no-se-quin-animal-em-sembla-el-mes-bestial\/"},"modified":"2023-05-15T13:25:46","modified_gmt":"2023-05-15T11:25:46","slug":"no-se-quin-animal-em-sembla-el-mes-bestial-9788415975496","status":"publish","type":"product","link":"https:\/\/www.claret.cat\/es\/libro\/no-se-quin-animal-em-sembla-el-mes-bestial-9788415975496\/","title":{"rendered":"NO S\u00c9 QUIN ANIMAL EM SEMBLA EL M\u00c9S BESTIAL"},"content":{"rendered":"<p>Els animals s\u00f3n molts i tots diferents. La girafa i l&#8217;elefant de la sabana, la gallina del corral, la lenta tortuga o el ping\u00fc\u00ed que nada al mar. En vols con\u00e8ixer algun m\u00e9s?<\/p>\n","protected":false},"excerpt":{"rendered":"<p>GIL, CARMEN<\/p>\n","protected":false},"featured_media":316742,"template":"","meta":{"_acf_changed":false,"om_disable_all_campaigns":false,"rs_blank_template":"","rs_page_bg_color":"","slide_template_v7":"","inline_featured_image":false,"_monsterinsights_skip_tracking":false,"_monsterinsights_sitenote_active":false,"_monsterinsights_sitenote_note":"","_monsterinsights_sitenote_category":0},"product_brand":[],"product_cat":[131,361],"product_tag":[],"class_list":{"0":"post-249650","1":"product","2":"type-product","3":"status-publish","4":"has-post-thumbnail","6":"product_cat-contes-per-infants-0-6-anys","7":"product_cat-cuentos-para-ninos-0-6-anos","9":"first","10":"instock","11":"taxable","12":"shipping-taxable","13":"purchasable","14":"product-type-simple"},"acf":{"autor":"GIL, CARMEN","codart":"841597549","libros-coleccion":"","ediciones":"1","encuadernacion":"R\u00fastica","fecha_de_publicacion":"01\/09\/2015","novedad":"0","paginas":"20","subtitulo":"","orden":"999","portada":"0","idioma":"cat","editorial":[{"ID":6123,"post_author":"3","post_date":"2022-07-28 17:45:23","post_date_gmt":"2022-07-28 15:45:23","post_content":"","post_title":"ANIMALLIBRES","post_excerpt":"","post_status":"publish","comment_status":"closed","ping_status":"closed","post_password":"","post_name":"animallibres","to_ping":"","pinged":"","post_modified":"2022-07-28 17:45:23","post_modified_gmt":"2022-07-28 15:45:23","post_content_filtered":"","post_parent":0,"guid":"http:\/\/dev.claret.cat\/editorial\/animallibres\/","menu_order":0,"post_type":"editorial","post_mime_type":"","comment_count":"0","filter":"raw"}],"autores-libros":[{"ID":5332,"post_author":"3","post_date":"2022-07-28 17:21:43","post_date_gmt":"2022-07-28 15:21:43","post_content":"","post_title":"CARMEN GIL","post_excerpt":"","post_status":"publish","comment_status":"closed","ping_status":"closed","post_password":"","post_name":"carmen-gil","to_ping":"","pinged":"","post_modified":"2022-07-28 17:21:43","post_modified_gmt":"2022-07-28 15:21:43","post_content_filtered":"","post_parent":0,"guid":"http:\/\/dev.claret.cat\/autor\/carmen-gil\/","menu_order":0,"post_type":"autor","post_mime_type":"","comment_count":"0","filter":"raw"}]},"aioseo_notices":[],"_links":{"self":[{"href":"https:\/\/www.claret.cat\/es\/wp-json\/wp\/v2\/product\/249650","targetHints":{"allow":["GET"]}}],"collection":[{"href":"https:\/\/www.claret.cat\/es\/wp-json\/wp\/v2\/product"}],"about":[{"href":"https:\/\/www.claret.cat\/es\/wp-json\/wp\/v2\/types\/product"}],"wp:featuredmedia":[{"embeddable":true,"href":"https:\/\/www.claret.cat\/es\/wp-json\/wp\/v2\/media\/316742"}],"wp:attachment":[{"href":"https:\/\/www.claret.cat\/es\/wp-json\/wp\/v2\/media?parent=249650"}],"wp:term":[{"taxonomy":"product_brand","embeddable":true,"href":"https:\/\/www.claret.cat\/es\/wp-json\/wp\/v2\/product_brand?post=249650"},{"taxonomy":"product_cat","embeddable":true,"href":"https:\/\/www.claret.cat\/es\/wp-json\/wp\/v2\/product_cat?post=249650"},{"taxonomy":"product_tag","embeddable":true,"href":"https:\/\/www.claret.cat\/es\/wp-json\/wp\/v2\/product_tag?post=249650"}],"curies":[{"name":"wp","href":"https:\/\/api.w.org\/{rel}","templated":true}]}}