{"id":249753,"date":"2022-10-21T08:51:10","date_gmt":"2022-10-21T06:51:10","guid":{"rendered":"http:\/\/dev.claret.cat\/producte\/el-estandarte-imperial\/"},"modified":"2023-01-28T18:04:22","modified_gmt":"2023-01-28T17:04:22","slug":"el-estandarte-imperial-9788416331116","status":"publish","type":"product","link":"https:\/\/www.claret.cat\/es\/libro\/el-estandarte-imperial-9788416331116\/","title":{"rendered":"EL ESTANDARTE IMPERIAL"},"content":{"rendered":"<p>A\u00f1o 272, d. C. El emperador romano Aureliano ha derrotado a la reina Zenobia y ha aplastado la rebeli\u00f3n de la ciudad de Palmira. El sagrado estandarte de Faridun, m\u00edtico rey de Persia, ha ca\u00eddo en manos romanas. Ahora tiene que ser devuelto a los persas como parte de un hist\u00f3rico tratado de paz, pero en la v\u00edspera de la firma el estandarte desaparece.<\/p>\n<p> Reclamado desde Siria, el agente imperial Casio C\u00f3rbulo es el elegido para la misi\u00f3n de recuperarlo. Acompa\u00f1ado por su fiel sirviente Simo y el exgladiador y guardaespaldas Indavara, Casio debe viajar a trav\u00e9s del peligroso desierto sirio hasta las igualmente amenazadoras calles de Antioqu\u00eda. El grupo se enfrentar\u00e1 a bandoleros despiadados, cultos misteriosos, asesinos inmisericordes y multitud de intrigas en cada recodo de su camino.<\/p>\n<p> La caza ha comenzado&#8230;<\/p>\n<p> \u00abBrown promete ser uno de los escritores m\u00e1s apasionantes empu\u00f1ando una espada\u00bb, The Oxford Times.<br \/> \u00abHay momentos tan cinematogr\u00e1ficos que casi puedes imaginarte la pel\u00edcula. Para disfrutarla entera, muy entretenida, su lectura merece mucho la pena\u00bb, Historical Novels Review.<br \/> \u00abViolenta y realista. Con un James Bond romano, mucha intriga e inteligentes e inesperados giros narrativos\u00bb, De Telegraaf.<br \/> \u00abSi te gusta Scarrow, adoras a Iggulden, y por supuesto admiras a Scott, entonces no dejes de a\u00f1adir a tu lista a Brown. Literatura de la buena\u00bb, Falcata Times.<\/p>\n","protected":false},"excerpt":{"rendered":"<p>BROWN, NICK<\/p>\n","protected":false},"featured_media":249754,"template":"","meta":{"_acf_changed":false,"om_disable_all_campaigns":false,"rs_blank_template":"","rs_page_bg_color":"","slide_template_v7":"","inline_featured_image":false,"_monsterinsights_skip_tracking":false,"_monsterinsights_sitenote_active":false,"_monsterinsights_sitenote_note":"","_monsterinsights_sitenote_category":0},"product_brand":[],"product_cat":[16],"product_tag":[],"class_list":{"0":"post-249753","1":"product","2":"type-product","3":"status-publish","4":"has-post-thumbnail","6":"product_cat-sense-categoria","8":"first","9":"instock","10":"taxable","11":"shipping-taxable","12":"purchasable","13":"product-type-simple"},"acf":{"autor":"BROWN, NICK","codart":"841633111","libros-coleccion":"","ediciones":"1","encuadernacion":"R\u00fastica","fecha_de_publicacion":"01\/09\/2015","novedad":"0","paginas":"425","subtitulo":"","orden":"999","portada":"0","idioma":"spa"},"aioseo_notices":[],"_links":{"self":[{"href":"https:\/\/www.claret.cat\/es\/wp-json\/wp\/v2\/product\/249753","targetHints":{"allow":["GET"]}}],"collection":[{"href":"https:\/\/www.claret.cat\/es\/wp-json\/wp\/v2\/product"}],"about":[{"href":"https:\/\/www.claret.cat\/es\/wp-json\/wp\/v2\/types\/product"}],"wp:featuredmedia":[{"embeddable":true,"href":"https:\/\/www.claret.cat\/es\/wp-json\/wp\/v2\/media\/249754"}],"wp:attachment":[{"href":"https:\/\/www.claret.cat\/es\/wp-json\/wp\/v2\/media?parent=249753"}],"wp:term":[{"taxonomy":"product_brand","embeddable":true,"href":"https:\/\/www.claret.cat\/es\/wp-json\/wp\/v2\/product_brand?post=249753"},{"taxonomy":"product_cat","embeddable":true,"href":"https:\/\/www.claret.cat\/es\/wp-json\/wp\/v2\/product_cat?post=249753"},{"taxonomy":"product_tag","embeddable":true,"href":"https:\/\/www.claret.cat\/es\/wp-json\/wp\/v2\/product_tag?post=249753"}],"curies":[{"name":"wp","href":"https:\/\/api.w.org\/{rel}","templated":true}]}}