{"id":249798,"date":"2022-10-21T08:52:23","date_gmt":"2022-10-21T06:52:23","guid":{"rendered":"http:\/\/dev.claret.cat\/producte\/dragon-ball-z-la-batalla-ardent\/"},"modified":"2023-01-28T12:14:01","modified_gmt":"2023-01-28T11:14:01","slug":"dragon-ball-z-la-batalla-ardent-9788416308965","status":"publish","type":"product","link":"https:\/\/www.claret.cat\/es\/libro\/dragon-ball-z-la-batalla-ardent-9788416308965\/","title":{"rendered":"DRAGON BALL Z . LA BATALLA ARDENT"},"content":{"rendered":"<p>Els quatre superguerrers Son Goku, Son Gohan, Vegetta i Trunks protagonitzen una incre\u00efble batalla contra un superguerrer de poder immens. No et perdis aquest brutal i trepidant xoc de titans. N\u00famero de la s\u00e8rie Jump Anime Comics que recull de forma complerts i a tot color els continguts de la pel.l\u00edcula original per a cinemes estrenada \u00a0a la primeravera de 1993, sota el t\u00edtol de Esclata el duel.T\u00edtol original:\u00a0\u00a0MOETSUKIRO!!NESSEN RESSEN CHOGEKISEN<\/p>\n","protected":false},"excerpt":{"rendered":"<p>TORIYAMA, AKIRA<\/p>\n","protected":false},"featured_media":249799,"template":"","meta":{"_acf_changed":false,"om_disable_all_campaigns":false,"rs_blank_template":"","rs_page_bg_color":"","slide_template_v7":"","inline_featured_image":false,"_monsterinsights_skip_tracking":false,"_monsterinsights_sitenote_active":false,"_monsterinsights_sitenote_note":"","_monsterinsights_sitenote_category":0},"product_brand":[],"product_cat":[16],"product_tag":[],"class_list":{"0":"post-249798","1":"product","2":"type-product","3":"status-publish","4":"has-post-thumbnail","6":"product_cat-sense-categoria","8":"first","9":"instock","10":"taxable","11":"shipping-taxable","12":"purchasable","13":"product-type-simple"},"acf":{"autor":"TORIYAMA, AKIRA","codart":"841630896","libros-coleccion":"","ediciones":"1","encuadernacion":"R\u00fastica","fecha_de_publicacion":"01\/09\/2015","novedad":"0","paginas":"140","subtitulo":"","orden":"999","portada":"0","idioma":"cat","editorial":[{"ID":8264,"post_author":"3","post_date":"2022-09-30 09:21:35","post_date_gmt":"2022-09-30 07:21:35","post_content":"","post_title":"PLANETA EDITORIAL","post_excerpt":"","post_status":"publish","comment_status":"closed","ping_status":"closed","post_password":"","post_name":"planeta-editorial-2","to_ping":"","pinged":"","post_modified":"2022-09-30 09:21:35","post_modified_gmt":"2022-09-30 07:21:35","post_content_filtered":"","post_parent":0,"guid":"http:\/\/dev.claret.cat\/editorial\/planeta-editorial-2\/","menu_order":0,"post_type":"editorial","post_mime_type":"","comment_count":"0","filter":"raw"}],"autores-libros":[{"ID":149322,"post_author":"3","post_date":"2022-10-14 14:23:56","post_date_gmt":"2022-10-14 12:23:56","post_content":"","post_title":"AKIRA TORIYAMA","post_excerpt":"","post_status":"publish","comment_status":"closed","ping_status":"closed","post_password":"","post_name":"akira-toriyama","to_ping":"","pinged":"","post_modified":"2022-10-14 14:23:56","post_modified_gmt":"2022-10-14 12:23:56","post_content_filtered":"","post_parent":0,"guid":"http:\/\/dev.claret.cat\/autor\/akira-toriyama\/","menu_order":0,"post_type":"autor","post_mime_type":"","comment_count":"0","filter":"raw"}]},"aioseo_notices":[],"_links":{"self":[{"href":"https:\/\/www.claret.cat\/es\/wp-json\/wp\/v2\/product\/249798","targetHints":{"allow":["GET"]}}],"collection":[{"href":"https:\/\/www.claret.cat\/es\/wp-json\/wp\/v2\/product"}],"about":[{"href":"https:\/\/www.claret.cat\/es\/wp-json\/wp\/v2\/types\/product"}],"wp:featuredmedia":[{"embeddable":true,"href":"https:\/\/www.claret.cat\/es\/wp-json\/wp\/v2\/media\/249799"}],"wp:attachment":[{"href":"https:\/\/www.claret.cat\/es\/wp-json\/wp\/v2\/media?parent=249798"}],"wp:term":[{"taxonomy":"product_brand","embeddable":true,"href":"https:\/\/www.claret.cat\/es\/wp-json\/wp\/v2\/product_brand?post=249798"},{"taxonomy":"product_cat","embeddable":true,"href":"https:\/\/www.claret.cat\/es\/wp-json\/wp\/v2\/product_cat?post=249798"},{"taxonomy":"product_tag","embeddable":true,"href":"https:\/\/www.claret.cat\/es\/wp-json\/wp\/v2\/product_tag?post=249798"}],"curies":[{"name":"wp","href":"https:\/\/api.w.org\/{rel}","templated":true}]}}