{"id":249801,"date":"2022-10-21T08:52:28","date_gmt":"2022-10-21T06:52:28","guid":{"rendered":"http:\/\/dev.claret.cat\/producte\/bola-de-drac-z-anime-series-el-guerrers-de-lespai-no-03\/"},"modified":"2023-01-28T04:24:12","modified_gmt":"2023-01-28T03:24:12","slug":"bola-de-drac-z-anime-series-el-guerrers-de-lespai-no-03-9788416308989","status":"publish","type":"product","link":"https:\/\/www.claret.cat\/es\/libro\/bola-de-drac-z-anime-series-el-guerrers-de-lespai-no-03-9788416308989\/","title":{"rendered":"BOLA DE DRAC Z ANIME SERIES. EL GUERRERS DE L&#8221;ESPAI N\u00ba 03"},"content":{"rendered":"<p>Cinc anys despr\u00e9s de la cruenta batalla d&#8221;en Son Goku\u00a0contra\u00a0Majunior, l&#8221;altra identitat de\u00a0Satan\u00e0s Cor Petit, el m\u00f3n ha recuperat la pau. En aquest moment, arriba un home de l&#8221;espai. El seu nom \u00e9s\u00a0Raditz i assegura ser el germ\u00e0 gran d&#8221;en\u00a0Goku\u00a0i membre de la ra\u00e7a superguerrera espaial. Quin secret amaga el naixement de\u00a0Goku?\u00a0La Terra torna a estar en perill! Qu\u00e8 far\u00e0s,\u00a0Goku?\u00a0T\u00edtol original:\u00a0Dragon Ball Animes series<\/p>\n","protected":false},"excerpt":{"rendered":"<p>TORIYAMA, AKIRA<\/p>\n","protected":false},"featured_media":249802,"template":"","meta":{"_acf_changed":false,"om_disable_all_campaigns":false,"rs_blank_template":"","rs_page_bg_color":"","slide_template_v7":"","inline_featured_image":false,"_monsterinsights_skip_tracking":false,"_monsterinsights_sitenote_active":false,"_monsterinsights_sitenote_note":"","_monsterinsights_sitenote_category":0},"product_brand":[],"product_cat":[16],"product_tag":[],"class_list":{"0":"post-249801","1":"product","2":"type-product","3":"status-publish","4":"has-post-thumbnail","6":"product_cat-sense-categoria","8":"first","9":"instock","10":"taxable","11":"shipping-taxable","12":"purchasable","13":"product-type-simple"},"acf":{"autor":"TORIYAMA, AKIRA","codart":"841630898","libros-coleccion":"","ediciones":"1","encuadernacion":"R\u00fastica","fecha_de_publicacion":"01\/09\/2015","novedad":"0","paginas":"170","subtitulo":"SAGA DEL GUERRERS DE L?ESPAI","orden":"999","portada":"0","idioma":"cat","editorial":[{"ID":8264,"post_author":"3","post_date":"2022-09-30 09:21:35","post_date_gmt":"2022-09-30 07:21:35","post_content":"","post_title":"PLANETA EDITORIAL","post_excerpt":"","post_status":"publish","comment_status":"closed","ping_status":"closed","post_password":"","post_name":"planeta-editorial-2","to_ping":"","pinged":"","post_modified":"2022-09-30 09:21:35","post_modified_gmt":"2022-09-30 07:21:35","post_content_filtered":"","post_parent":0,"guid":"http:\/\/dev.claret.cat\/editorial\/planeta-editorial-2\/","menu_order":0,"post_type":"editorial","post_mime_type":"","comment_count":"0","filter":"raw"}],"autores-libros":[{"ID":149322,"post_author":"3","post_date":"2022-10-14 14:23:56","post_date_gmt":"2022-10-14 12:23:56","post_content":"","post_title":"AKIRA TORIYAMA","post_excerpt":"","post_status":"publish","comment_status":"closed","ping_status":"closed","post_password":"","post_name":"akira-toriyama","to_ping":"","pinged":"","post_modified":"2022-10-14 14:23:56","post_modified_gmt":"2022-10-14 12:23:56","post_content_filtered":"","post_parent":0,"guid":"http:\/\/dev.claret.cat\/autor\/akira-toriyama\/","menu_order":0,"post_type":"autor","post_mime_type":"","comment_count":"0","filter":"raw"}]},"aioseo_notices":[],"_links":{"self":[{"href":"https:\/\/www.claret.cat\/es\/wp-json\/wp\/v2\/product\/249801","targetHints":{"allow":["GET"]}}],"collection":[{"href":"https:\/\/www.claret.cat\/es\/wp-json\/wp\/v2\/product"}],"about":[{"href":"https:\/\/www.claret.cat\/es\/wp-json\/wp\/v2\/types\/product"}],"wp:featuredmedia":[{"embeddable":true,"href":"https:\/\/www.claret.cat\/es\/wp-json\/wp\/v2\/media\/249802"}],"wp:attachment":[{"href":"https:\/\/www.claret.cat\/es\/wp-json\/wp\/v2\/media?parent=249801"}],"wp:term":[{"taxonomy":"product_brand","embeddable":true,"href":"https:\/\/www.claret.cat\/es\/wp-json\/wp\/v2\/product_brand?post=249801"},{"taxonomy":"product_cat","embeddable":true,"href":"https:\/\/www.claret.cat\/es\/wp-json\/wp\/v2\/product_cat?post=249801"},{"taxonomy":"product_tag","embeddable":true,"href":"https:\/\/www.claret.cat\/es\/wp-json\/wp\/v2\/product_tag?post=249801"}],"curies":[{"name":"wp","href":"https:\/\/api.w.org\/{rel}","templated":true}]}}