{"id":249873,"date":"2022-10-21T08:54:28","date_gmt":"2022-10-21T06:54:28","guid":{"rendered":"http:\/\/dev.claret.cat\/producte\/maduixes-i-secrets-la-pastisseria-magica-4\/"},"modified":"2023-01-28T14:04:31","modified_gmt":"2023-01-28T13:04:31","slug":"maduixes-i-secrets-la-pastisseria-magica-4-9788420488059","status":"publish","type":"product","link":"https:\/\/www.claret.cat\/es\/libro\/maduixes-i-secrets-la-pastisseria-magica-4-9788420488059\/","title":{"rendered":"MADUIXES I SECRETS (LA PASTISSERIA M\u00c0GICA 4)"},"content":{"rendered":"<p>Pensa en els pastissos m\u00e9s bons que et puguis imaginar, afegeix-ne  una nena amb un talent especial per ficar-se en embolics i barreja-ho  amb l&#8221;aire de Brooklyn. Per\u00f2, sobretot, abans de ficar-ho al forn, tira-li un pessic de pols m\u00e0gics.La Meg vol que tothom al seu voltant estigui content, fins i tot el seu  pare, en Robert, que darrerament no fa m\u00e9s que treballar. Per sort, ella  sap quin \u00e9s el remei ideal: preparar un dol\u00e7&#8230; de l&#8221;alegria! Amb ajuda  de la Flo i d&#8221;en Theo, la Meg sortir\u00e0 a la recerca de l&#8221;ingredient m\u00e0gic.Per\u00f2 trobar-lo ser\u00e0 m\u00e9s dif\u00edcil del que preveia, i portar\u00e0 grans sorpreses&#8230; T&#8221;atreveixes a acompanyar-los?<\/p>\n","protected":false},"excerpt":{"rendered":"<p>BERELLO,ALESSANDRA<\/p>\n","protected":false},"featured_media":249874,"template":"","meta":{"_acf_changed":false,"om_disable_all_campaigns":false,"rs_blank_template":"","rs_page_bg_color":"","slide_template_v7":"","inline_featured_image":false,"_monsterinsights_skip_tracking":false,"_monsterinsights_sitenote_active":false,"_monsterinsights_sitenote_note":"","_monsterinsights_sitenote_category":0},"product_brand":[],"product_cat":[16],"product_tag":[],"class_list":{"0":"post-249873","1":"product","2":"type-product","3":"status-publish","4":"has-post-thumbnail","6":"product_cat-sense-categoria","8":"first","9":"instock","10":"taxable","11":"shipping-taxable","12":"purchasable","13":"product-type-simple"},"acf":{"autor":"BERELLO,ALESSANDRA","codart":"842048805","libros-coleccion":"","ediciones":"1","encuadernacion":"R\u00fastica","fecha_de_publicacion":"01\/09\/2015","novedad":"0","paginas":"100","subtitulo":"AMB RECEPTES DE L''ALMA OBREG\u00d3N","orden":"999","portada":"0","idioma":"cat","editorial":[{"ID":147392,"post_author":"3","post_date":"2022-10-14 11:50:13","post_date_gmt":"2022-10-14 09:50:13","post_content":"","post_title":"ALFAGUARA, EDITORIAL","post_excerpt":"","post_status":"publish","comment_status":"closed","ping_status":"closed","post_password":"","post_name":"alfaguara-editorial","to_ping":"","pinged":"","post_modified":"2022-10-14 11:50:13","post_modified_gmt":"2022-10-14 09:50:13","post_content_filtered":"","post_parent":0,"guid":"http:\/\/dev.claret.cat\/editorial\/alfaguara-editorial\/","menu_order":0,"post_type":"editorial","post_mime_type":"","comment_count":"0","filter":"raw"}]},"aioseo_notices":[],"_links":{"self":[{"href":"https:\/\/www.claret.cat\/es\/wp-json\/wp\/v2\/product\/249873","targetHints":{"allow":["GET"]}}],"collection":[{"href":"https:\/\/www.claret.cat\/es\/wp-json\/wp\/v2\/product"}],"about":[{"href":"https:\/\/www.claret.cat\/es\/wp-json\/wp\/v2\/types\/product"}],"wp:featuredmedia":[{"embeddable":true,"href":"https:\/\/www.claret.cat\/es\/wp-json\/wp\/v2\/media\/249874"}],"wp:attachment":[{"href":"https:\/\/www.claret.cat\/es\/wp-json\/wp\/v2\/media?parent=249873"}],"wp:term":[{"taxonomy":"product_brand","embeddable":true,"href":"https:\/\/www.claret.cat\/es\/wp-json\/wp\/v2\/product_brand?post=249873"},{"taxonomy":"product_cat","embeddable":true,"href":"https:\/\/www.claret.cat\/es\/wp-json\/wp\/v2\/product_cat?post=249873"},{"taxonomy":"product_tag","embeddable":true,"href":"https:\/\/www.claret.cat\/es\/wp-json\/wp\/v2\/product_tag?post=249873"}],"curies":[{"name":"wp","href":"https:\/\/api.w.org\/{rel}","templated":true}]}}